{"id":16673,"date":"2026-04-26T17:41:00","date_gmt":"2026-04-26T17:41:00","guid":{"rendered":"https:\/\/www.billard-club-sottevillais.com\/?page_id=16673"},"modified":"2026-04-26T17:41:00","modified_gmt":"2026-04-26T17:41:00","slug":"3-bandes-r2-t3-19-avril-2026","status":"publish","type":"page","link":"https:\/\/www.billard-club-sottevillais.com\/?page_id=16673","title":{"rendered":"3 Bandes R2 T3 &#8211; 19 avril 2026"},"content":{"rendered":"<p style=\"text-align: justify;\">R\u00e9sultats des Tournois, vous trouverez ici toutes les informations concernant les rencontres sportives auxquelles participe le Billard Club Sottevillais.<\/p>\n<p style=\"text-align: center;\"><!--more--><img loading=\"lazy\" decoding=\"async\" class=\"aligncenter wp-image-59 size-full\" title=\"sport\" src=\"http:\/\/www.billard-club-sottevillais.com\/wp-content\/uploads\/2011\/07\/sport.jpg\" alt=\"\" width=\"231\" height=\"116\" \/><\/p>\n<p style=\"text-align: left;\">Le 3\u00e8me tour de 3 bandes R2 s&rsquo;est d\u00e9roul\u00e9 le 19 avril 2026 au Havre. S\u00e9bastien Hid\u00e9e repr\u00e9sentait le BCS dans une poule de 4.<\/p>\n<p style=\"text-align: left;\"><strong>S\u00e9bastien<\/strong> remporte ses 3 matchs avec 3 pts de bonus. Il termine <strong>1er<\/strong> et se qualifie pour la <strong>finale d\u00e9partementale<\/strong>.<\/p>\n<p style=\"text-align: center;\"><img loading=\"lazy\" decoding=\"async\" class=\"aligncenter wp-image-16674\" src=\"http:\/\/www.billard-club-sottevillais.com\/wp-content\/uploads\/2026\/04\/Copie-de-FM-T3-3B-R2-Poule-B-HAVRE-1024x724.jpg\" alt=\"\" width=\"750\" height=\"530\" srcset=\"https:\/\/www.billard-club-sottevillais.com\/wp-content\/uploads\/2026\/04\/Copie-de-FM-T3-3B-R2-Poule-B-HAVRE-1024x724.jpg 1024w, https:\/\/www.billard-club-sottevillais.com\/wp-content\/uploads\/2026\/04\/Copie-de-FM-T3-3B-R2-Poule-B-HAVRE-300x212.jpg 300w, https:\/\/www.billard-club-sottevillais.com\/wp-content\/uploads\/2026\/04\/Copie-de-FM-T3-3B-R2-Poule-B-HAVRE-768x543.jpg 768w, https:\/\/www.billard-club-sottevillais.com\/wp-content\/uploads\/2026\/04\/Copie-de-FM-T3-3B-R2-Poule-B-HAVRE-1536x1086.jpg 1536w, https:\/\/www.billard-club-sottevillais.com\/wp-content\/uploads\/2026\/04\/Copie-de-FM-T3-3B-R2-Poule-B-HAVRE-rotated.jpg 1754w\" sizes=\"auto, (max-width: 706px) 89vw, (max-width: 767px) 82vw, 740px\" \/><\/p>\n<p style=\"text-align: center;\"><strong>Le pdf ici : <a href=\"http:\/\/www.billard-club-sottevillais.com\/wp-content\/uploads\/2026\/04\/Copie-de-FM-T3-3B-R2-Poule-B-HAVRE.pdf\">Copie de FM T3 3B R2 Poule B HAVRE<\/a><\/strong><\/p>\n\n\n<p><\/p>\n","protected":false},"excerpt":{"rendered":"<p>R\u00e9sultats des Tournois, vous trouverez ici toutes les informations concernant les rencontres sportives auxquelles participe le Billard Club Sottevillais.<\/p>\n","protected":false},"author":7,"featured_media":0,"parent":0,"menu_order":0,"comment_status":"closed","ping_status":"closed","template":"","meta":{"footnotes":""},"class_list":["post-16673","page","type-page","status-publish","hentry"],"_links":{"self":[{"href":"https:\/\/www.billard-club-sottevillais.com\/index.php?rest_route=\/wp\/v2\/pages\/16673","targetHints":{"allow":["GET"]}}],"collection":[{"href":"https:\/\/www.billard-club-sottevillais.com\/index.php?rest_route=\/wp\/v2\/pages"}],"about":[{"href":"https:\/\/www.billard-club-sottevillais.com\/index.php?rest_route=\/wp\/v2\/types\/page"}],"author":[{"embeddable":true,"href":"https:\/\/www.billard-club-sottevillais.com\/index.php?rest_route=\/wp\/v2\/users\/7"}],"replies":[{"embeddable":true,"href":"https:\/\/www.billard-club-sottevillais.com\/index.php?rest_route=%2Fwp%2Fv2%2Fcomments&post=16673"}],"version-history":[{"count":1,"href":"https:\/\/www.billard-club-sottevillais.com\/index.php?rest_route=\/wp\/v2\/pages\/16673\/revisions"}],"predecessor-version":[{"id":16676,"href":"https:\/\/www.billard-club-sottevillais.com\/index.php?rest_route=\/wp\/v2\/pages\/16673\/revisions\/16676"}],"wp:attachment":[{"href":"https:\/\/www.billard-club-sottevillais.com\/index.php?rest_route=%2Fwp%2Fv2%2Fmedia&parent=16673"}],"curies":[{"name":"wp","href":"https:\/\/api.w.org\/{rel}","templated":true}]}}