{"id":16669,"date":"2026-04-26T17:31:57","date_gmt":"2026-04-26T17:31:57","guid":{"rendered":"https:\/\/www.billard-club-sottevillais.com\/?page_id=16669"},"modified":"2026-04-26T17:31:57","modified_gmt":"2026-04-26T17:31:57","slug":"bande-r2-fd-26-avril-2026","status":"publish","type":"page","link":"https:\/\/www.billard-club-sottevillais.com\/?page_id=16669","title":{"rendered":"Bande R2 FD &#8211; 26 avril 2026"},"content":{"rendered":"<p style=\"text-align: justify;\">R\u00e9sultats des Tournois, vous trouverez ici toutes les informations concernant les rencontres sportives auxquelles participe le Billard Club Sottevillais.<\/p>\n<p style=\"text-align: center;\"><!--more--><img loading=\"lazy\" decoding=\"async\" class=\"aligncenter wp-image-59 size-full\" title=\"sport\" src=\"http:\/\/www.billard-club-sottevillais.com\/wp-content\/uploads\/2011\/07\/sport.jpg\" alt=\"\" width=\"231\" height=\"116\" \/><\/p>\n<p data-start=\"212\" data-end=\"401\">La Finale d\u00e9partementale de Bande R2 s\u2019est d\u00e9roul\u00e9 ce dimanche 26 avril 2026 \u00e0 <strong data-start=\"279\" data-end=\"308\">Oissel.<\/strong><\/p>\n<p data-start=\"212\" data-end=\"401\"><strong data-start=\"279\" data-end=\"308\">S\u00e9bastien Hid\u00e9e <\/strong>representait le <strong data-start=\"333\" data-end=\"366\">Billard Club de Sottevillais (BCS)<\/strong>\u00a0 dans cette finale \u00e0 6.<\/p>\n<p data-start=\"770\" data-end=\"820\">S\u00e9bastien termine 5<strong>\u1d49<\/strong><\/p>\n<p>&nbsp;<\/p>\n<h4 style=\"padding-left: 30px;\">Le pdf ici :\u00a0En attente<\/h4>\n","protected":false},"excerpt":{"rendered":"<p>R\u00e9sultats des Tournois, vous trouverez ici toutes les informations concernant les rencontres sportives auxquelles participe le Billard Club Sottevillais.<\/p>\n","protected":false},"author":7,"featured_media":0,"parent":0,"menu_order":0,"comment_status":"closed","ping_status":"closed","template":"","meta":{"footnotes":""},"class_list":["post-16669","page","type-page","status-publish","hentry"],"_links":{"self":[{"href":"https:\/\/www.billard-club-sottevillais.com\/index.php?rest_route=\/wp\/v2\/pages\/16669","targetHints":{"allow":["GET"]}}],"collection":[{"href":"https:\/\/www.billard-club-sottevillais.com\/index.php?rest_route=\/wp\/v2\/pages"}],"about":[{"href":"https:\/\/www.billard-club-sottevillais.com\/index.php?rest_route=\/wp\/v2\/types\/page"}],"author":[{"embeddable":true,"href":"https:\/\/www.billard-club-sottevillais.com\/index.php?rest_route=\/wp\/v2\/users\/7"}],"replies":[{"embeddable":true,"href":"https:\/\/www.billard-club-sottevillais.com\/index.php?rest_route=%2Fwp%2Fv2%2Fcomments&post=16669"}],"version-history":[{"count":1,"href":"https:\/\/www.billard-club-sottevillais.com\/index.php?rest_route=\/wp\/v2\/pages\/16669\/revisions"}],"predecessor-version":[{"id":16670,"href":"https:\/\/www.billard-club-sottevillais.com\/index.php?rest_route=\/wp\/v2\/pages\/16669\/revisions\/16670"}],"wp:attachment":[{"href":"https:\/\/www.billard-club-sottevillais.com\/index.php?rest_route=%2Fwp%2Fv2%2Fmedia&parent=16669"}],"curies":[{"name":"wp","href":"https:\/\/api.w.org\/{rel}","templated":true}]}}