{"id":16663,"date":"2026-04-26T17:26:23","date_gmt":"2026-04-26T17:26:23","guid":{"rendered":"https:\/\/www.billard-club-sottevillais.com\/?page_id=16663"},"modified":"2026-04-26T17:26:57","modified_gmt":"2026-04-26T17:26:57","slug":"5-quilles-fl-26-avril-2026","status":"publish","type":"page","link":"https:\/\/www.billard-club-sottevillais.com\/?page_id=16663","title":{"rendered":"5 Quilles &#8211; FL &#8211; 26 Avril 2026"},"content":{"rendered":"<p style=\"text-align: justify;\">R\u00e9sultats des Tournois, vous trouverez ici toutes les informations concernant les rencontres sportives auxquelles participe le Billard Club Sottevillais.<\/p>\n<p style=\"text-align: center;\"><!--more--><img loading=\"lazy\" decoding=\"async\" class=\"aligncenter wp-image-59 size-full\" title=\"sport\" src=\"http:\/\/www.billard-club-sottevillais.com\/wp-content\/uploads\/2011\/07\/sport.jpg\" alt=\"\" width=\"231\" height=\"116\" \/><\/p>\n<p data-start=\"212\" data-end=\"401\">La Finale de Normandie de 5 Quilles s\u2019est d\u00e9roul\u00e9 ce dimanche 26 avril 2026 \u00e0 <strong data-start=\"279\" data-end=\"308\">Rouen.<\/strong><br data-start=\"309\" data-end=\"312\" \/><strong data-start=\"692\" data-end=\"711\">Denis Jublot<\/strong> representait le <strong data-start=\"333\" data-end=\"366\">Billard Club de Sottevillais (BCS)<\/strong>\u00a0 dans cette finale \u00e0 4.<\/p>\n<p data-start=\"770\" data-end=\"820\">Denis ne remporte aucun match et se classe 4<strong>\u1d49<\/strong>.<\/p>\n<p><img loading=\"lazy\" decoding=\"async\" class=\"aligncenter wp-image-16664\" src=\"http:\/\/www.billard-club-sottevillais.com\/wp-content\/uploads\/2026\/04\/FM-FL-N1-5-QUILLES-a-Rouen-1024x724.jpg\" alt=\"\" width=\"750\" height=\"530\" srcset=\"https:\/\/www.billard-club-sottevillais.com\/wp-content\/uploads\/2026\/04\/FM-FL-N1-5-QUILLES-a-Rouen-1024x724.jpg 1024w, https:\/\/www.billard-club-sottevillais.com\/wp-content\/uploads\/2026\/04\/FM-FL-N1-5-QUILLES-a-Rouen-300x212.jpg 300w, https:\/\/www.billard-club-sottevillais.com\/wp-content\/uploads\/2026\/04\/FM-FL-N1-5-QUILLES-a-Rouen-768x543.jpg 768w, https:\/\/www.billard-club-sottevillais.com\/wp-content\/uploads\/2026\/04\/FM-FL-N1-5-QUILLES-a-Rouen-1536x1086.jpg 1536w, https:\/\/www.billard-club-sottevillais.com\/wp-content\/uploads\/2026\/04\/FM-FL-N1-5-QUILLES-a-Rouen-rotated.jpg 1754w\" sizes=\"auto, (max-width: 706px) 89vw, (max-width: 767px) 82vw, 740px\" \/><\/p>\n<p>&nbsp;<\/p>\n<p>&nbsp;<\/p>\n<h4 style=\"padding-left: 30px;\">Le pdf ici :\u00a0<a href=\"http:\/\/www.billard-club-sottevillais.com\/wp-content\/uploads\/2026\/04\/FM-FL-N1-5-QUILLES-a-Rouen.pdf\">FM FL N1 5 QUILLES \u00e0 Rouen<\/a><\/h4>\n","protected":false},"excerpt":{"rendered":"<p>R\u00e9sultats des Tournois, vous trouverez ici toutes les informations concernant les rencontres sportives auxquelles participe le Billard Club Sottevillais.<\/p>\n","protected":false},"author":7,"featured_media":0,"parent":0,"menu_order":0,"comment_status":"closed","ping_status":"closed","template":"","meta":{"footnotes":""},"class_list":["post-16663","page","type-page","status-publish","hentry"],"_links":{"self":[{"href":"https:\/\/www.billard-club-sottevillais.com\/index.php?rest_route=\/wp\/v2\/pages\/16663","targetHints":{"allow":["GET"]}}],"collection":[{"href":"https:\/\/www.billard-club-sottevillais.com\/index.php?rest_route=\/wp\/v2\/pages"}],"about":[{"href":"https:\/\/www.billard-club-sottevillais.com\/index.php?rest_route=\/wp\/v2\/types\/page"}],"author":[{"embeddable":true,"href":"https:\/\/www.billard-club-sottevillais.com\/index.php?rest_route=\/wp\/v2\/users\/7"}],"replies":[{"embeddable":true,"href":"https:\/\/www.billard-club-sottevillais.com\/index.php?rest_route=%2Fwp%2Fv2%2Fcomments&post=16663"}],"version-history":[{"count":2,"href":"https:\/\/www.billard-club-sottevillais.com\/index.php?rest_route=\/wp\/v2\/pages\/16663\/revisions"}],"predecessor-version":[{"id":16667,"href":"https:\/\/www.billard-club-sottevillais.com\/index.php?rest_route=\/wp\/v2\/pages\/16663\/revisions\/16667"}],"wp:attachment":[{"href":"https:\/\/www.billard-club-sottevillais.com\/index.php?rest_route=%2Fwp%2Fv2%2Fmedia&parent=16663"}],"curies":[{"name":"wp","href":"https:\/\/api.w.org\/{rel}","templated":true}]}}