{"id":16658,"date":"2026-04-26T17:17:12","date_gmt":"2026-04-26T17:17:12","guid":{"rendered":"https:\/\/www.billard-club-sottevillais.com\/?page_id=16658"},"modified":"2026-04-26T17:18:01","modified_gmt":"2026-04-26T17:18:01","slug":"bande-r1-fd-26-avril-2026","status":"publish","type":"page","link":"https:\/\/www.billard-club-sottevillais.com\/?page_id=16658","title":{"rendered":"Bande R1 FD &#8211; 26 Avril 2026"},"content":{"rendered":"<p style=\"text-align: justify;\">R\u00e9sultats des Tournois, vous trouverez ici toutes les informations concernant les rencontres sportives auxquelles participe le Billard Club Sottevillais.<\/p>\n<p style=\"text-align: center;\"><!--more--><img loading=\"lazy\" decoding=\"async\" class=\"aligncenter wp-image-59 size-full\" title=\"sport\" src=\"http:\/\/www.billard-club-sottevillais.com\/wp-content\/uploads\/2011\/07\/sport.jpg\" alt=\"\" width=\"231\" height=\"116\" \/><\/p>\n<p data-start=\"212\" data-end=\"401\">La Finale d\u00e9partementale de Bande R1 s\u2019est d\u00e9roul\u00e9 ce dimanche 26 avril 2026 \u00e0 <strong data-start=\"279\" data-end=\"308\">Sotteville-l\u00e8s-Rouen.<\/strong><br data-start=\"309\" data-end=\"312\" \/><strong data-start=\"692\" data-end=\"711\">C\u00e9dric Legendre<\/strong> et <strong data-start=\"431\" data-end=\"449\">J\u00e9r\u00f4me Staigre<\/strong> representaient le <strong data-start=\"333\" data-end=\"366\">Billard Club de Sottevillais (BCS)<\/strong>\u00a0 dans cette finale \u00e0 4.<\/p>\n<ul data-start=\"690\" data-end=\"925\">\n<li data-start=\"768\" data-end=\"820\">\n<p data-start=\"770\" data-end=\"820\">C\u00e9dric remporte 1 match et se classe <strong>3\u1d49<\/strong>.<\/p>\n<\/li>\n<li data-start=\"768\" data-end=\"820\">\n<p data-start=\"770\" data-end=\"820\">J\u00e9r\u00f4me remporte 2 victoires, il prend la <strong>2\u00e8me<\/strong><strong data-start=\"636\" data-end=\"649\">\u00a0place.<\/strong><\/p>\n<\/li>\n<li data-start=\"768\" data-end=\"820\"><strong>J\u00e9r\u00f4me<\/strong> est qualifi\u00e9 pour la <strong>finale<\/strong> de Normandie.<img loading=\"lazy\" decoding=\"async\" class=\"aligncenter wp-image-16659\" src=\"http:\/\/www.billard-club-sottevillais.com\/wp-content\/uploads\/2026\/04\/FM-FD-1-Bande-R1-Sotteville-1024x724.jpg\" alt=\"\" width=\"750\" height=\"530\" srcset=\"https:\/\/www.billard-club-sottevillais.com\/wp-content\/uploads\/2026\/04\/FM-FD-1-Bande-R1-Sotteville-1024x724.jpg 1024w, https:\/\/www.billard-club-sottevillais.com\/wp-content\/uploads\/2026\/04\/FM-FD-1-Bande-R1-Sotteville-300x212.jpg 300w, https:\/\/www.billard-club-sottevillais.com\/wp-content\/uploads\/2026\/04\/FM-FD-1-Bande-R1-Sotteville-768x543.jpg 768w, https:\/\/www.billard-club-sottevillais.com\/wp-content\/uploads\/2026\/04\/FM-FD-1-Bande-R1-Sotteville-1536x1086.jpg 1536w, https:\/\/www.billard-club-sottevillais.com\/wp-content\/uploads\/2026\/04\/FM-FD-1-Bande-R1-Sotteville-rotated.jpg 1754w\" sizes=\"auto, (max-width: 706px) 89vw, (max-width: 767px) 82vw, 740px\" \/><\/li>\n<\/ul>\n<p>&nbsp;<\/p>\n<p>&nbsp;<\/p>\n<h4 style=\"padding-left: 30px;\">Le pdf ici :\u00a0<a href=\"http:\/\/www.billard-club-sottevillais.com\/wp-content\/uploads\/2026\/04\/FM-FD-1-Bande-R1-Sotteville.pdf\">FM -FD 1 Bande R1 &#8211; Sotteville<\/a><\/h4>\n","protected":false},"excerpt":{"rendered":"<p>R\u00e9sultats des Tournois, vous trouverez ici toutes les informations concernant les rencontres sportives auxquelles participe le Billard Club Sottevillais.<\/p>\n","protected":false},"author":7,"featured_media":0,"parent":0,"menu_order":0,"comment_status":"closed","ping_status":"closed","template":"","meta":{"footnotes":""},"class_list":["post-16658","page","type-page","status-publish","hentry"],"_links":{"self":[{"href":"https:\/\/www.billard-club-sottevillais.com\/index.php?rest_route=\/wp\/v2\/pages\/16658","targetHints":{"allow":["GET"]}}],"collection":[{"href":"https:\/\/www.billard-club-sottevillais.com\/index.php?rest_route=\/wp\/v2\/pages"}],"about":[{"href":"https:\/\/www.billard-club-sottevillais.com\/index.php?rest_route=\/wp\/v2\/types\/page"}],"author":[{"embeddable":true,"href":"https:\/\/www.billard-club-sottevillais.com\/index.php?rest_route=\/wp\/v2\/users\/7"}],"replies":[{"embeddable":true,"href":"https:\/\/www.billard-club-sottevillais.com\/index.php?rest_route=%2Fwp%2Fv2%2Fcomments&post=16658"}],"version-history":[{"count":2,"href":"https:\/\/www.billard-club-sottevillais.com\/index.php?rest_route=\/wp\/v2\/pages\/16658\/revisions"}],"predecessor-version":[{"id":16662,"href":"https:\/\/www.billard-club-sottevillais.com\/index.php?rest_route=\/wp\/v2\/pages\/16658\/revisions\/16662"}],"wp:attachment":[{"href":"https:\/\/www.billard-club-sottevillais.com\/index.php?rest_route=%2Fwp%2Fv2%2Fmedia&parent=16658"}],"curies":[{"name":"wp","href":"https:\/\/api.w.org\/{rel}","templated":true}]}}