{"id":16621,"date":"2026-03-29T19:29:25","date_gmt":"2026-03-29T19:29:25","guid":{"rendered":"https:\/\/www.billard-club-sottevillais.com\/?page_id=16621"},"modified":"2026-03-29T19:29:25","modified_gmt":"2026-03-29T19:29:25","slug":"equipe-jds-f4-28-mars-2026","status":"publish","type":"page","link":"https:\/\/www.billard-club-sottevillais.com\/?page_id=16621","title":{"rendered":"\u00c9quipe JDS F4 &#8211; 28 Mars 2026"},"content":{"rendered":"<p style=\"text-align: justify;\">R\u00e9sultats des Tournois, vous trouverez ici toutes les informations concernant les rencontres sportives auxquelles participe le Billard Club Sottevillais.<\/p>\n<p style=\"text-align: center;\"><!--more--><img loading=\"lazy\" decoding=\"async\" class=\"aligncenter wp-image-59 size-full\" title=\"sport\" src=\"http:\/\/www.billard-club-sottevillais.com\/wp-content\/uploads\/2011\/07\/sport.jpg\" alt=\"\" width=\"231\" height=\"116\" \/><\/p>\n<p data-start=\"78\" data-end=\"252\">Ce samedi 28 mars 2026, notre \u00e9quipe de <strong>F\u00e9d\u00e9rale 4<\/strong>, compos\u00e9e de <strong>S\u00e9bastien Hid\u00e9e<\/strong>, <strong>Fr\u00e9d\u00e9ric Tedd<\/strong> et Xavier Sauvage, se d\u00e9pla\u00e7ait \u00e0 Rouen pour une confrontation en aller-retour.<\/p>\n<p data-start=\"254\" data-end=\"318\">Lors du match aller, <strong>Sotteville<\/strong> s\u2019incline sur le score de <strong>4 \u00e0 2<\/strong>.<\/p>\n<p data-start=\"320\" data-end=\"415\">Au match retour, <strong>Rouen<\/strong> n\u2019a laiss\u00e9 aucune chance \u00e0 notre \u00e9quipe, qui s\u2019incline lourdement <strong>6 \u00e0 0.<\/strong><\/p>\n<p data-start=\"417\" data-end=\"547\">L\u2019\u00e9quipe de <strong>Sotteville<\/strong> termine ainsi la saison \u00e0 une belle <strong>3\u1d49 place<\/strong> au classement g\u00e9n\u00e9ral, pour une premi\u00e8re participation en JDS<\/p>\n<p data-start=\"417\" data-end=\"547\"><img loading=\"lazy\" decoding=\"async\" class=\"aligncenter wp-image-16625\" src=\"http:\/\/www.billard-club-sottevillais.com\/wp-content\/uploads\/2026\/03\/JDS-F4-Rouen-Sotteville-28-03-2026-1-1024x724.jpg\" alt=\"\" width=\"750\" height=\"530\" srcset=\"https:\/\/www.billard-club-sottevillais.com\/wp-content\/uploads\/2026\/03\/JDS-F4-Rouen-Sotteville-28-03-2026-1-1024x724.jpg 1024w, https:\/\/www.billard-club-sottevillais.com\/wp-content\/uploads\/2026\/03\/JDS-F4-Rouen-Sotteville-28-03-2026-1-300x212.jpg 300w, https:\/\/www.billard-club-sottevillais.com\/wp-content\/uploads\/2026\/03\/JDS-F4-Rouen-Sotteville-28-03-2026-1-768x543.jpg 768w, https:\/\/www.billard-club-sottevillais.com\/wp-content\/uploads\/2026\/03\/JDS-F4-Rouen-Sotteville-28-03-2026-1-1536x1086.jpg 1536w, https:\/\/www.billard-club-sottevillais.com\/wp-content\/uploads\/2026\/03\/JDS-F4-Rouen-Sotteville-28-03-2026-1-rotated.jpg 1754w\" sizes=\"auto, (max-width: 706px) 89vw, (max-width: 767px) 82vw, 740px\" \/><\/p>\n<h4 style=\"padding-left: 30px;\">Le pdf ici : <a href=\"http:\/\/www.billard-club-sottevillais.com\/wp-content\/uploads\/2026\/03\/JDS-F4-Rouen-Sotteville-28-03-2026-1.pdf\">JDS F4 &#8211; Rouen-Sotteville 28-03-2026 1<\/a><\/h4>\n<p>\u00a0<\/p>\n<p><img loading=\"lazy\" decoding=\"async\" class=\"aligncenter wp-image-16626\" src=\"http:\/\/www.billard-club-sottevillais.com\/wp-content\/uploads\/2026\/03\/JDS-F4-Rouen-Sotteville-28-03-2026-2-1024x724.jpg\" alt=\"\" width=\"750\" height=\"530\" srcset=\"https:\/\/www.billard-club-sottevillais.com\/wp-content\/uploads\/2026\/03\/JDS-F4-Rouen-Sotteville-28-03-2026-2-1024x724.jpg 1024w, https:\/\/www.billard-club-sottevillais.com\/wp-content\/uploads\/2026\/03\/JDS-F4-Rouen-Sotteville-28-03-2026-2-300x212.jpg 300w, https:\/\/www.billard-club-sottevillais.com\/wp-content\/uploads\/2026\/03\/JDS-F4-Rouen-Sotteville-28-03-2026-2-768x543.jpg 768w, https:\/\/www.billard-club-sottevillais.com\/wp-content\/uploads\/2026\/03\/JDS-F4-Rouen-Sotteville-28-03-2026-2-1536x1086.jpg 1536w, https:\/\/www.billard-club-sottevillais.com\/wp-content\/uploads\/2026\/03\/JDS-F4-Rouen-Sotteville-28-03-2026-2-rotated.jpg 1754w\" sizes=\"auto, (max-width: 706px) 89vw, (max-width: 767px) 82vw, 740px\" \/><\/p>\n<h4 style=\"padding-left: 30px;\">Le pdf ici : <a href=\"http:\/\/www.billard-club-sottevillais.com\/wp-content\/uploads\/2026\/03\/JDS-F4-Rouen-Sotteville-28-03-2026-2.pdf\">JDS F4 &#8211; Rouen-Sotteville 28-03-2026 2<\/a><\/h4>\n\n\n<p><\/p>\n","protected":false},"excerpt":{"rendered":"<p>R\u00e9sultats des Tournois, vous trouverez ici toutes les informations concernant les rencontres sportives auxquelles participe le Billard Club Sottevillais.<\/p>\n","protected":false},"author":7,"featured_media":0,"parent":0,"menu_order":0,"comment_status":"closed","ping_status":"closed","template":"","meta":{"footnotes":""},"class_list":["post-16621","page","type-page","status-publish","hentry"],"_links":{"self":[{"href":"https:\/\/www.billard-club-sottevillais.com\/index.php?rest_route=\/wp\/v2\/pages\/16621","targetHints":{"allow":["GET"]}}],"collection":[{"href":"https:\/\/www.billard-club-sottevillais.com\/index.php?rest_route=\/wp\/v2\/pages"}],"about":[{"href":"https:\/\/www.billard-club-sottevillais.com\/index.php?rest_route=\/wp\/v2\/types\/page"}],"author":[{"embeddable":true,"href":"https:\/\/www.billard-club-sottevillais.com\/index.php?rest_route=\/wp\/v2\/users\/7"}],"replies":[{"embeddable":true,"href":"https:\/\/www.billard-club-sottevillais.com\/index.php?rest_route=%2Fwp%2Fv2%2Fcomments&post=16621"}],"version-history":[{"count":2,"href":"https:\/\/www.billard-club-sottevillais.com\/index.php?rest_route=\/wp\/v2\/pages\/16621\/revisions"}],"predecessor-version":[{"id":16627,"href":"https:\/\/www.billard-club-sottevillais.com\/index.php?rest_route=\/wp\/v2\/pages\/16621\/revisions\/16627"}],"wp:attachment":[{"href":"https:\/\/www.billard-club-sottevillais.com\/index.php?rest_route=%2Fwp%2Fv2%2Fmedia&parent=16621"}],"curies":[{"name":"wp","href":"https:\/\/api.w.org\/{rel}","templated":true}]}}