{"id":16619,"date":"2026-03-29T19:40:33","date_gmt":"2026-03-29T19:40:33","guid":{"rendered":"https:\/\/www.billard-club-sottevillais.com\/?page_id=16619"},"modified":"2026-03-29T19:41:24","modified_gmt":"2026-03-29T19:41:24","slug":"libre-r1-t3-29-mars-2026","status":"publish","type":"page","link":"https:\/\/www.billard-club-sottevillais.com\/?page_id=16619","title":{"rendered":"Libre R1 T3 &#8211; 29 Mars 2026"},"content":{"rendered":"<p style=\"text-align: justify;\">R\u00e9sultats des Tournois, vous trouverez ici toutes les informations concernant les rencontres sportives auxquelles participe le Billard Club Sottevillais.<\/p>\n<p style=\"text-align: center;\"><!--more--><img loading=\"lazy\" decoding=\"async\" class=\"aligncenter wp-image-59 size-full\" title=\"sport\" src=\"http:\/\/www.billard-club-sottevillais.com\/wp-content\/uploads\/2011\/07\/sport.jpg\" alt=\"\" width=\"231\" height=\"116\" \/><\/p>\n<p data-start=\"193\" data-end=\"508\">Le 3\u00e8me tour de <strong data-start=\"212\" data-end=\"224\">Libre R1<\/strong>\u00a0s\u2019est d\u00e9roul\u00e9 le <strong data-start=\"242\" data-end=\"270\">dimanche 29 mars 2026<\/strong>.<br data-start=\"271\" data-end=\"274\" \/>Les joueurs \u00e9taient r\u00e9partis en 2<strong data-start=\"306\" data-end=\"323\">\u00a0poules<\/strong> \u00e0 <strong data-start=\"336\" data-end=\"370\"> Louviers et \u00e0 Bernay<\/strong>.<br data-start=\"371\" data-end=\"374\" \/><strong>3 sottevillais<\/strong>\u00a0 repr\u00e9sentaient fi\u00e8rement le club.<\/p>\n<p data-start=\"193\" data-end=\"508\"><strong data-start=\"523\" data-end=\"562\">\u00a0 \u00a0 \u2013 Poule A \u2013 Louviers (6 joueurs)<\/strong><\/p>\n<ul>\n<li><strong data-start=\"611\" data-end=\"626\">Bruno Pierrel<\/strong> r\u00e9alise un tr\u00e8s beau parcours\u00a0avec 4<strong data-start=\"687\" data-end=\"702\"> victoires,<\/strong> il termine<strong data-start=\"687\" data-end=\"702\"> 2\u00e8me.<\/strong><\/li>\n<li><strong data-start=\"611\" data-end=\"626\">Cedric Legendre<\/strong> termine 6<strong>\u00e8me<\/strong><\/li>\n<\/ul>\n<p><strong data-start=\"825\" data-end=\"857\">\u00a0 \u00a0 \u2013 Poule B \u2013 Bernay (4 joueurs)<\/strong><\/p>\n<ul>\n<li><strong>J\u00e9r\u00f4me Staigre<\/strong> n\u2019a laiss\u00e9 aucune chance \u00e0 ses adversaires en remportant ses trois matchs, ce qui lui permet de prendre la <strong>premi\u00e8re place<\/strong>.<\/li>\n<\/ul>\n<p>J\u00e9r\u00f4me repr\u00e9sentera la BCS lors de la Finale de Ligue le 10 Mai.<\/p>\n<p><em>Poule A :\u00a0<\/em><\/p>\n<p><img loading=\"lazy\" decoding=\"async\" class=\"aligncenter wp-image-16629\" src=\"http:\/\/www.billard-club-sottevillais.com\/wp-content\/uploads\/2026\/03\/FM-T3-LR1-Louviers-Poule-A-29-03-26-1024x724.jpg\" alt=\"\" width=\"750\" height=\"530\" srcset=\"https:\/\/www.billard-club-sottevillais.com\/wp-content\/uploads\/2026\/03\/FM-T3-LR1-Louviers-Poule-A-29-03-26-1024x724.jpg 1024w, https:\/\/www.billard-club-sottevillais.com\/wp-content\/uploads\/2026\/03\/FM-T3-LR1-Louviers-Poule-A-29-03-26-300x212.jpg 300w, https:\/\/www.billard-club-sottevillais.com\/wp-content\/uploads\/2026\/03\/FM-T3-LR1-Louviers-Poule-A-29-03-26-768x543.jpg 768w, https:\/\/www.billard-club-sottevillais.com\/wp-content\/uploads\/2026\/03\/FM-T3-LR1-Louviers-Poule-A-29-03-26-1536x1086.jpg 1536w, https:\/\/www.billard-club-sottevillais.com\/wp-content\/uploads\/2026\/03\/FM-T3-LR1-Louviers-Poule-A-29-03-26-rotated.jpg 1754w\" sizes=\"auto, (max-width: 706px) 89vw, (max-width: 767px) 82vw, 740px\" \/><\/p>\n<p><em>Poule B :<\/em><\/p>\n<p>En attente de la feuille &#8230;<\/p>\n<h4 style=\"padding-left: 30px;\">Le pdf ici :\u00a0<a href=\"http:\/\/www.billard-club-sottevillais.com\/wp-content\/uploads\/2026\/03\/FM-T3-LR1-Louviers-Poule-A-29-03-26.pdf\">FM T3 LR1 Louviers Poule A 29-03-26<\/a><\/h4>\n<h4 style=\"padding-left: 30px;\">Le pdf ici : En attente &#8230;<\/h4>\n\n\n<p><\/p>\n","protected":false},"excerpt":{"rendered":"<p>R\u00e9sultats des Tournois, vous trouverez ici toutes les informations concernant les rencontres sportives auxquelles participe le Billard Club Sottevillais.<\/p>\n","protected":false},"author":7,"featured_media":0,"parent":0,"menu_order":0,"comment_status":"closed","ping_status":"closed","template":"","meta":{"footnotes":""},"class_list":["post-16619","page","type-page","status-publish","hentry"],"_links":{"self":[{"href":"https:\/\/www.billard-club-sottevillais.com\/index.php?rest_route=\/wp\/v2\/pages\/16619","targetHints":{"allow":["GET"]}}],"collection":[{"href":"https:\/\/www.billard-club-sottevillais.com\/index.php?rest_route=\/wp\/v2\/pages"}],"about":[{"href":"https:\/\/www.billard-club-sottevillais.com\/index.php?rest_route=\/wp\/v2\/types\/page"}],"author":[{"embeddable":true,"href":"https:\/\/www.billard-club-sottevillais.com\/index.php?rest_route=\/wp\/v2\/users\/7"}],"replies":[{"embeddable":true,"href":"https:\/\/www.billard-club-sottevillais.com\/index.php?rest_route=%2Fwp%2Fv2%2Fcomments&post=16619"}],"version-history":[{"count":3,"href":"https:\/\/www.billard-club-sottevillais.com\/index.php?rest_route=\/wp\/v2\/pages\/16619\/revisions"}],"predecessor-version":[{"id":16632,"href":"https:\/\/www.billard-club-sottevillais.com\/index.php?rest_route=\/wp\/v2\/pages\/16619\/revisions\/16632"}],"wp:attachment":[{"href":"https:\/\/www.billard-club-sottevillais.com\/index.php?rest_route=%2Fwp%2Fv2%2Fmedia&parent=16619"}],"curies":[{"name":"wp","href":"https:\/\/api.w.org\/{rel}","templated":true}]}}