{"id":16591,"date":"2026-03-15T18:44:42","date_gmt":"2026-03-15T18:44:42","guid":{"rendered":"https:\/\/www.billard-club-sottevillais.com\/?page_id=16591"},"modified":"2026-03-15T18:51:32","modified_gmt":"2026-03-15T18:51:32","slug":"bande-r1-t3-15-mars-2026","status":"publish","type":"page","link":"https:\/\/www.billard-club-sottevillais.com\/?page_id=16591","title":{"rendered":"Bande R1 T3 &#8211; 15 mars 2026"},"content":{"rendered":"<p style=\"text-align: justify;\">R\u00e9sultats des Tournois, vous trouverez ici toutes les informations concernant les rencontres sportives auxquelles participe le Billard Club Sottevillais.<\/p>\n<p style=\"text-align: center;\"><!--more--><img loading=\"lazy\" decoding=\"async\" class=\"aligncenter wp-image-59 size-full\" title=\"sport\" src=\"http:\/\/www.billard-club-sottevillais.com\/wp-content\/uploads\/2011\/07\/sport.jpg\" alt=\"\" width=\"231\" height=\"116\" \/><\/p>\n<p data-start=\"212\" data-end=\"401\">Le 3\u00e8me tour de Bande R1 s\u2019est d\u00e9roul\u00e9 ce dimanche 15 mars 2026 \u00e0 <strong data-start=\"279\" data-end=\"308\">Rouen.<\/strong><br data-start=\"309\" data-end=\"312\" \/>Nos repr\u00e9sentants du <strong data-start=\"333\" data-end=\"366\">Billard Club de Sottevillais (BCS)<\/strong> \u00e9taient r\u00e9partis dans deux poules.<\/p>\n<p data-start=\"403\" data-end=\"428\"><strong data-start=\"403\" data-end=\"426\">Poule A (4 joueurs)<\/strong><\/p>\n<ul data-start=\"429\" data-end=\"662\">\n<li data-start=\"429\" data-end=\"495\">\n<p data-start=\"431\" data-end=\"495\"><strong data-start=\"431\" data-end=\"449\">Alain Rachet<\/strong> et <strong data-start=\"453\" data-end=\"470\">Bruno Pierrel<\/strong> repr\u00e9sentaient le BCS.<\/p>\n<\/li>\n<li data-start=\"429\" data-end=\"495\">\n<p data-start=\"431\" data-end=\"495\">Alain gagne 1 match et se classe <strong>3\u1d49<\/strong>.<\/p>\n<\/li>\n<li data-start=\"429\" data-end=\"495\">\n<p data-start=\"431\" data-end=\"495\">Bruno r\u00e9alise un sans-faute en remportant ses 3 matchs et prend la <strong data-start=\"636\" data-end=\"649\">1\u02b3\u1d49 place<\/strong> du groupe.<\/p>\n<\/li>\n<\/ul>\n<p data-start=\"664\" data-end=\"689\"><strong data-start=\"664\" data-end=\"687\">Poule B (4 joueurs)<\/strong><\/p>\n<ul data-start=\"690\" data-end=\"925\">\n<li data-start=\"690\" data-end=\"767\">\n<p data-start=\"692\" data-end=\"767\"><strong data-start=\"692\" data-end=\"711\">C\u00e9dric Legendre<\/strong> et <strong data-start=\"431\" data-end=\"449\">J\u00e9r\u00f4me Staigre<\/strong> \u00e9taient engag\u00e9s dans cette poule.<\/p>\n<\/li>\n<li data-start=\"768\" data-end=\"820\">\n<p data-start=\"770\" data-end=\"820\">C\u00e9dric remporte 1 match avec le pt de bonus et se classe <strong>3\u1d49<\/strong>.<\/p>\n<\/li>\n<li data-start=\"768\" data-end=\"820\">\n<p data-start=\"770\" data-end=\"820\">J\u00e9r\u00f4me remporte 2 victoires avec un point de bonus, il prend la <strong data-start=\"636\" data-end=\"649\">1\u02b3\u1d49 place.<\/strong><\/p>\n<\/li>\n<li data-start=\"768\" data-end=\"820\"><strong>C\u00e9dric et J\u00e9r\u00f4me<\/strong> sont qualifi\u00e9s pour la <strong>finale<\/strong> d\u00e9partementale<\/li>\n<\/ul>\n<p>Poule A,<\/p>\n<p><img loading=\"lazy\" decoding=\"async\" class=\"aligncenter wp-image-16592\" src=\"http:\/\/www.billard-club-sottevillais.com\/wp-content\/uploads\/2026\/03\/FM-T3-1-Bande-R1-Rouen-Poule-A-15.03.2026-1024x724.jpg\" alt=\"\" width=\"750\" height=\"530\" srcset=\"https:\/\/www.billard-club-sottevillais.com\/wp-content\/uploads\/2026\/03\/FM-T3-1-Bande-R1-Rouen-Poule-A-15.03.2026-1024x724.jpg 1024w, https:\/\/www.billard-club-sottevillais.com\/wp-content\/uploads\/2026\/03\/FM-T3-1-Bande-R1-Rouen-Poule-A-15.03.2026-300x212.jpg 300w, https:\/\/www.billard-club-sottevillais.com\/wp-content\/uploads\/2026\/03\/FM-T3-1-Bande-R1-Rouen-Poule-A-15.03.2026-768x543.jpg 768w, https:\/\/www.billard-club-sottevillais.com\/wp-content\/uploads\/2026\/03\/FM-T3-1-Bande-R1-Rouen-Poule-A-15.03.2026-1536x1086.jpg 1536w, https:\/\/www.billard-club-sottevillais.com\/wp-content\/uploads\/2026\/03\/FM-T3-1-Bande-R1-Rouen-Poule-A-15.03.2026-rotated.jpg 1754w\" sizes=\"auto, (max-width: 706px) 89vw, (max-width: 767px) 82vw, 740px\" \/><\/p>\n<p>Poule B,<\/p>\n<p><img loading=\"lazy\" decoding=\"async\" class=\"aligncenter wp-image-16593\" src=\"http:\/\/www.billard-club-sottevillais.com\/wp-content\/uploads\/2026\/03\/FM-T3-1-Bande-R1-Rouen-Poule-B-15.03.2026-1024x724.jpg\" alt=\"\" width=\"750\" height=\"530\" srcset=\"https:\/\/www.billard-club-sottevillais.com\/wp-content\/uploads\/2026\/03\/FM-T3-1-Bande-R1-Rouen-Poule-B-15.03.2026-1024x724.jpg 1024w, https:\/\/www.billard-club-sottevillais.com\/wp-content\/uploads\/2026\/03\/FM-T3-1-Bande-R1-Rouen-Poule-B-15.03.2026-300x212.jpg 300w, https:\/\/www.billard-club-sottevillais.com\/wp-content\/uploads\/2026\/03\/FM-T3-1-Bande-R1-Rouen-Poule-B-15.03.2026-768x543.jpg 768w, https:\/\/www.billard-club-sottevillais.com\/wp-content\/uploads\/2026\/03\/FM-T3-1-Bande-R1-Rouen-Poule-B-15.03.2026-1536x1086.jpg 1536w, https:\/\/www.billard-club-sottevillais.com\/wp-content\/uploads\/2026\/03\/FM-T3-1-Bande-R1-Rouen-Poule-B-15.03.2026-rotated.jpg 1754w\" sizes=\"auto, (max-width: 706px) 89vw, (max-width: 767px) 82vw, 740px\" \/><\/p>\n<h4 style=\"padding-left: 30px;\">Le pdf ici :<a href=\"http:\/\/www.billard-club-sottevillais.com\/wp-content\/uploads\/2026\/03\/FM-T3-1-Bande-R1-Rouen-Poule-A-15.03.2026.pdf\"> FM T3 &#8211; 1 Bande R1 Rouen Poule A 15.03.2026<\/a><\/h4>\n<h4 style=\"padding-left: 30px;\">Le pdf ici :<a href=\"http:\/\/www.billard-club-sottevillais.com\/wp-content\/uploads\/2026\/03\/FM-T3-1-Bande-R1-Rouen-Poule-B-15.03.2026.pdf\"> FM T3 &#8211; 1 Bande R1 Rouen Poule B 15.03.2026<\/a><\/h4>\n<p>n<\/p>\n","protected":false},"excerpt":{"rendered":"<p>R\u00e9sultats des Tournois, vous trouverez ici toutes les informations concernant les rencontres sportives auxquelles participe le Billard Club Sottevillais.<\/p>\n","protected":false},"author":7,"featured_media":0,"parent":0,"menu_order":0,"comment_status":"closed","ping_status":"closed","template":"","meta":{"footnotes":""},"class_list":["post-16591","page","type-page","status-publish","hentry"],"_links":{"self":[{"href":"https:\/\/www.billard-club-sottevillais.com\/index.php?rest_route=\/wp\/v2\/pages\/16591","targetHints":{"allow":["GET"]}}],"collection":[{"href":"https:\/\/www.billard-club-sottevillais.com\/index.php?rest_route=\/wp\/v2\/pages"}],"about":[{"href":"https:\/\/www.billard-club-sottevillais.com\/index.php?rest_route=\/wp\/v2\/types\/page"}],"author":[{"embeddable":true,"href":"https:\/\/www.billard-club-sottevillais.com\/index.php?rest_route=\/wp\/v2\/users\/7"}],"replies":[{"embeddable":true,"href":"https:\/\/www.billard-club-sottevillais.com\/index.php?rest_route=%2Fwp%2Fv2%2Fcomments&post=16591"}],"version-history":[{"count":5,"href":"https:\/\/www.billard-club-sottevillais.com\/index.php?rest_route=\/wp\/v2\/pages\/16591\/revisions"}],"predecessor-version":[{"id":16603,"href":"https:\/\/www.billard-club-sottevillais.com\/index.php?rest_route=\/wp\/v2\/pages\/16591\/revisions\/16603"}],"wp:attachment":[{"href":"https:\/\/www.billard-club-sottevillais.com\/index.php?rest_route=%2Fwp%2Fv2%2Fmedia&parent=16591"}],"curies":[{"name":"wp","href":"https:\/\/api.w.org\/{rel}","templated":true}]}}