{"id":16585,"date":"2026-03-15T18:32:33","date_gmt":"2026-03-15T18:32:33","guid":{"rendered":"https:\/\/www.billard-club-sottevillais.com\/?page_id=16585"},"modified":"2026-03-15T18:49:47","modified_gmt":"2026-03-15T18:49:47","slug":"bande-r2-t3-15-mars-2026","status":"publish","type":"page","link":"https:\/\/www.billard-club-sottevillais.com\/?page_id=16585","title":{"rendered":"Bande R2 T3 &#8211; 15 mars 2026"},"content":{"rendered":"<p style=\"text-align: justify;\">R\u00e9sultats des Tournois, vous trouverez ici toutes les informations concernant les rencontres sportives auxquelles participe le Billard Club Sottevillais.<\/p>\n<p style=\"text-align: center;\"><!--more--><img loading=\"lazy\" decoding=\"async\" class=\"aligncenter wp-image-59 size-full\" title=\"sport\" src=\"http:\/\/www.billard-club-sottevillais.com\/wp-content\/uploads\/2011\/07\/sport.jpg\" alt=\"\" width=\"231\" height=\"116\" \/><\/p>\n<p data-start=\"212\" data-end=\"401\">Le 3\u00e8me tour de Bande R2 s\u2019est d\u00e9roul\u00e9 ce dimanche 15 mars \u00e0 <strong>Oissel<\/strong> et <strong>Sotteville-les-Rouen.<\/strong><br data-start=\"309\" data-end=\"312\" \/>Marc Goudard et S\u00e9bastien Hid\u00e9\u00e9 repr\u00e9sentaient le <strong>Billard Club de Sottevillais (<\/strong>BCS) dans la poule C.<\/p>\n<ul data-start=\"429\" data-end=\"662\">\n<li data-start=\"429\" data-end=\"495\">\n<p data-start=\"431\" data-end=\"495\">Marc s\u2019incline lors de ses trois rencontres et termine 4<strong data-start=\"553\" data-end=\"559\">\u1d49<\/strong>.<\/p>\n<\/li>\n<li data-start=\"429\" data-end=\"495\">\n<p data-start=\"431\" data-end=\"495\">S\u00e9bastien avec 2 victoire et 1 d\u00e9faite finit 2\u00e8me. Il est qualifi\u00e9 pour la finale d\u00e9partementale<\/p>\n<\/li>\n<li style=\"list-style-type: none;\"><\/li>\n<\/ul>\n<p>Poule C,<\/p>\n<p><img loading=\"lazy\" decoding=\"async\" class=\"aligncenter wp-image-16586\" src=\"http:\/\/www.billard-club-sottevillais.com\/wp-content\/uploads\/2026\/03\/FM-T3-1-Bande-R2-Sotteville-Poule-C-15.03.2026-1024x724.jpg\" alt=\"\" width=\"750\" height=\"530\" srcset=\"https:\/\/www.billard-club-sottevillais.com\/wp-content\/uploads\/2026\/03\/FM-T3-1-Bande-R2-Sotteville-Poule-C-15.03.2026-1024x724.jpg 1024w, https:\/\/www.billard-club-sottevillais.com\/wp-content\/uploads\/2026\/03\/FM-T3-1-Bande-R2-Sotteville-Poule-C-15.03.2026-300x212.jpg 300w, https:\/\/www.billard-club-sottevillais.com\/wp-content\/uploads\/2026\/03\/FM-T3-1-Bande-R2-Sotteville-Poule-C-15.03.2026-768x543.jpg 768w, https:\/\/www.billard-club-sottevillais.com\/wp-content\/uploads\/2026\/03\/FM-T3-1-Bande-R2-Sotteville-Poule-C-15.03.2026-1536x1086.jpg 1536w, https:\/\/www.billard-club-sottevillais.com\/wp-content\/uploads\/2026\/03\/FM-T3-1-Bande-R2-Sotteville-Poule-C-15.03.2026-rotated.jpg 1754w\" sizes=\"auto, (max-width: 706px) 89vw, (max-width: 767px) 82vw, 740px\" \/><\/p>\n<h4 style=\"padding-left: 30px;\">Le pdf ici : <a href=\"http:\/\/www.billard-club-sottevillais.com\/wp-content\/uploads\/2026\/03\/FM-T3-1-Bande-R2-Sotteville-Poule-C-15.03.2026.pdf\">FM T3 &#8211; 1 Bande R2 Sotteville Poule C 15.03.2026<\/a><\/h4>\n","protected":false},"excerpt":{"rendered":"<p>R\u00e9sultats des Tournois, vous trouverez ici toutes les informations concernant les rencontres sportives auxquelles participe le Billard Club Sottevillais.<\/p>\n","protected":false},"author":7,"featured_media":0,"parent":0,"menu_order":0,"comment_status":"closed","ping_status":"closed","template":"","meta":{"footnotes":""},"class_list":["post-16585","page","type-page","status-publish","hentry"],"_links":{"self":[{"href":"https:\/\/www.billard-club-sottevillais.com\/index.php?rest_route=\/wp\/v2\/pages\/16585","targetHints":{"allow":["GET"]}}],"collection":[{"href":"https:\/\/www.billard-club-sottevillais.com\/index.php?rest_route=\/wp\/v2\/pages"}],"about":[{"href":"https:\/\/www.billard-club-sottevillais.com\/index.php?rest_route=\/wp\/v2\/types\/page"}],"author":[{"embeddable":true,"href":"https:\/\/www.billard-club-sottevillais.com\/index.php?rest_route=\/wp\/v2\/users\/7"}],"replies":[{"embeddable":true,"href":"https:\/\/www.billard-club-sottevillais.com\/index.php?rest_route=%2Fwp%2Fv2%2Fcomments&post=16585"}],"version-history":[{"count":3,"href":"https:\/\/www.billard-club-sottevillais.com\/index.php?rest_route=\/wp\/v2\/pages\/16585\/revisions"}],"predecessor-version":[{"id":16590,"href":"https:\/\/www.billard-club-sottevillais.com\/index.php?rest_route=\/wp\/v2\/pages\/16585\/revisions\/16590"}],"wp:attachment":[{"href":"https:\/\/www.billard-club-sottevillais.com\/index.php?rest_route=%2Fwp%2Fv2%2Fmedia&parent=16585"}],"curies":[{"name":"wp","href":"https:\/\/api.w.org\/{rel}","templated":true}]}}