{"id":16442,"date":"2026-02-22T09:48:01","date_gmt":"2026-02-22T09:48:01","guid":{"rendered":"https:\/\/www.billard-club-sottevillais.com\/?page_id=16442"},"modified":"2026-02-22T09:48:01","modified_gmt":"2026-02-22T09:48:01","slug":"4-billes-r2-t2-21-fevrier-2026","status":"publish","type":"page","link":"https:\/\/www.billard-club-sottevillais.com\/?page_id=16442","title":{"rendered":"4 Billes R2 T2 &#8211; 21 f\u00e9vrier 2026"},"content":{"rendered":"<p style=\"text-align: justify;\">R\u00e9sultats des Tournois, vous trouverez ici toutes les informations concernant les rencontres sportives auxquelles participe le Billard Club Sottevillais.<\/p>\n<p style=\"text-align: center;\"><!--more--><img loading=\"lazy\" decoding=\"async\" class=\"aligncenter wp-image-59 size-full\" title=\"sport\" src=\"http:\/\/www.billard-club-sottevillais.com\/wp-content\/uploads\/2011\/07\/sport.jpg\" alt=\"\" width=\"231\" height=\"116\" \/><\/p>\n<p style=\"text-align: justify;\">Le 2\u00e8me tour de <strong>4 Billes R2<\/strong> s&rsquo;est d\u00e9roul\u00e9 le 21 F\u00e9vrier 2026.<\/p>\n<p style=\"text-align: justify;\"><strong>Francine Burgot<\/strong> repr\u00e9sentait le <strong>Billard Club Sottevillais<\/strong> dans la poule C \u00e0 Rouen (3 joueurs).<\/p>\n<p style=\"text-align: justify;\">Dans la poule C, Francine gagne ses 2 matchs. Elle termine <strong>1er<\/strong>.<\/p>\n<p><em>Poule C,<\/em><\/p>\n<p><img loading=\"lazy\" decoding=\"async\" class=\"aligncenter wp-image-16443\" src=\"http:\/\/www.billard-club-sottevillais.com\/wp-content\/uploads\/2026\/02\/FM-T2-4-Billes-R2-Poule-C-Rouen-1024x724.jpg\" alt=\"\" width=\"750\" height=\"530\" srcset=\"https:\/\/www.billard-club-sottevillais.com\/wp-content\/uploads\/2026\/02\/FM-T2-4-Billes-R2-Poule-C-Rouen-1024x724.jpg 1024w, https:\/\/www.billard-club-sottevillais.com\/wp-content\/uploads\/2026\/02\/FM-T2-4-Billes-R2-Poule-C-Rouen-300x212.jpg 300w, https:\/\/www.billard-club-sottevillais.com\/wp-content\/uploads\/2026\/02\/FM-T2-4-Billes-R2-Poule-C-Rouen-768x543.jpg 768w, https:\/\/www.billard-club-sottevillais.com\/wp-content\/uploads\/2026\/02\/FM-T2-4-Billes-R2-Poule-C-Rouen-1536x1086.jpg 1536w, https:\/\/www.billard-club-sottevillais.com\/wp-content\/uploads\/2026\/02\/FM-T2-4-Billes-R2-Poule-C-Rouen-rotated.jpg 1754w\" sizes=\"auto, (max-width: 706px) 89vw, (max-width: 767px) 82vw, 740px\" \/><\/p>\n<h4 style=\"padding-left: 30px;\">Le pdf ici : <a href=\"http:\/\/www.billard-club-sottevillais.com\/wp-content\/uploads\/2026\/02\/FM-T2-4-Billes-R2-Poule-C-Rouen.pdf\">FM T2 4 Billes R2 Poule C Rouen<\/a><\/h4>\n","protected":false},"excerpt":{"rendered":"<p>R\u00e9sultats des Tournois, vous trouverez ici toutes les informations concernant les rencontres sportives auxquelles participe le Billard Club Sottevillais.<\/p>\n","protected":false},"author":7,"featured_media":0,"parent":0,"menu_order":0,"comment_status":"closed","ping_status":"closed","template":"","meta":{"footnotes":""},"class_list":["post-16442","page","type-page","status-publish","hentry"],"_links":{"self":[{"href":"https:\/\/www.billard-club-sottevillais.com\/index.php?rest_route=\/wp\/v2\/pages\/16442","targetHints":{"allow":["GET"]}}],"collection":[{"href":"https:\/\/www.billard-club-sottevillais.com\/index.php?rest_route=\/wp\/v2\/pages"}],"about":[{"href":"https:\/\/www.billard-club-sottevillais.com\/index.php?rest_route=\/wp\/v2\/types\/page"}],"author":[{"embeddable":true,"href":"https:\/\/www.billard-club-sottevillais.com\/index.php?rest_route=\/wp\/v2\/users\/7"}],"replies":[{"embeddable":true,"href":"https:\/\/www.billard-club-sottevillais.com\/index.php?rest_route=%2Fwp%2Fv2%2Fcomments&post=16442"}],"version-history":[{"count":2,"href":"https:\/\/www.billard-club-sottevillais.com\/index.php?rest_route=\/wp\/v2\/pages\/16442\/revisions"}],"predecessor-version":[{"id":16446,"href":"https:\/\/www.billard-club-sottevillais.com\/index.php?rest_route=\/wp\/v2\/pages\/16442\/revisions\/16446"}],"wp:attachment":[{"href":"https:\/\/www.billard-club-sottevillais.com\/index.php?rest_route=%2Fwp%2Fv2%2Fmedia&parent=16442"}],"curies":[{"name":"wp","href":"https:\/\/api.w.org\/{rel}","templated":true}]}}