{"id":16417,"date":"2026-02-15T15:01:31","date_gmt":"2026-02-15T15:01:31","guid":{"rendered":"https:\/\/www.billard-club-sottevillais.com\/?page_id=16417"},"modified":"2026-02-15T15:01:31","modified_gmt":"2026-02-15T15:01:31","slug":"finale-de-normandie-cadre-n3-42-2-15-fevrier-2026","status":"publish","type":"page","link":"https:\/\/www.billard-club-sottevillais.com\/?page_id=16417","title":{"rendered":"Finale de Normandie Cadre N3 42\/2 &#8211; 15 F\u00e9vrier 2026"},"content":{"rendered":"<div class=\"flex max-w-full flex-col grow\">\n<div class=\"min-h-8 text-message relative flex w-full flex-col items-end gap-2 text-start break-words whitespace-normal [.text-message+&amp;]:mt-1\" dir=\"auto\" data-message-author-role=\"assistant\" data-message-id=\"566b3dc9-ce9a-4708-bbcf-2a16a7036576\" data-message-model-slug=\"gpt-5-2\">\n<div class=\"flex w-full flex-col gap-1 empty:hidden first:pt-[1px]\">\n<div class=\"markdown prose dark:prose-invert w-full wrap-break-word light markdown-new-styling\">\n<p data-start=\"0\" data-end=\"123\">Le <strong data-start=\"3\" data-end=\"22\">15 f\u00e9vrier 2026<\/strong>, s\u2019est d\u00e9roul\u00e9e \u00e0 <span class=\"hover:entity-accent entity-underline inline cursor-pointer align-baseline\"><span class=\"whitespace-normal\">Pacy-sur-Eure<\/span><\/span> la Finale de Normandie au <strong data-start=\"105\" data-end=\"122\">Cadre 42\/2 N3<\/strong>.<\/p>\n<p data-start=\"125\" data-end=\"315\">Le <span class=\"hover:entity-accent entity-underline inline cursor-pointer align-baseline\"><span class=\"whitespace-normal\">Billard Club Sottevillais<\/span><\/span> (BCS) \u00e9tait repr\u00e9sent\u00e9 par <strong data-start=\"193\" data-end=\"214\">Jacques Alexandre<\/strong>, engag\u00e9 dans une finale \u00e0 quatre joueurs, disput\u00e9e sur la distance de <strong data-start=\"285\" data-end=\"314\">120 points ou 20 reprises<\/strong>.<\/p>\n<h3 data-start=\"317\" data-end=\"357\"><strong>Une finale particuli\u00e8rement disput\u00e9e\u00a0<\/strong><\/h3>\n<p data-start=\"359\" data-end=\"470\">La comp\u00e9tition a \u00e9t\u00e9 extr\u00eamement serr\u00e9e :<br data-start=\"400\" data-end=\"403\" \/>trois joueurs, dont Jacques, ont remport\u00e9 <strong data-start=\"445\" data-end=\"467\">deux matchs chacun<\/strong>.<\/p>\n<p data-start=\"472\" data-end=\"647\">Ils ont donc \u00e9t\u00e9 d\u00e9partag\u00e9s \u00e0 la <strong data-start=\"505\" data-end=\"525\">moyenne g\u00e9n\u00e9rale<\/strong>.<br data-start=\"526\" data-end=\"529\" \/>Les trois comp\u00e9titeurs se tenaient dans un mouchoir de poche, avec seulement <strong data-start=\"606\" data-end=\"645\">trois dixi\u00e8me de moyenne d\u2019\u00e9cart<\/strong> !<\/p>\n<p data-start=\"649\" data-end=\"715\">Gr\u00e2ce \u00e0 la <strong data-start=\"660\" data-end=\"681\">meilleure moyenne<\/strong>, Jacques prend la premi\u00e8re place.<\/p>\n<h3 data-start=\"717\" data-end=\"771\">\ud83c\udfc6 Jacques Alexandre est Champion de Normandie !<\/h3>\n<p data-start=\"773\" data-end=\"875\" data-is-last-node=\"\" data-is-only-node=\"\">F\u00e9licitations \u00e0 lui pour cette superbe performance et bravo pour avoir port\u00e9 haut les couleurs du BCS.<\/p>\n<\/div>\n<\/div>\n<\/div>\n<\/div>\n<p><img loading=\"lazy\" decoding=\"async\" class=\"aligncenter wp-image-16421\" src=\"http:\/\/www.billard-club-sottevillais.com\/wp-content\/uploads\/2026\/02\/FM-FL-Cadre-N3-Pacy-15.02.2026-1024x724.jpg\" alt=\"\" width=\"750\" height=\"530\" srcset=\"https:\/\/www.billard-club-sottevillais.com\/wp-content\/uploads\/2026\/02\/FM-FL-Cadre-N3-Pacy-15.02.2026-1024x724.jpg 1024w, https:\/\/www.billard-club-sottevillais.com\/wp-content\/uploads\/2026\/02\/FM-FL-Cadre-N3-Pacy-15.02.2026-300x212.jpg 300w, https:\/\/www.billard-club-sottevillais.com\/wp-content\/uploads\/2026\/02\/FM-FL-Cadre-N3-Pacy-15.02.2026-768x543.jpg 768w, https:\/\/www.billard-club-sottevillais.com\/wp-content\/uploads\/2026\/02\/FM-FL-Cadre-N3-Pacy-15.02.2026-1536x1086.jpg 1536w, https:\/\/www.billard-club-sottevillais.com\/wp-content\/uploads\/2026\/02\/FM-FL-Cadre-N3-Pacy-15.02.2026-rotated.jpg 1754w\" sizes=\"auto, (max-width: 706px) 89vw, (max-width: 767px) 82vw, 740px\" \/><\/p>\n<p><strong>Le PDF ici : <a href=\"http:\/\/www.billard-club-sottevillais.com\/wp-content\/uploads\/2026\/02\/FM-FL-Cadre-N3-Pacy-15.02.2026.pdf\">FM FL Cadre N3 Pacy 15.02.2026<\/a><\/strong><\/p>\n","protected":false},"excerpt":{"rendered":"<p>Le 15 f\u00e9vrier 2026, s\u2019est d\u00e9roul\u00e9e \u00e0 Pacy-sur-Eure la Finale de Normandie au Cadre 42\/2 N3. Le Billard Club Sottevillais (BCS) \u00e9tait repr\u00e9sent\u00e9 par Jacques Alexandre, engag\u00e9 dans une finale \u00e0 quatre joueurs, disput\u00e9e sur la distance de 120 points ou 20 reprises. Une finale particuli\u00e8rement disput\u00e9e\u00a0 La comp\u00e9tition a \u00e9t\u00e9 extr\u00eamement serr\u00e9e :trois joueurs, &hellip; <\/p>\n<p class=\"link-more\"><a href=\"https:\/\/www.billard-club-sottevillais.com\/?page_id=16417\" class=\"more-link\">Continuer la lecture<span class=\"screen-reader-text\"> de &laquo;&nbsp;Finale de Normandie Cadre N3 42\/2 &#8211; 15 F\u00e9vrier 2026&nbsp;&raquo;<\/span><\/a><\/p>\n","protected":false},"author":7,"featured_media":0,"parent":0,"menu_order":0,"comment_status":"closed","ping_status":"closed","template":"","meta":{"footnotes":""},"class_list":["post-16417","page","type-page","status-publish","hentry"],"_links":{"self":[{"href":"https:\/\/www.billard-club-sottevillais.com\/index.php?rest_route=\/wp\/v2\/pages\/16417","targetHints":{"allow":["GET"]}}],"collection":[{"href":"https:\/\/www.billard-club-sottevillais.com\/index.php?rest_route=\/wp\/v2\/pages"}],"about":[{"href":"https:\/\/www.billard-club-sottevillais.com\/index.php?rest_route=\/wp\/v2\/types\/page"}],"author":[{"embeddable":true,"href":"https:\/\/www.billard-club-sottevillais.com\/index.php?rest_route=\/wp\/v2\/users\/7"}],"replies":[{"embeddable":true,"href":"https:\/\/www.billard-club-sottevillais.com\/index.php?rest_route=%2Fwp%2Fv2%2Fcomments&post=16417"}],"version-history":[{"count":2,"href":"https:\/\/www.billard-club-sottevillais.com\/index.php?rest_route=\/wp\/v2\/pages\/16417\/revisions"}],"predecessor-version":[{"id":16423,"href":"https:\/\/www.billard-club-sottevillais.com\/index.php?rest_route=\/wp\/v2\/pages\/16417\/revisions\/16423"}],"wp:attachment":[{"href":"https:\/\/www.billard-club-sottevillais.com\/index.php?rest_route=%2Fwp%2Fv2%2Fmedia&parent=16417"}],"curies":[{"name":"wp","href":"https:\/\/api.w.org\/{rel}","templated":true}]}}