{"id":16407,"date":"2026-02-14T18:28:35","date_gmt":"2026-02-14T18:28:35","guid":{"rendered":"https:\/\/www.billard-club-sottevillais.com\/?page_id=16407"},"modified":"2026-02-14T18:34:30","modified_gmt":"2026-02-14T18:34:30","slug":"equipe-jds-f4-14-fevrier-2026","status":"publish","type":"page","link":"https:\/\/www.billard-club-sottevillais.com\/?page_id=16407","title":{"rendered":"Equipe JDS F4 &#8211; 14 f\u00e9vrier 2026"},"content":{"rendered":"<p style=\"text-align: justify;\">R\u00e9sultats des Tournois, vous trouverez ici toutes les informations concernant les rencontres sportives auxquelles participe le Billard Club Sottevillais.<\/p>\n<p style=\"text-align: center;\"><!--more--><img loading=\"lazy\" decoding=\"async\" class=\"aligncenter wp-image-59 size-full\" title=\"sport\" src=\"http:\/\/www.billard-club-sottevillais.com\/wp-content\/uploads\/2011\/07\/sport.jpg\" alt=\"\" width=\"231\" height=\"116\" \/><\/p>\n<p data-start=\"55\" data-end=\"238\">Ce samedi 14 f\u00e9vrier 2026, notre \u00e9quipe de F\u00e9d\u00e9rale 4 <strong>\u00a0(S\u00e9bastien Hid\u00e9e, Fr\u00e9d\u00e9ric Tedd et Serge Petit)<\/strong> recevait <strong>Bernay<\/strong> pour une confrontation en aller\/retour qui s\u2019annon\u00e7ait intense.<\/p>\n<p data-start=\"240\" data-end=\"610\">Face \u00e0 une formation particuli\u00e8rement solide, les Sottevillais ont d\u00fb s\u2019incliner lors des deux rencontres. Domin\u00e9s par une \u00e9quipe d\u2019un niveau sup\u00e9rieur, ils n\u2019ont cependant jamais baiss\u00e9 les bras. Engagement, combativit\u00e9 et esprit d\u2019\u00e9quipe ont anim\u00e9 nos joueurs tout au long de l\u2019apr\u00e8s-midi, qui ont su d\u00e9fendre leurs couleurs avec d\u00e9termination malgr\u00e9 l\u2019\u00e9cart au score.<\/p>\n<p>\u00a0<\/p>\n<p style=\"text-align: center;\"><img loading=\"lazy\" decoding=\"async\" class=\"aligncenter wp-image-16408\" src=\"http:\/\/www.billard-club-sottevillais.com\/wp-content\/uploads\/2026\/02\/Equipe-JDS-F4-Sotteville-Bernay-14.02.2026-1024x724.jpg\" alt=\"\" width=\"750\" height=\"530\" srcset=\"https:\/\/www.billard-club-sottevillais.com\/wp-content\/uploads\/2026\/02\/Equipe-JDS-F4-Sotteville-Bernay-14.02.2026-1024x724.jpg 1024w, https:\/\/www.billard-club-sottevillais.com\/wp-content\/uploads\/2026\/02\/Equipe-JDS-F4-Sotteville-Bernay-14.02.2026-300x212.jpg 300w, https:\/\/www.billard-club-sottevillais.com\/wp-content\/uploads\/2026\/02\/Equipe-JDS-F4-Sotteville-Bernay-14.02.2026-768x543.jpg 768w, https:\/\/www.billard-club-sottevillais.com\/wp-content\/uploads\/2026\/02\/Equipe-JDS-F4-Sotteville-Bernay-14.02.2026-1536x1086.jpg 1536w, https:\/\/www.billard-club-sottevillais.com\/wp-content\/uploads\/2026\/02\/Equipe-JDS-F4-Sotteville-Bernay-14.02.2026-rotated.jpg 1754w\" sizes=\"auto, (max-width: 706px) 89vw, (max-width: 767px) 82vw, 740px\" \/><\/p>\n<h4 style=\"padding-left: 30px;\">Le pdf ici :<a href=\"http:\/\/www.billard-club-sottevillais.com\/wp-content\/uploads\/2026\/02\/Equipe-JDS-F4-Sotteville-Bernay-14.02.2026.pdf\">Equipe JDS F4 &#8211; Sotteville Bernay 14.02.2026<\/a><\/h4>\n<p><img loading=\"lazy\" decoding=\"async\" class=\"aligncenter wp-image-16411\" src=\"http:\/\/www.billard-club-sottevillais.com\/wp-content\/uploads\/2026\/02\/Equipe-JDS-F4-Sotteville-Bernay-14.02.2026-2-1024x724.jpg\" alt=\"\" width=\"750\" height=\"530\" srcset=\"https:\/\/www.billard-club-sottevillais.com\/wp-content\/uploads\/2026\/02\/Equipe-JDS-F4-Sotteville-Bernay-14.02.2026-2-1024x724.jpg 1024w, https:\/\/www.billard-club-sottevillais.com\/wp-content\/uploads\/2026\/02\/Equipe-JDS-F4-Sotteville-Bernay-14.02.2026-2-300x212.jpg 300w, https:\/\/www.billard-club-sottevillais.com\/wp-content\/uploads\/2026\/02\/Equipe-JDS-F4-Sotteville-Bernay-14.02.2026-2-768x543.jpg 768w, https:\/\/www.billard-club-sottevillais.com\/wp-content\/uploads\/2026\/02\/Equipe-JDS-F4-Sotteville-Bernay-14.02.2026-2-1536x1086.jpg 1536w, https:\/\/www.billard-club-sottevillais.com\/wp-content\/uploads\/2026\/02\/Equipe-JDS-F4-Sotteville-Bernay-14.02.2026-2-rotated.jpg 1754w\" sizes=\"auto, (max-width: 706px) 89vw, (max-width: 767px) 82vw, 740px\" \/><\/p>\n<h4 style=\"padding-left: 30px;\">Le pdf ici : <a href=\"http:\/\/www.billard-club-sottevillais.com\/wp-content\/uploads\/2026\/02\/Equipe-JDS-F4-Sotteville-Bernay-14.02.2026-2.pdf\">Equipe JDS F4 &#8211; Sotteville Bernay 14.02.2026 (2)<\/a><\/h4>\n\n\n<p><\/p>\n","protected":false},"excerpt":{"rendered":"<p>R\u00e9sultats des Tournois, vous trouverez ici toutes les informations concernant les rencontres sportives auxquelles participe le Billard Club Sottevillais.<\/p>\n","protected":false},"author":7,"featured_media":0,"parent":0,"menu_order":0,"comment_status":"closed","ping_status":"closed","template":"","meta":{"footnotes":""},"class_list":["post-16407","page","type-page","status-publish","hentry"],"_links":{"self":[{"href":"https:\/\/www.billard-club-sottevillais.com\/index.php?rest_route=\/wp\/v2\/pages\/16407","targetHints":{"allow":["GET"]}}],"collection":[{"href":"https:\/\/www.billard-club-sottevillais.com\/index.php?rest_route=\/wp\/v2\/pages"}],"about":[{"href":"https:\/\/www.billard-club-sottevillais.com\/index.php?rest_route=\/wp\/v2\/types\/page"}],"author":[{"embeddable":true,"href":"https:\/\/www.billard-club-sottevillais.com\/index.php?rest_route=\/wp\/v2\/users\/7"}],"replies":[{"embeddable":true,"href":"https:\/\/www.billard-club-sottevillais.com\/index.php?rest_route=%2Fwp%2Fv2%2Fcomments&post=16407"}],"version-history":[{"count":3,"href":"https:\/\/www.billard-club-sottevillais.com\/index.php?rest_route=\/wp\/v2\/pages\/16407\/revisions"}],"predecessor-version":[{"id":16415,"href":"https:\/\/www.billard-club-sottevillais.com\/index.php?rest_route=\/wp\/v2\/pages\/16407\/revisions\/16415"}],"wp:attachment":[{"href":"https:\/\/www.billard-club-sottevillais.com\/index.php?rest_route=%2Fwp%2Fv2%2Fmedia&parent=16407"}],"curies":[{"name":"wp","href":"https:\/\/api.w.org\/{rel}","templated":true}]}}