{"id":16396,"date":"2026-02-10T17:35:01","date_gmt":"2026-02-10T17:35:01","guid":{"rendered":"https:\/\/www.billard-club-sottevillais.com\/?page_id=16396"},"modified":"2026-02-10T17:35:01","modified_gmt":"2026-02-10T17:35:01","slug":"pl-d3-10-fevrier-2026","status":"publish","type":"page","link":"https:\/\/www.billard-club-sottevillais.com\/?page_id=16396","title":{"rendered":"PL D3 &#8211; 10 F\u00e9vrier 2026"},"content":{"rendered":"<p style=\"text-align: justify;\">R\u00e9sultats des Tournois, vous trouverez ici toutes les informations concernant les rencontres sportives auxquelles participe le Billard Club Sottevillais.<\/p>\n<p style=\"text-align: center;\"><!--more--><a href=\"http:\/\/www.billard-club-sottevillais.com\/wp-content\/uploads\/2011\/07\/sport.jpg\"><img loading=\"lazy\" decoding=\"async\" class=\"aligncenter wp-image-59 size-full\" title=\"sport\" src=\"http:\/\/www.billard-club-sottevillais.com\/wp-content\/uploads\/2011\/07\/sport.jpg\" alt=\"\" width=\"231\" height=\"116\" \/><\/a><\/p>\n<p style=\"text-align: justify;\">Le 10 f\u00e9vrier 2026, notre \u00e9quipe D3 compos\u00e9e de Thierry Rohart, Alain Rachet et Dominique Gueroult se rendait au Havre.<\/p>\n<p style=\"text-align: justify;\">L&rsquo;\u00e9quipe de Sotteville s&rsquo;impose 10 \u00e0 8.<\/p>\n<p style=\"text-align: center;\"><img loading=\"lazy\" decoding=\"async\" class=\"aligncenter size-large wp-image-16397\" src=\"http:\/\/www.billard-club-sottevillais.com\/wp-content\/uploads\/2026\/02\/PL-D3-CEHB-A-Sotteville-A-10-02-2026-724x1024.jpg\" alt=\"\" width=\"525\" height=\"743\" srcset=\"https:\/\/www.billard-club-sottevillais.com\/wp-content\/uploads\/2026\/02\/PL-D3-CEHB-A-Sotteville-A-10-02-2026-724x1024.jpg 724w, https:\/\/www.billard-club-sottevillais.com\/wp-content\/uploads\/2026\/02\/PL-D3-CEHB-A-Sotteville-A-10-02-2026-212x300.jpg 212w, https:\/\/www.billard-club-sottevillais.com\/wp-content\/uploads\/2026\/02\/PL-D3-CEHB-A-Sotteville-A-10-02-2026-768x1086.jpg 768w, https:\/\/www.billard-club-sottevillais.com\/wp-content\/uploads\/2026\/02\/PL-D3-CEHB-A-Sotteville-A-10-02-2026-1086x1536.jpg 1086w, https:\/\/www.billard-club-sottevillais.com\/wp-content\/uploads\/2026\/02\/PL-D3-CEHB-A-Sotteville-A-10-02-2026.jpg 1240w\" sizes=\"auto, (max-width: 525px) 100vw, 525px\" \/><\/p>\n<h4 style=\"padding-left: 30px;\">Le pdf ici :\u00a0<a href=\"http:\/\/www.billard-club-sottevillais.com\/wp-content\/uploads\/2026\/02\/PL-D3-CEHB-A-Sotteville-A-10-02-2026.pdf\">PL D3 CEHB A &#8211; Sotteville A &#8211; 10-02-2026<\/a><\/h4>\n","protected":false},"excerpt":{"rendered":"<p>R\u00e9sultats des Tournois, vous trouverez ici toutes les informations concernant les rencontres sportives auxquelles participe le Billard Club Sottevillais.<\/p>\n","protected":false},"author":7,"featured_media":0,"parent":0,"menu_order":0,"comment_status":"closed","ping_status":"closed","template":"","meta":{"footnotes":""},"class_list":["post-16396","page","type-page","status-publish","hentry"],"_links":{"self":[{"href":"https:\/\/www.billard-club-sottevillais.com\/index.php?rest_route=\/wp\/v2\/pages\/16396","targetHints":{"allow":["GET"]}}],"collection":[{"href":"https:\/\/www.billard-club-sottevillais.com\/index.php?rest_route=\/wp\/v2\/pages"}],"about":[{"href":"https:\/\/www.billard-club-sottevillais.com\/index.php?rest_route=\/wp\/v2\/types\/page"}],"author":[{"embeddable":true,"href":"https:\/\/www.billard-club-sottevillais.com\/index.php?rest_route=\/wp\/v2\/users\/7"}],"replies":[{"embeddable":true,"href":"https:\/\/www.billard-club-sottevillais.com\/index.php?rest_route=%2Fwp%2Fv2%2Fcomments&post=16396"}],"version-history":[{"count":1,"href":"https:\/\/www.billard-club-sottevillais.com\/index.php?rest_route=\/wp\/v2\/pages\/16396\/revisions"}],"predecessor-version":[{"id":16399,"href":"https:\/\/www.billard-club-sottevillais.com\/index.php?rest_route=\/wp\/v2\/pages\/16396\/revisions\/16399"}],"wp:attachment":[{"href":"https:\/\/www.billard-club-sottevillais.com\/index.php?rest_route=%2Fwp%2Fv2%2Fmedia&parent=16396"}],"curies":[{"name":"wp","href":"https:\/\/api.w.org\/{rel}","templated":true}]}}