{"id":16387,"date":"2026-02-08T16:36:30","date_gmt":"2026-02-08T16:36:30","guid":{"rendered":"https:\/\/www.billard-club-sottevillais.com\/?page_id=16387"},"modified":"2026-02-08T16:36:30","modified_gmt":"2026-02-08T16:36:30","slug":"libre-r3-t2-8-fevrier-2026","status":"publish","type":"page","link":"https:\/\/www.billard-club-sottevillais.com\/?page_id=16387","title":{"rendered":"Libre R3 T2 &#8211; 8 F\u00e9vrier 2026"},"content":{"rendered":"<p style=\"text-align: justify;\">R\u00e9sultats des Tournois, vous trouverez ici toutes les informations concernant les rencontres sportives auxquelles participe le Billard Club Sottevillais.<\/p>\n<p style=\"text-align: center;\"><!--more--><img loading=\"lazy\" decoding=\"async\" class=\"aligncenter wp-image-59 size-full\" title=\"sport\" src=\"http:\/\/www.billard-club-sottevillais.com\/wp-content\/uploads\/2011\/07\/sport.jpg\" alt=\"\" width=\"231\" height=\"116\" \/><\/p>\n<p data-start=\"88\" data-end=\"238\">\u00a0<\/p>\n<p data-start=\"88\" data-end=\"238\">Le <strong>2\u1d49 tour<\/strong> de <strong>Libre R3<\/strong> s\u2019est tenu le 8 f\u00e9vrier 2026. R\u00e9partis en quatre poules, les joueurs se sont affront\u00e9s selon un syst\u00e8me de toutes rencontres.<\/p>\n<p data-start=\"245\" data-end=\"370\">\u00c0 Cany-Barville, la poule C regroupait cinq comp\u00e9titeurs, dont deux repr\u00e9sentants du club : <strong>Alain Rachet<\/strong> et <strong>Xavier Sauvage<\/strong>.<\/p>\n<p data-start=\"377\" data-end=\"484\">Au terme de la comp\u00e9tition, Alain Rachet se classe 4\u1d49 de la poule, devan\u00e7ant son co\u00e9quipier Xavier Sauvage.<\/p>\n<p>\u00a0<\/p>\n<p>\u00a0<\/p>\n<p><img loading=\"lazy\" decoding=\"async\" class=\"aligncenter wp-image-16389\" src=\"http:\/\/www.billard-club-sottevillais.com\/wp-content\/uploads\/2026\/02\/FM-T2-Libre-R3-Cany-Poule-C-1024x724.jpg\" alt=\"\" width=\"750\" height=\"530\" srcset=\"https:\/\/www.billard-club-sottevillais.com\/wp-content\/uploads\/2026\/02\/FM-T2-Libre-R3-Cany-Poule-C-1024x724.jpg 1024w, https:\/\/www.billard-club-sottevillais.com\/wp-content\/uploads\/2026\/02\/FM-T2-Libre-R3-Cany-Poule-C-300x212.jpg 300w, https:\/\/www.billard-club-sottevillais.com\/wp-content\/uploads\/2026\/02\/FM-T2-Libre-R3-Cany-Poule-C-768x543.jpg 768w, https:\/\/www.billard-club-sottevillais.com\/wp-content\/uploads\/2026\/02\/FM-T2-Libre-R3-Cany-Poule-C-1536x1086.jpg 1536w, https:\/\/www.billard-club-sottevillais.com\/wp-content\/uploads\/2026\/02\/FM-T2-Libre-R3-Cany-Poule-C-rotated.jpg 1754w\" sizes=\"auto, (max-width: 706px) 89vw, (max-width: 767px) 82vw, 740px\" \/><\/p>\n<h4 style=\"padding-left: 30px;\"><strong>Le PDF ici :<\/strong> <a href=\"http:\/\/www.billard-club-sottevillais.com\/wp-content\/uploads\/2026\/02\/FM-T2-Libre-R3-Cany-Poule-C.pdf\">FM T2 &#8211; Libre R3 &#8211; Cany &#8211; Poule C<\/a><\/h4>\n\n\n<p><\/p>\n","protected":false},"excerpt":{"rendered":"<p>R\u00e9sultats des Tournois, vous trouverez ici toutes les informations concernant les rencontres sportives auxquelles participe le Billard Club Sottevillais.<\/p>\n","protected":false},"author":7,"featured_media":0,"parent":0,"menu_order":0,"comment_status":"closed","ping_status":"closed","template":"","meta":{"footnotes":""},"class_list":["post-16387","page","type-page","status-publish","hentry"],"_links":{"self":[{"href":"https:\/\/www.billard-club-sottevillais.com\/index.php?rest_route=\/wp\/v2\/pages\/16387","targetHints":{"allow":["GET"]}}],"collection":[{"href":"https:\/\/www.billard-club-sottevillais.com\/index.php?rest_route=\/wp\/v2\/pages"}],"about":[{"href":"https:\/\/www.billard-club-sottevillais.com\/index.php?rest_route=\/wp\/v2\/types\/page"}],"author":[{"embeddable":true,"href":"https:\/\/www.billard-club-sottevillais.com\/index.php?rest_route=\/wp\/v2\/users\/7"}],"replies":[{"embeddable":true,"href":"https:\/\/www.billard-club-sottevillais.com\/index.php?rest_route=%2Fwp%2Fv2%2Fcomments&post=16387"}],"version-history":[{"count":2,"href":"https:\/\/www.billard-club-sottevillais.com\/index.php?rest_route=\/wp\/v2\/pages\/16387\/revisions"}],"predecessor-version":[{"id":16391,"href":"https:\/\/www.billard-club-sottevillais.com\/index.php?rest_route=\/wp\/v2\/pages\/16387\/revisions\/16391"}],"wp:attachment":[{"href":"https:\/\/www.billard-club-sottevillais.com\/index.php?rest_route=%2Fwp%2Fv2%2Fmedia&parent=16387"}],"curies":[{"name":"wp","href":"https:\/\/api.w.org\/{rel}","templated":true}]}}