{"id":16324,"date":"2026-02-01T13:39:40","date_gmt":"2026-02-01T13:39:40","guid":{"rendered":"https:\/\/www.billard-club-sottevillais.com\/?page_id=16324"},"modified":"2026-02-01T13:47:07","modified_gmt":"2026-02-01T13:47:07","slug":"cadre-n3-t3-18-janvier-2026","status":"publish","type":"page","link":"https:\/\/www.billard-club-sottevillais.com\/?page_id=16324","title":{"rendered":"Cadre N3 T3 &#8211; 18 Janvier 2026"},"content":{"rendered":"<p style=\"text-align: justify;\">R\u00e9sultats des Tournois, vous trouverez ici toutes les informations concernant les rencontres sportives auxquelles participe le Billard Club Sottevillais.<\/p>\n<p style=\"text-align: center;\"><!--more--><img loading=\"lazy\" decoding=\"async\" class=\"aligncenter wp-image-59 size-full\" title=\"sport\" src=\"http:\/\/www.billard-club-sottevillais.com\/wp-content\/uploads\/2011\/07\/sport.jpg\" alt=\"\" width=\"231\" height=\"116\" \/><\/p>\n<p data-start=\"163\" data-end=\"313\">Le 3\u1d49 tour du cadre 42\/2 Nationale 3 s\u2019est d\u00e9roul\u00e9 le dimanche 18 janvier 2026 \u00e0 Sotteville-l\u00e8s-Rouen, avec deux poules compos\u00e9es de quatre joueurs.<\/p>\n<p data-start=\"320\" data-end=\"443\">Dans la poule B, Jacques Alexandre repr\u00e9sentait le BCS. Auteur de deux victoires, il termine \u00e0 la <strong data-start=\"418\" data-end=\"430\">2\u1d49 place<\/strong> de sa poule.<\/p>\n<p>\u00a0<\/p>\n<p data-start=\"284\" data-end=\"421\"><img loading=\"lazy\" decoding=\"async\" class=\"aligncenter wp-image-16325\" src=\"http:\/\/www.billard-club-sottevillais.com\/wp-content\/uploads\/2026\/02\/FM-T3-Cadre-N3-Poule-B-Sotteville1-1024x724.jpg\" alt=\"\" width=\"750\" height=\"530\" srcset=\"https:\/\/www.billard-club-sottevillais.com\/wp-content\/uploads\/2026\/02\/FM-T3-Cadre-N3-Poule-B-Sotteville1-1024x724.jpg 1024w, https:\/\/www.billard-club-sottevillais.com\/wp-content\/uploads\/2026\/02\/FM-T3-Cadre-N3-Poule-B-Sotteville1-300x212.jpg 300w, https:\/\/www.billard-club-sottevillais.com\/wp-content\/uploads\/2026\/02\/FM-T3-Cadre-N3-Poule-B-Sotteville1-768x543.jpg 768w, https:\/\/www.billard-club-sottevillais.com\/wp-content\/uploads\/2026\/02\/FM-T3-Cadre-N3-Poule-B-Sotteville1-1536x1086.jpg 1536w, https:\/\/www.billard-club-sottevillais.com\/wp-content\/uploads\/2026\/02\/FM-T3-Cadre-N3-Poule-B-Sotteville1-rotated.jpg 1754w\" sizes=\"auto, (max-width: 706px) 89vw, (max-width: 767px) 82vw, 740px\" \/><\/p>\n<h4 style=\"padding-left: 30px;\">Le pdf ici : <a href=\"http:\/\/www.billard-club-sottevillais.com\/wp-content\/uploads\/2026\/02\/FM-T3-Cadre-N3-Poule-B-Sotteville-1.pdf\">FM T3 Cadre N3 Poule B Sotteville<\/a><\/h4>\n\n\n<p><\/p>\n","protected":false},"excerpt":{"rendered":"<p>R\u00e9sultats des Tournois, vous trouverez ici toutes les informations concernant les rencontres sportives auxquelles participe le Billard Club Sottevillais.<\/p>\n","protected":false},"author":7,"featured_media":0,"parent":0,"menu_order":0,"comment_status":"closed","ping_status":"closed","template":"","meta":{"footnotes":""},"class_list":["post-16324","page","type-page","status-publish","hentry"],"_links":{"self":[{"href":"https:\/\/www.billard-club-sottevillais.com\/index.php?rest_route=\/wp\/v2\/pages\/16324","targetHints":{"allow":["GET"]}}],"collection":[{"href":"https:\/\/www.billard-club-sottevillais.com\/index.php?rest_route=\/wp\/v2\/pages"}],"about":[{"href":"https:\/\/www.billard-club-sottevillais.com\/index.php?rest_route=\/wp\/v2\/types\/page"}],"author":[{"embeddable":true,"href":"https:\/\/www.billard-club-sottevillais.com\/index.php?rest_route=\/wp\/v2\/users\/7"}],"replies":[{"embeddable":true,"href":"https:\/\/www.billard-club-sottevillais.com\/index.php?rest_route=%2Fwp%2Fv2%2Fcomments&post=16324"}],"version-history":[{"count":5,"href":"https:\/\/www.billard-club-sottevillais.com\/index.php?rest_route=\/wp\/v2\/pages\/16324\/revisions"}],"predecessor-version":[{"id":16332,"href":"https:\/\/www.billard-club-sottevillais.com\/index.php?rest_route=\/wp\/v2\/pages\/16324\/revisions\/16332"}],"wp:attachment":[{"href":"https:\/\/www.billard-club-sottevillais.com\/index.php?rest_route=%2Fwp%2Fv2%2Fmedia&parent=16324"}],"curies":[{"name":"wp","href":"https:\/\/api.w.org\/{rel}","templated":true}]}}