{"id":16112,"date":"2025-12-14T18:06:50","date_gmt":"2025-12-14T18:06:50","guid":{"rendered":"https:\/\/www.billard-club-sottevillais.com\/?page_id=16112"},"modified":"2025-12-14T18:06:50","modified_gmt":"2025-12-14T18:06:50","slug":"4-billes-r1-13-decembre-2025","status":"publish","type":"page","link":"https:\/\/www.billard-club-sottevillais.com\/?page_id=16112","title":{"rendered":"4 Billes R1 &#8211; 13 d\u00e9cembre 2025"},"content":{"rendered":"<p style=\"text-align: justify;\">R\u00e9sultats des Tournois, vous trouverez ici toutes les informations concernant les rencontres sportives auxquelles participe le Billard Club Sottevillais.<\/p>\n<p style=\"text-align: center;\"><!--more--><img loading=\"lazy\" decoding=\"async\" class=\"aligncenter wp-image-59 size-full\" title=\"sport\" src=\"http:\/\/www.billard-club-sottevillais.com\/wp-content\/uploads\/2011\/07\/sport.jpg\" alt=\"\" width=\"231\" height=\"116\" \/><\/p>\n<p style=\"text-align: justify;\">Le 1er tour de <strong>4 Billes R1<\/strong>\u00a0s&rsquo;est d\u00e9roul\u00e9 le 13 D\u00e9cembre 2025.<\/p>\n<p style=\"text-align: justify;\"><strong>Romain Lefevre<\/strong> repr\u00e9sentait le <strong>Billard Club Sottevillais<\/strong> dans la poule A \u00e0 Cany-Barville (6 joueurs).<\/p>\n<p style=\"text-align: justify;\">Dans la poule A, Romain termine <strong>3\u00e8me<\/strong> avec 2 victoires et 3 d\u00e9faites.<\/p>\n<p><em>Poule A,<\/em><\/p>\n<p><img loading=\"lazy\" decoding=\"async\" class=\"aligncenter wp-image-16127\" src=\"http:\/\/www.billard-club-sottevillais.com\/wp-content\/uploads\/2025\/12\/FM-T1-4-B-R1-Cany-1024x724.jpg\" alt=\"\" width=\"750\" height=\"530\" srcset=\"https:\/\/www.billard-club-sottevillais.com\/wp-content\/uploads\/2025\/12\/FM-T1-4-B-R1-Cany-1024x724.jpg 1024w, https:\/\/www.billard-club-sottevillais.com\/wp-content\/uploads\/2025\/12\/FM-T1-4-B-R1-Cany-300x212.jpg 300w, https:\/\/www.billard-club-sottevillais.com\/wp-content\/uploads\/2025\/12\/FM-T1-4-B-R1-Cany-768x543.jpg 768w, https:\/\/www.billard-club-sottevillais.com\/wp-content\/uploads\/2025\/12\/FM-T1-4-B-R1-Cany-1536x1086.jpg 1536w, https:\/\/www.billard-club-sottevillais.com\/wp-content\/uploads\/2025\/12\/FM-T1-4-B-R1-Cany-rotated.jpg 1754w\" sizes=\"auto, (max-width: 706px) 89vw, (max-width: 767px) 82vw, 740px\" \/><\/p>\n<h4 style=\"padding-left: 30px;\">Le pdf ici : <a href=\"http:\/\/www.billard-club-sottevillais.com\/wp-content\/uploads\/2025\/12\/FM-T1-4-B-R1-Cany.pdf\">FM T1 4 B R1- Cany<\/a><\/h4>\n\n\n<p><\/p>\n","protected":false},"excerpt":{"rendered":"<p>R\u00e9sultats des Tournois, vous trouverez ici toutes les informations concernant les rencontres sportives auxquelles participe le Billard Club Sottevillais.<\/p>\n","protected":false},"author":7,"featured_media":0,"parent":0,"menu_order":0,"comment_status":"closed","ping_status":"closed","template":"","meta":{"footnotes":""},"class_list":["post-16112","page","type-page","status-publish","hentry"],"_links":{"self":[{"href":"https:\/\/www.billard-club-sottevillais.com\/index.php?rest_route=\/wp\/v2\/pages\/16112","targetHints":{"allow":["GET"]}}],"collection":[{"href":"https:\/\/www.billard-club-sottevillais.com\/index.php?rest_route=\/wp\/v2\/pages"}],"about":[{"href":"https:\/\/www.billard-club-sottevillais.com\/index.php?rest_route=\/wp\/v2\/types\/page"}],"author":[{"embeddable":true,"href":"https:\/\/www.billard-club-sottevillais.com\/index.php?rest_route=\/wp\/v2\/users\/7"}],"replies":[{"embeddable":true,"href":"https:\/\/www.billard-club-sottevillais.com\/index.php?rest_route=%2Fwp%2Fv2%2Fcomments&post=16112"}],"version-history":[{"count":2,"href":"https:\/\/www.billard-club-sottevillais.com\/index.php?rest_route=\/wp\/v2\/pages\/16112\/revisions"}],"predecessor-version":[{"id":16129,"href":"https:\/\/www.billard-club-sottevillais.com\/index.php?rest_route=\/wp\/v2\/pages\/16112\/revisions\/16129"}],"wp:attachment":[{"href":"https:\/\/www.billard-club-sottevillais.com\/index.php?rest_route=%2Fwp%2Fv2%2Fmedia&parent=16112"}],"curies":[{"name":"wp","href":"https:\/\/api.w.org\/{rel}","templated":true}]}}