{"id":16108,"date":"2025-12-14T18:01:45","date_gmt":"2025-12-14T18:01:45","guid":{"rendered":"https:\/\/www.billard-club-sottevillais.com\/?page_id=16108"},"modified":"2025-12-15T21:00:27","modified_gmt":"2025-12-15T21:00:27","slug":"bande-r2-t2-14-decembre-2025","status":"publish","type":"page","link":"https:\/\/www.billard-club-sottevillais.com\/?page_id=16108","title":{"rendered":"Bande R2 T2 &#8211; 14 d\u00e9cembre 2025"},"content":{"rendered":"<p style=\"text-align: justify;\">R\u00e9sultats des Tournois, vous trouverez ici toutes les informations concernant les rencontres sportives auxquelles participe le Billard Club Sottevillais.<\/p>\n<p style=\"text-align: center;\"><!--more--><img loading=\"lazy\" decoding=\"async\" class=\"aligncenter wp-image-59 size-full\" title=\"sport\" src=\"http:\/\/www.billard-club-sottevillais.com\/wp-content\/uploads\/2011\/07\/sport.jpg\" alt=\"\" width=\"231\" height=\"116\" \/><\/p>\n<p data-start=\"212\" data-end=\"401\">Le deuxieme tour de Bande R2 s\u2019est d\u00e9roul\u00e9 ce dimanche 14 d\u00e9cembre \u00e0 <strong data-start=\"279\" data-end=\"308\">St Nicolas-d&rsquo;Aliermont.<\/strong><br data-start=\"309\" data-end=\"312\" \/>Marc Goudard et S\u00e9bastien Hid\u00e9\u00e9 repr\u00e9sentaient le <strong>Billard Club de Sottevillais (<\/strong>BCS), Marc \u00e9voluant dans la poule B et S\u00e9bastien dans la poule C. La poule se jouait au Havre sans joueurs du BCS.<\/p>\n<p data-start=\"403\" data-end=\"428\"><strong data-start=\"403\" data-end=\"426\">Poule B (4 joueurs)<\/strong><\/p>\n<ul data-start=\"429\" data-end=\"662\">\n<li data-start=\"429\" data-end=\"495\">\n<p data-start=\"431\" data-end=\"495\">Marc s\u2019incline lors de ses trois rencontres et termine 4<strong data-start=\"553\" data-end=\"559\">\u1d49<\/strong>.<\/p>\n<\/li>\n<\/ul>\n<p data-start=\"664\" data-end=\"689\"><strong data-start=\"664\" data-end=\"687\">Poule C (4 joueurs)<\/strong><\/p>\n<ul>\n<li style=\"list-style-type: none;\">\n<ul data-start=\"690\" data-end=\"925\">\n<li data-start=\"768\" data-end=\"820\">\n<p data-start=\"770\" data-end=\"820\">S\u00e9bastien avec 1 victoire et 2 d\u00e9faites finit 2\u00e8me gr\u00e2ce \u00e0 sa moyenne.<\/p>\n<\/li>\n<\/ul>\n<\/li>\n<\/ul>\n<p>Poule B,<\/p>\n<p><img loading=\"lazy\" decoding=\"async\" class=\"aligncenter wp-image-16123\" src=\"http:\/\/www.billard-club-sottevillais.com\/wp-content\/uploads\/2025\/12\/FM-T2-1-Bande-St-Nicolas-Poule-B-res-1024x724.jpg\" alt=\"\" width=\"750\" height=\"530\" srcset=\"https:\/\/www.billard-club-sottevillais.com\/wp-content\/uploads\/2025\/12\/FM-T2-1-Bande-St-Nicolas-Poule-B-res-1024x724.jpg 1024w, https:\/\/www.billard-club-sottevillais.com\/wp-content\/uploads\/2025\/12\/FM-T2-1-Bande-St-Nicolas-Poule-B-res-300x212.jpg 300w, https:\/\/www.billard-club-sottevillais.com\/wp-content\/uploads\/2025\/12\/FM-T2-1-Bande-St-Nicolas-Poule-B-res-768x543.jpg 768w, https:\/\/www.billard-club-sottevillais.com\/wp-content\/uploads\/2025\/12\/FM-T2-1-Bande-St-Nicolas-Poule-B-res-1536x1086.jpg 1536w, https:\/\/www.billard-club-sottevillais.com\/wp-content\/uploads\/2025\/12\/FM-T2-1-Bande-St-Nicolas-Poule-B-res-rotated.jpg 1754w\" sizes=\"auto, (max-width: 706px) 89vw, (max-width: 767px) 82vw, 740px\" \/><\/p>\n<p>Poule C,<\/p>\n<p><img loading=\"lazy\" decoding=\"async\" class=\"aligncenter wp-image-16132\" src=\"http:\/\/www.billard-club-sottevillais.com\/wp-content\/uploads\/2025\/12\/FM-T2-1-Bande-St-Nicolas-Poule-C-res-1024x724.jpg\" alt=\"\" width=\"750\" height=\"530\" srcset=\"https:\/\/www.billard-club-sottevillais.com\/wp-content\/uploads\/2025\/12\/FM-T2-1-Bande-St-Nicolas-Poule-C-res-1024x724.jpg 1024w, https:\/\/www.billard-club-sottevillais.com\/wp-content\/uploads\/2025\/12\/FM-T2-1-Bande-St-Nicolas-Poule-C-res-300x212.jpg 300w, https:\/\/www.billard-club-sottevillais.com\/wp-content\/uploads\/2025\/12\/FM-T2-1-Bande-St-Nicolas-Poule-C-res-768x543.jpg 768w, https:\/\/www.billard-club-sottevillais.com\/wp-content\/uploads\/2025\/12\/FM-T2-1-Bande-St-Nicolas-Poule-C-res-1536x1086.jpg 1536w, https:\/\/www.billard-club-sottevillais.com\/wp-content\/uploads\/2025\/12\/FM-T2-1-Bande-St-Nicolas-Poule-C-res-rotated.jpg 1754w\" sizes=\"auto, (max-width: 706px) 89vw, (max-width: 767px) 82vw, 740px\" \/><\/p>\n<h4 style=\"padding-left: 30px;\">Le pdf ici :<a href=\"http:\/\/www.billard-club-sottevillais.com\/wp-content\/uploads\/2025\/12\/FM-T2-1-Bande-St-Nicolas-Poule-B-res.pdf\">FM T2 &#8211; 1 Bande St Nicolas Poule B res<\/a><\/h4>\n<h4 style=\"padding-left: 30px;\">Le pdf ici : <a href=\"http:\/\/www.billard-club-sottevillais.com\/wp-content\/uploads\/2025\/12\/FM-T2-1-Bande-St-Nicolas-Poule-C-res.pdf\">FM T2 &#8211; 1 Bande St Nicolas Poule C res<\/a><\/h4>\n<p>n<\/p>\n","protected":false},"excerpt":{"rendered":"<p>R\u00e9sultats des Tournois, vous trouverez ici toutes les informations concernant les rencontres sportives auxquelles participe le Billard Club Sottevillais.<\/p>\n","protected":false},"author":7,"featured_media":0,"parent":0,"menu_order":0,"comment_status":"closed","ping_status":"closed","template":"","meta":{"footnotes":""},"class_list":["post-16108","page","type-page","status-publish","hentry"],"_links":{"self":[{"href":"https:\/\/www.billard-club-sottevillais.com\/index.php?rest_route=\/wp\/v2\/pages\/16108","targetHints":{"allow":["GET"]}}],"collection":[{"href":"https:\/\/www.billard-club-sottevillais.com\/index.php?rest_route=\/wp\/v2\/pages"}],"about":[{"href":"https:\/\/www.billard-club-sottevillais.com\/index.php?rest_route=\/wp\/v2\/types\/page"}],"author":[{"embeddable":true,"href":"https:\/\/www.billard-club-sottevillais.com\/index.php?rest_route=\/wp\/v2\/users\/7"}],"replies":[{"embeddable":true,"href":"https:\/\/www.billard-club-sottevillais.com\/index.php?rest_route=%2Fwp%2Fv2%2Fcomments&post=16108"}],"version-history":[{"count":4,"href":"https:\/\/www.billard-club-sottevillais.com\/index.php?rest_route=\/wp\/v2\/pages\/16108\/revisions"}],"predecessor-version":[{"id":16135,"href":"https:\/\/www.billard-club-sottevillais.com\/index.php?rest_route=\/wp\/v2\/pages\/16108\/revisions\/16135"}],"wp:attachment":[{"href":"https:\/\/www.billard-club-sottevillais.com\/index.php?rest_route=%2Fwp%2Fv2%2Fmedia&parent=16108"}],"curies":[{"name":"wp","href":"https:\/\/api.w.org\/{rel}","templated":true}]}}