{"id":16100,"date":"2025-12-11T17:46:48","date_gmt":"2025-12-11T17:46:48","guid":{"rendered":"https:\/\/www.billard-club-sottevillais.com\/?page_id=16100"},"modified":"2025-12-11T17:46:48","modified_gmt":"2025-12-11T17:46:48","slug":"pl-d3-9-decembre-2025","status":"publish","type":"page","link":"https:\/\/www.billard-club-sottevillais.com\/?page_id=16100","title":{"rendered":"PL D3 &#8211; 9 d\u00e9cembre 2025"},"content":{"rendered":"<p style=\"text-align: justify;\">R\u00e9sultats des Tournois, vous trouverez ici toutes les informations concernant les rencontres sportives auxquelles participe le Billard Club Sottevillais.<\/p>\n<p style=\"text-align: center;\"><!--more--><img loading=\"lazy\" decoding=\"async\" class=\"aligncenter wp-image-59 size-full\" title=\"sport\" src=\"http:\/\/www.billard-club-sottevillais.com\/wp-content\/uploads\/2011\/07\/sport.jpg\" alt=\"\" width=\"231\" height=\"116\" \/><\/p>\n<p style=\"text-align: justify;\">Le 9 d\u00e9cembre 2025, notre \u00e9quipe D3 compos\u00e9e d&rsquo;Alain Rachet, Eric Violette et Dominique Gueroult recevait Oissel B.<\/p>\n<p style=\"text-align: justify;\">L&rsquo;\u00e9quipe de Sotteville s&rsquo;impose 10 \u00e0 8.<\/p>\n<p><img loading=\"lazy\" decoding=\"async\" class=\"aligncenter size-large wp-image-16101\" src=\"http:\/\/www.billard-club-sottevillais.com\/wp-content\/uploads\/2025\/12\/PL-D3-sotteville-oissel-09-12-25-724x1024.jpg\" alt=\"\" width=\"525\" height=\"743\" srcset=\"https:\/\/www.billard-club-sottevillais.com\/wp-content\/uploads\/2025\/12\/PL-D3-sotteville-oissel-09-12-25-724x1024.jpg 724w, https:\/\/www.billard-club-sottevillais.com\/wp-content\/uploads\/2025\/12\/PL-D3-sotteville-oissel-09-12-25-212x300.jpg 212w, https:\/\/www.billard-club-sottevillais.com\/wp-content\/uploads\/2025\/12\/PL-D3-sotteville-oissel-09-12-25-768x1086.jpg 768w, https:\/\/www.billard-club-sottevillais.com\/wp-content\/uploads\/2025\/12\/PL-D3-sotteville-oissel-09-12-25-1086x1536.jpg 1086w, https:\/\/www.billard-club-sottevillais.com\/wp-content\/uploads\/2025\/12\/PL-D3-sotteville-oissel-09-12-25.jpg 1240w\" sizes=\"auto, (max-width: 525px) 100vw, 525px\" \/><\/p>\n<h4 style=\"padding-left: 30px;\">Le pdf ici : <a href=\"http:\/\/www.billard-club-sottevillais.com\/wp-content\/uploads\/2025\/12\/PL-D3-sotteville-oissel-09-12-25.pdf\">PL D3 sotteville-oissel 09-12-25<\/a><\/h4>\n","protected":false},"excerpt":{"rendered":"<p>R\u00e9sultats des Tournois, vous trouverez ici toutes les informations concernant les rencontres sportives auxquelles participe le Billard Club Sottevillais.<\/p>\n","protected":false},"author":7,"featured_media":0,"parent":0,"menu_order":0,"comment_status":"closed","ping_status":"closed","template":"","meta":{"footnotes":""},"class_list":["post-16100","page","type-page","status-publish","hentry"],"_links":{"self":[{"href":"https:\/\/www.billard-club-sottevillais.com\/index.php?rest_route=\/wp\/v2\/pages\/16100","targetHints":{"allow":["GET"]}}],"collection":[{"href":"https:\/\/www.billard-club-sottevillais.com\/index.php?rest_route=\/wp\/v2\/pages"}],"about":[{"href":"https:\/\/www.billard-club-sottevillais.com\/index.php?rest_route=\/wp\/v2\/types\/page"}],"author":[{"embeddable":true,"href":"https:\/\/www.billard-club-sottevillais.com\/index.php?rest_route=\/wp\/v2\/users\/7"}],"replies":[{"embeddable":true,"href":"https:\/\/www.billard-club-sottevillais.com\/index.php?rest_route=%2Fwp%2Fv2%2Fcomments&post=16100"}],"version-history":[{"count":1,"href":"https:\/\/www.billard-club-sottevillais.com\/index.php?rest_route=\/wp\/v2\/pages\/16100\/revisions"}],"predecessor-version":[{"id":16103,"href":"https:\/\/www.billard-club-sottevillais.com\/index.php?rest_route=\/wp\/v2\/pages\/16100\/revisions\/16103"}],"wp:attachment":[{"href":"https:\/\/www.billard-club-sottevillais.com\/index.php?rest_route=%2Fwp%2Fv2%2Fmedia&parent=16100"}],"curies":[{"name":"wp","href":"https:\/\/api.w.org\/{rel}","templated":true}]}}