{"id":16090,"date":"2025-12-07T19:50:32","date_gmt":"2025-12-07T19:50:32","guid":{"rendered":"https:\/\/www.billard-club-sottevillais.com\/?page_id=16090"},"modified":"2025-12-07T19:51:15","modified_gmt":"2025-12-07T19:51:15","slug":"libre-r3-t1-7-decembre-2025","status":"publish","type":"page","link":"https:\/\/www.billard-club-sottevillais.com\/?page_id=16090","title":{"rendered":"Libre R3 T1 &#8211; 7 d\u00e9cembre 2025"},"content":{"rendered":"<p style=\"text-align: justify;\">R\u00e9sultats des Tournois, vous trouverez ici toutes les informations concernant les rencontres sportives auxquelles participe le Billard Club Sottevillais.<\/p>\n<p style=\"text-align: center;\"><!--more--><img loading=\"lazy\" decoding=\"async\" class=\"aligncenter wp-image-59 size-full\" title=\"sport\" src=\"http:\/\/www.billard-club-sottevillais.com\/wp-content\/uploads\/2011\/07\/sport.jpg\" alt=\"\" width=\"231\" height=\"116\" \/><\/p>\n<p style=\"text-align: justify;\">Le 1er tour de libre R3 s&rsquo;est d\u00e9roul\u00e9 le 7 d\u00e9cembre 2025. Les joueurs de R3 \u00e9taient repartis en 4 poules. Tous les joueurs d&rsquo;une m\u00eame poule se rencontrent. Alain Rachet et Xavier Sauvage repr\u00e9sentaient le club dans la poule C (4 joueurs) \u00e0 domicile.<\/p>\n<p>Alain prend la 3\u00e8me place devant Xavier. Dupuis Nicolas de Oissel termine 1er.<\/p>\n<p><img loading=\"lazy\" decoding=\"async\" class=\"aligncenter wp-image-16093\" src=\"http:\/\/www.billard-club-sottevillais.com\/wp-content\/uploads\/2025\/12\/FM-T1-Libre-R3-Sotteville-Poule-C-1024x724.jpg\" alt=\"\" width=\"750\" height=\"530\" srcset=\"https:\/\/www.billard-club-sottevillais.com\/wp-content\/uploads\/2025\/12\/FM-T1-Libre-R3-Sotteville-Poule-C-1024x724.jpg 1024w, https:\/\/www.billard-club-sottevillais.com\/wp-content\/uploads\/2025\/12\/FM-T1-Libre-R3-Sotteville-Poule-C-300x212.jpg 300w, https:\/\/www.billard-club-sottevillais.com\/wp-content\/uploads\/2025\/12\/FM-T1-Libre-R3-Sotteville-Poule-C-768x543.jpg 768w, https:\/\/www.billard-club-sottevillais.com\/wp-content\/uploads\/2025\/12\/FM-T1-Libre-R3-Sotteville-Poule-C-1536x1086.jpg 1536w, https:\/\/www.billard-club-sottevillais.com\/wp-content\/uploads\/2025\/12\/FM-T1-Libre-R3-Sotteville-Poule-C-rotated.jpg 1754w\" sizes=\"auto, (max-width: 706px) 89vw, (max-width: 767px) 82vw, 740px\" \/><\/p>\n<h4 style=\"padding-left: 30px;\"><strong>Le PDF ici :<\/strong> <a href=\"http:\/\/www.billard-club-sottevillais.com\/wp-content\/uploads\/2025\/12\/FM-T1-Libre-R3-Sotteville-Poule-C.pdf\">FM T1 &#8211; Libre R3 &#8211; Sotteville &#8211; Poule C<\/a><\/h4>\n\n\n<p><\/p>\n","protected":false},"excerpt":{"rendered":"<p>R\u00e9sultats des Tournois, vous trouverez ici toutes les informations concernant les rencontres sportives auxquelles participe le Billard Club Sottevillais.<\/p>\n","protected":false},"author":7,"featured_media":0,"parent":0,"menu_order":0,"comment_status":"closed","ping_status":"closed","template":"","meta":{"footnotes":""},"class_list":["post-16090","page","type-page","status-publish","hentry"],"_links":{"self":[{"href":"https:\/\/www.billard-club-sottevillais.com\/index.php?rest_route=\/wp\/v2\/pages\/16090","targetHints":{"allow":["GET"]}}],"collection":[{"href":"https:\/\/www.billard-club-sottevillais.com\/index.php?rest_route=\/wp\/v2\/pages"}],"about":[{"href":"https:\/\/www.billard-club-sottevillais.com\/index.php?rest_route=\/wp\/v2\/types\/page"}],"author":[{"embeddable":true,"href":"https:\/\/www.billard-club-sottevillais.com\/index.php?rest_route=\/wp\/v2\/users\/7"}],"replies":[{"embeddable":true,"href":"https:\/\/www.billard-club-sottevillais.com\/index.php?rest_route=%2Fwp%2Fv2%2Fcomments&post=16090"}],"version-history":[{"count":3,"href":"https:\/\/www.billard-club-sottevillais.com\/index.php?rest_route=\/wp\/v2\/pages\/16090\/revisions"}],"predecessor-version":[{"id":16096,"href":"https:\/\/www.billard-club-sottevillais.com\/index.php?rest_route=\/wp\/v2\/pages\/16090\/revisions\/16096"}],"wp:attachment":[{"href":"https:\/\/www.billard-club-sottevillais.com\/index.php?rest_route=%2Fwp%2Fv2%2Fmedia&parent=16090"}],"curies":[{"name":"wp","href":"https:\/\/api.w.org\/{rel}","templated":true}]}}