{"id":15958,"date":"2025-11-09T18:10:35","date_gmt":"2025-11-09T18:10:35","guid":{"rendered":"https:\/\/www.billard-club-sottevillais.com\/?page_id=15958"},"modified":"2025-11-11T08:22:44","modified_gmt":"2025-11-11T08:22:44","slug":"libre-r4-t1-09-novembre-2025","status":"publish","type":"page","link":"https:\/\/www.billard-club-sottevillais.com\/?page_id=15958","title":{"rendered":"Libre R4 T1 &#8211; 09 novembre 2025"},"content":{"rendered":"<p style=\"text-align: justify;\">R\u00e9sultats des Tournois, vous trouverez ici toutes les informations concernant les rencontres sportives auxquelles participe le Billard Club Sottevillais.<\/p>\n<p style=\"text-align: center;\"><!--more--><img loading=\"lazy\" decoding=\"async\" class=\"aligncenter wp-image-59 size-full\" title=\"sport\" src=\"http:\/\/www.billard-club-sottevillais.com\/wp-content\/uploads\/2011\/07\/sport.jpg\" alt=\"\" width=\"231\" height=\"116\" \/><\/p>\n<p data-start=\"193\" data-end=\"508\">Le premier tour de <strong data-start=\"212\" data-end=\"224\">Libre R4<\/strong> s\u2019est d\u00e9roul\u00e9 le <strong data-start=\"242\" data-end=\"270\">dimanche 9 novembre 2025<\/strong>.<br data-start=\"271\" data-end=\"274\" \/>Les joueurs \u00e9taient r\u00e9partis en <strong data-start=\"306\" data-end=\"323\">quatre poules<\/strong> disput\u00e9es \u00e0 <strong data-start=\"336\" data-end=\"370\">Cany-Barville, Oissel et Rouen<\/strong>.<br data-start=\"371\" data-end=\"374\" \/>Pas moins de <strong data-start=\"387\" data-end=\"408\">sept sottevillais<\/strong> \u00e9taient engag\u00e9s dans cette comp\u00e9tition r\u00e9gionale, repr\u00e9sentant fi\u00e8rement le club dans chaque poule.<\/p>\n<p data-start=\"193\" data-end=\"508\"><strong data-start=\"523\" data-end=\"562\">\u00a0 \u00a0 &#8211; Poule A \u2013 Cany-Barville (5 joueurs)<\/strong><\/p>\n<p data-start=\"563\" data-end=\"608\">Nos trois repr\u00e9sentants ont bien bataill\u00e9 :<\/p>\n<ul>\n<li data-start=\"563\" data-end=\"608\"><strong data-start=\"611\" data-end=\"626\">Serge Petit<\/strong> r\u00e9alise un tr\u00e8s beau parcours et <strong data-start=\"660\" data-end=\"681\">remporte la poule<\/strong> avec <strong data-start=\"687\" data-end=\"702\">3 victoires<\/strong> \ud83d\udc4f<\/li>\n<li data-start=\"710\" data-end=\"766\"><strong data-start=\"710\" data-end=\"729\">S\u00e9bastien Hid\u00e9e<\/strong> termine <strong data-start=\"738\" data-end=\"744\">4\u1d49<\/strong> avec <strong data-start=\"750\" data-end=\"764\">1 victoire<\/strong><\/li>\n<li data-start=\"710\" data-end=\"766\"><strong data-start=\"769\" data-end=\"788\">Francine Burgot<\/strong> prend la <strong data-start=\"798\" data-end=\"810\">5\u1d49 place<\/strong><\/li>\n<\/ul>\n<p data-start=\"817\" data-end=\"857\"><strong data-start=\"825\" data-end=\"857\">\u00a0 \u00a0 &#8211; Poule B \u2013 Oissel (6 joueurs)<\/strong><\/p>\n<ul data-start=\"858\" data-end=\"909\">\n<li data-start=\"858\" data-end=\"909\">\n<p data-start=\"860\" data-end=\"909\"><strong data-start=\"860\" data-end=\"882\">Dominique Langlois <\/strong>termine<strong data-start=\"860\" data-end=\"882\"> 5\u1d49.<\/strong><\/p>\n<\/li>\n<\/ul>\n<p data-start=\"916\" data-end=\"954\"><strong data-start=\"923\" data-end=\"954\">\u00a0 \u00a0 &#8211; Poule C \u2013 Rouen (6 joueurs)<\/strong><\/p>\n<ul>\n<li data-start=\"957\" data-end=\"1059\"><strong data-start=\"957\" data-end=\"977\">Michel Guillaume<\/strong> s\u2019impose avec <strong data-start=\"992\" data-end=\"1025\">3 victoires dont une bonifi\u00e9e<\/strong> et d\u00e9croche la <strong data-start=\"1041\" data-end=\"1054\">1\u02b3\u1d49 place<\/strong>\u00a0<\/li>\n<li data-start=\"957\" data-end=\"1059\"><strong data-start=\"1062\" data-end=\"1079\">Fr\u00e9d\u00e9ric Tedd<\/strong> termine <strong data-start=\"1088\" data-end=\"1094\">5\u1d49<\/strong> apr\u00e8s <strong data-start=\"1101\" data-end=\"1131\">2 victoires et 1 match nul<\/strong><\/li>\n<\/ul>\n<p data-start=\"1138\" data-end=\"1176\"><strong data-start=\"1145\" data-end=\"1176\">\u00a0 \u00a0 &#8211; Poule D \u2013 Rouen (5 joueurs)<\/strong><\/p>\n<ul data-start=\"1177\" data-end=\"1239\">\n<li data-start=\"1177\" data-end=\"1239\">\n<p data-start=\"1179\" data-end=\"1239\"><strong data-start=\"1179\" data-end=\"1197\">Romain Lefevre<\/strong> prend la <strong data-start=\"1207\" data-end=\"1219\">4\u1d49 place<\/strong> avec <strong data-start=\"1225\" data-end=\"1239\">1 victoire<\/strong><\/p>\n<\/li>\n<\/ul>\n<p><em>Poule A,<\/em><\/p>\n<p><img loading=\"lazy\" decoding=\"async\" class=\"aligncenter wp-image-15963\" src=\"http:\/\/www.billard-club-sottevillais.com\/wp-content\/uploads\/2025\/11\/FM-T1-Libre-R4-Cany-Poule-A-1024x724.jpg\" alt=\"\" width=\"750\" height=\"530\" srcset=\"https:\/\/www.billard-club-sottevillais.com\/wp-content\/uploads\/2025\/11\/FM-T1-Libre-R4-Cany-Poule-A-1024x724.jpg 1024w, https:\/\/www.billard-club-sottevillais.com\/wp-content\/uploads\/2025\/11\/FM-T1-Libre-R4-Cany-Poule-A-300x212.jpg 300w, https:\/\/www.billard-club-sottevillais.com\/wp-content\/uploads\/2025\/11\/FM-T1-Libre-R4-Cany-Poule-A-768x543.jpg 768w, https:\/\/www.billard-club-sottevillais.com\/wp-content\/uploads\/2025\/11\/FM-T1-Libre-R4-Cany-Poule-A-1536x1086.jpg 1536w, https:\/\/www.billard-club-sottevillais.com\/wp-content\/uploads\/2025\/11\/FM-T1-Libre-R4-Cany-Poule-A-rotated.jpg 1754w\" sizes=\"auto, (max-width: 706px) 89vw, (max-width: 767px) 82vw, 740px\" \/><\/p>\n<p><em>Poule B,<\/em><\/p>\n<p><img loading=\"lazy\" decoding=\"async\" class=\"aligncenter wp-image-15981\" src=\"http:\/\/www.billard-club-sottevillais.com\/wp-content\/uploads\/2025\/11\/FM-T1-Libre-R4-Oissel-Poule-B-1024x724.jpg\" alt=\"\" width=\"750\" height=\"530\" srcset=\"https:\/\/www.billard-club-sottevillais.com\/wp-content\/uploads\/2025\/11\/FM-T1-Libre-R4-Oissel-Poule-B-1024x724.jpg 1024w, https:\/\/www.billard-club-sottevillais.com\/wp-content\/uploads\/2025\/11\/FM-T1-Libre-R4-Oissel-Poule-B-300x212.jpg 300w, https:\/\/www.billard-club-sottevillais.com\/wp-content\/uploads\/2025\/11\/FM-T1-Libre-R4-Oissel-Poule-B-768x543.jpg 768w, https:\/\/www.billard-club-sottevillais.com\/wp-content\/uploads\/2025\/11\/FM-T1-Libre-R4-Oissel-Poule-B-1536x1086.jpg 1536w, https:\/\/www.billard-club-sottevillais.com\/wp-content\/uploads\/2025\/11\/FM-T1-Libre-R4-Oissel-Poule-B-rotated.jpg 1754w\" sizes=\"auto, (max-width: 706px) 89vw, (max-width: 767px) 82vw, 740px\" \/><\/p>\n<p><em>Poule C,<\/em><\/p>\n<p><img loading=\"lazy\" decoding=\"async\" class=\"aligncenter wp-image-15964\" src=\"http:\/\/www.billard-club-sottevillais.com\/wp-content\/uploads\/2025\/11\/FM-T1-Libre-R4-Rouen-Poule-C-09-11-2025-1024x724.jpg\" alt=\"\" width=\"750\" height=\"530\" srcset=\"https:\/\/www.billard-club-sottevillais.com\/wp-content\/uploads\/2025\/11\/FM-T1-Libre-R4-Rouen-Poule-C-09-11-2025-1024x724.jpg 1024w, https:\/\/www.billard-club-sottevillais.com\/wp-content\/uploads\/2025\/11\/FM-T1-Libre-R4-Rouen-Poule-C-09-11-2025-300x212.jpg 300w, https:\/\/www.billard-club-sottevillais.com\/wp-content\/uploads\/2025\/11\/FM-T1-Libre-R4-Rouen-Poule-C-09-11-2025-768x543.jpg 768w, https:\/\/www.billard-club-sottevillais.com\/wp-content\/uploads\/2025\/11\/FM-T1-Libre-R4-Rouen-Poule-C-09-11-2025-1536x1086.jpg 1536w, https:\/\/www.billard-club-sottevillais.com\/wp-content\/uploads\/2025\/11\/FM-T1-Libre-R4-Rouen-Poule-C-09-11-2025-rotated.jpg 1754w\" sizes=\"auto, (max-width: 706px) 89vw, (max-width: 767px) 82vw, 740px\" \/><\/p>\n<p><em>Poule D,<\/em><\/p>\n<p><img loading=\"lazy\" decoding=\"async\" class=\"aligncenter wp-image-15965\" src=\"http:\/\/www.billard-club-sottevillais.com\/wp-content\/uploads\/2025\/11\/FM-T1-Libre-R4-Rouen-Poule-D-09-11-2025-1024x724.jpg\" alt=\"\" width=\"750\" height=\"530\" srcset=\"https:\/\/www.billard-club-sottevillais.com\/wp-content\/uploads\/2025\/11\/FM-T1-Libre-R4-Rouen-Poule-D-09-11-2025-1024x724.jpg 1024w, https:\/\/www.billard-club-sottevillais.com\/wp-content\/uploads\/2025\/11\/FM-T1-Libre-R4-Rouen-Poule-D-09-11-2025-300x212.jpg 300w, https:\/\/www.billard-club-sottevillais.com\/wp-content\/uploads\/2025\/11\/FM-T1-Libre-R4-Rouen-Poule-D-09-11-2025-768x543.jpg 768w, https:\/\/www.billard-club-sottevillais.com\/wp-content\/uploads\/2025\/11\/FM-T1-Libre-R4-Rouen-Poule-D-09-11-2025-1536x1086.jpg 1536w, https:\/\/www.billard-club-sottevillais.com\/wp-content\/uploads\/2025\/11\/FM-T1-Libre-R4-Rouen-Poule-D-09-11-2025-rotated.jpg 1754w\" sizes=\"auto, (max-width: 706px) 89vw, (max-width: 767px) 82vw, 740px\" \/><\/p>\n<h4 style=\"padding-left: 30px;\">Le pdf ici : <a href=\"http:\/\/www.billard-club-sottevillais.com\/wp-content\/uploads\/2025\/11\/FM-T1-Libre-R4-Cany-Poule-A.pdf\">FM T1-Libre R4 &#8211; Cany Poule A<\/a><\/h4>\n<h4 style=\"padding-left: 30px;\">Le pdf ici : <a href=\"http:\/\/www.billard-club-sottevillais.com\/wp-content\/uploads\/2025\/11\/FM-T1-Libre-R4-Oissel-Poule-B.pdf\">FM T1-Libre R4 &#8211; Oissel Poule B<\/a><\/h4>\n<h4 style=\"padding-left: 30px;\">Le pdf ici : <a href=\"http:\/\/www.billard-club-sottevillais.com\/wp-content\/uploads\/2025\/11\/FM-T1-Libre-R4-Rouen-Poule-C-09-11-2025.pdf\">FM T1-Libre R4 &#8211; Rouen Poule C 09-11-2025<\/a><\/h4>\n<h4 style=\"padding-left: 30px;\">Le pdf ici : <a href=\"http:\/\/www.billard-club-sottevillais.com\/wp-content\/uploads\/2025\/11\/FM-T1-Libre-R4-Rouen-Poule-D-09-11-2025.pdf\">FM T1-Libre R4 &#8211; Rouen Poule D 09-11-2025<\/a><\/h4>\n\n\n<p><\/p>\n","protected":false},"excerpt":{"rendered":"<p>R\u00e9sultats des Tournois, vous trouverez ici toutes les informations concernant les rencontres sportives auxquelles participe le Billard Club Sottevillais.<\/p>\n","protected":false},"author":7,"featured_media":0,"parent":0,"menu_order":0,"comment_status":"closed","ping_status":"closed","template":"","meta":{"footnotes":""},"class_list":["post-15958","page","type-page","status-publish","hentry"],"_links":{"self":[{"href":"https:\/\/www.billard-club-sottevillais.com\/index.php?rest_route=\/wp\/v2\/pages\/15958","targetHints":{"allow":["GET"]}}],"collection":[{"href":"https:\/\/www.billard-club-sottevillais.com\/index.php?rest_route=\/wp\/v2\/pages"}],"about":[{"href":"https:\/\/www.billard-club-sottevillais.com\/index.php?rest_route=\/wp\/v2\/types\/page"}],"author":[{"embeddable":true,"href":"https:\/\/www.billard-club-sottevillais.com\/index.php?rest_route=\/wp\/v2\/users\/7"}],"replies":[{"embeddable":true,"href":"https:\/\/www.billard-club-sottevillais.com\/index.php?rest_route=%2Fwp%2Fv2%2Fcomments&post=15958"}],"version-history":[{"count":6,"href":"https:\/\/www.billard-club-sottevillais.com\/index.php?rest_route=\/wp\/v2\/pages\/15958\/revisions"}],"predecessor-version":[{"id":15984,"href":"https:\/\/www.billard-club-sottevillais.com\/index.php?rest_route=\/wp\/v2\/pages\/15958\/revisions\/15984"}],"wp:attachment":[{"href":"https:\/\/www.billard-club-sottevillais.com\/index.php?rest_route=%2Fwp%2Fv2%2Fmedia&parent=15958"}],"curies":[{"name":"wp","href":"https:\/\/api.w.org\/{rel}","templated":true}]}}