{"id":15954,"date":"2025-11-09T18:23:37","date_gmt":"2025-11-09T18:23:37","guid":{"rendered":"https:\/\/www.billard-club-sottevillais.com\/?page_id=15954"},"modified":"2025-11-09T18:23:37","modified_gmt":"2025-11-09T18:23:37","slug":"libre-n3-t2-9-novembre-2025","status":"publish","type":"page","link":"https:\/\/www.billard-club-sottevillais.com\/?page_id=15954","title":{"rendered":"Libre N3 T2 &#8211; 9 Novembre 2025"},"content":{"rendered":"<p data-start=\"140\" data-end=\"351\">Le deuxi\u00e8me tour de la cat\u00e9gorie <strong data-start=\"173\" data-end=\"185\">Libre N3<\/strong> s\u2019est d\u00e9roul\u00e9 le <strong data-start=\"203\" data-end=\"231\">dimanche 9 novembre 2025<\/strong> \u00e0 <strong data-start=\"234\" data-end=\"248\">Sotteville<\/strong>.<br data-start=\"249\" data-end=\"252\" \/>Le <strong data-start=\"255\" data-end=\"262\">BCS<\/strong> \u00e9tait repr\u00e9sent\u00e9 par <strong data-start=\"284\" data-end=\"305\" data-is-only-node=\"\">Jacques Alexandre<\/strong>, engag\u00e9 dans une poule de <strong data-start=\"332\" data-end=\"348\">cinq joueurs<\/strong>.<\/p>\n<p data-start=\"353\" data-end=\"574\">Avec <strong data-start=\"358\" data-end=\"398\">deux victoires sur quatre rencontres<\/strong>, Jacques termine \u00e0<strong> la\u00a04\u1d49 place<\/strong> du classement.<br data-start=\"459\" data-end=\"462\" \/>La victoire revient \u00e0 <strong data-start=\"484\" data-end=\"508\">Pierre-Louis Lambeau<\/strong> du <strong data-start=\"512\" data-end=\"549\">club de Saint-Nicolas d\u2019Aliermont<\/strong>, qui remporte ce tour.<\/p>\n<p>\u00a0<\/p>\n<p style=\"text-align: justify;\">\u00a0<\/p>\n<p><img loading=\"lazy\" decoding=\"async\" class=\"aligncenter wp-image-15974\" src=\"http:\/\/www.billard-club-sottevillais.com\/wp-content\/uploads\/2025\/11\/FM-T2-Libre-N3-Sotteville-09-11-2025-1024x724.jpg\" alt=\"\" width=\"750\" height=\"530\" srcset=\"https:\/\/www.billard-club-sottevillais.com\/wp-content\/uploads\/2025\/11\/FM-T2-Libre-N3-Sotteville-09-11-2025-1024x724.jpg 1024w, https:\/\/www.billard-club-sottevillais.com\/wp-content\/uploads\/2025\/11\/FM-T2-Libre-N3-Sotteville-09-11-2025-300x212.jpg 300w, https:\/\/www.billard-club-sottevillais.com\/wp-content\/uploads\/2025\/11\/FM-T2-Libre-N3-Sotteville-09-11-2025-768x543.jpg 768w, https:\/\/www.billard-club-sottevillais.com\/wp-content\/uploads\/2025\/11\/FM-T2-Libre-N3-Sotteville-09-11-2025-1536x1086.jpg 1536w, https:\/\/www.billard-club-sottevillais.com\/wp-content\/uploads\/2025\/11\/FM-T2-Libre-N3-Sotteville-09-11-2025-rotated.jpg 1754w\" sizes=\"auto, (max-width: 706px) 89vw, (max-width: 767px) 82vw, 740px\" \/><\/p>\n<h4 style=\"padding-left: 30px;\">Le pdf ici :\u00a0<a href=\"http:\/\/www.billard-club-sottevillais.com\/wp-content\/uploads\/2025\/11\/FM-T2-Libre-N3-Sotteville-09-11-2025.pdf\">FM T2 Libre N3 Sotteville 09-11-2025<\/a><\/h4>\n\n\n<p><\/p>\n","protected":false},"excerpt":{"rendered":"<p>Le deuxi\u00e8me tour de la cat\u00e9gorie Libre N3 s\u2019est d\u00e9roul\u00e9 le dimanche 9 novembre 2025 \u00e0 Sotteville.Le BCS \u00e9tait repr\u00e9sent\u00e9 par Jacques Alexandre, engag\u00e9 dans une poule de cinq joueurs. Avec deux victoires sur quatre rencontres, Jacques termine \u00e0 la\u00a04\u1d49 place du classement.La victoire revient \u00e0 Pierre-Louis Lambeau du club de Saint-Nicolas d\u2019Aliermont, qui remporte &hellip; <\/p>\n<p class=\"link-more\"><a href=\"https:\/\/www.billard-club-sottevillais.com\/?page_id=15954\" class=\"more-link\">Continuer la lecture<span class=\"screen-reader-text\"> de &laquo;&nbsp;Libre N3 T2 &#8211; 9 Novembre 2025&nbsp;&raquo;<\/span><\/a><\/p>\n","protected":false},"author":7,"featured_media":0,"parent":0,"menu_order":0,"comment_status":"closed","ping_status":"closed","template":"","meta":{"footnotes":""},"class_list":["post-15954","page","type-page","status-publish","hentry"],"_links":{"self":[{"href":"https:\/\/www.billard-club-sottevillais.com\/index.php?rest_route=\/wp\/v2\/pages\/15954","targetHints":{"allow":["GET"]}}],"collection":[{"href":"https:\/\/www.billard-club-sottevillais.com\/index.php?rest_route=\/wp\/v2\/pages"}],"about":[{"href":"https:\/\/www.billard-club-sottevillais.com\/index.php?rest_route=\/wp\/v2\/types\/page"}],"author":[{"embeddable":true,"href":"https:\/\/www.billard-club-sottevillais.com\/index.php?rest_route=\/wp\/v2\/users\/7"}],"replies":[{"embeddable":true,"href":"https:\/\/www.billard-club-sottevillais.com\/index.php?rest_route=%2Fwp%2Fv2%2Fcomments&post=15954"}],"version-history":[{"count":2,"href":"https:\/\/www.billard-club-sottevillais.com\/index.php?rest_route=\/wp\/v2\/pages\/15954\/revisions"}],"predecessor-version":[{"id":15976,"href":"https:\/\/www.billard-club-sottevillais.com\/index.php?rest_route=\/wp\/v2\/pages\/15954\/revisions\/15976"}],"wp:attachment":[{"href":"https:\/\/www.billard-club-sottevillais.com\/index.php?rest_route=%2Fwp%2Fv2%2Fmedia&parent=15954"}],"curies":[{"name":"wp","href":"https:\/\/api.w.org\/{rel}","templated":true}]}}