{"id":15937,"date":"2025-11-02T19:14:15","date_gmt":"2025-11-02T19:14:15","guid":{"rendered":"https:\/\/www.billard-club-sottevillais.com\/?page_id=15937"},"modified":"2025-11-02T19:14:35","modified_gmt":"2025-11-02T19:14:35","slug":"bande-r2-t1-2-novembre-2025","status":"publish","type":"page","link":"https:\/\/www.billard-club-sottevillais.com\/?page_id=15937","title":{"rendered":"Bande R2 T1 &#8211; 2 Novembre 2025"},"content":{"rendered":"<p style=\"text-align: justify;\">R\u00e9sultats des Tournois, vous trouverez ici toutes les informations concernant les rencontres sportives auxquelles participe le Billard Club Sottevillais.<\/p>\n<p style=\"text-align: center;\"><!--more--><img loading=\"lazy\" decoding=\"async\" class=\"aligncenter wp-image-59 size-full\" title=\"sport\" src=\"http:\/\/www.billard-club-sottevillais.com\/wp-content\/uploads\/2011\/07\/sport.jpg\" alt=\"\" width=\"231\" height=\"116\" \/><\/p>\n<p data-start=\"171\" data-end=\"352\">Le premier tour de <strong data-start=\"202\" data-end=\"223\">Bande R\u00e9gionale 2<\/strong> s\u2019est d\u00e9roul\u00e9 le <strong data-start=\"241\" data-end=\"260\">2 novembre 2025<\/strong>, avec les joueurs r\u00e9partis en trois poules.<\/p>\n<p data-start=\"354\" data-end=\"473\">Dans la <strong data-start=\"362\" data-end=\"373\">poule C<\/strong>, compos\u00e9e de cinq joueurs, <strong data-start=\"405\" data-end=\"424\">S\u00e9bastien Hid\u00e9e<\/strong> et <strong data-start=\"428\" data-end=\"444\">Marc Goudard<\/strong> repr\u00e9sentaient notre club.<\/p>\n<ul data-start=\"475\" data-end=\"790\">\n<li data-start=\"475\" data-end=\"702\">\n<p data-start=\"477\" data-end=\"702\"><strong data-start=\"477\" data-end=\"496\">S\u00e9bastien Hid\u00e9e<\/strong> r\u00e9alise un excellent parcours avec <strong data-start=\"532\" data-end=\"560\">4 victoires sur 5 matchs<\/strong>, ne s\u2019inclinant que face \u00e0 <strong data-start=\"588\" data-end=\"615\">Claude Davitti (Oissel)<\/strong>, qui remporte logiquement la poule. S\u00e9bastien termine donc \u00e0 une belle <strong data-start=\"687\" data-end=\"699\">2\u1d49 place<\/strong>.<\/p>\n<\/li>\n<li data-start=\"703\" data-end=\"790\">\n<p data-start=\"705\" data-end=\"790\"><strong data-start=\"705\" data-end=\"721\">Marc Goudard<\/strong>, auteur d\u2019une victoire, prend la <strong data-start=\"755\" data-end=\"767\">4\u1d49 place<\/strong> au classement final.<\/p>\n<\/li>\n<\/ul>\n<p data-start=\"792\" data-end=\"899\">F\u00e9licitations \u00e0 nos deux repr\u00e9sentants pour leur engagement et leurs performances lors de ce premier tour !<\/p>\n<p><img loading=\"lazy\" decoding=\"async\" class=\"aligncenter wp-image-15938\" src=\"http:\/\/www.billard-club-sottevillais.com\/wp-content\/uploads\/2025\/11\/FM-T1-1-Bande-R2-Sotteville-Poule-C-1024x724.jpg\" alt=\"\" width=\"750\" height=\"530\" srcset=\"https:\/\/www.billard-club-sottevillais.com\/wp-content\/uploads\/2025\/11\/FM-T1-1-Bande-R2-Sotteville-Poule-C-1024x724.jpg 1024w, https:\/\/www.billard-club-sottevillais.com\/wp-content\/uploads\/2025\/11\/FM-T1-1-Bande-R2-Sotteville-Poule-C-300x212.jpg 300w, https:\/\/www.billard-club-sottevillais.com\/wp-content\/uploads\/2025\/11\/FM-T1-1-Bande-R2-Sotteville-Poule-C-768x543.jpg 768w, https:\/\/www.billard-club-sottevillais.com\/wp-content\/uploads\/2025\/11\/FM-T1-1-Bande-R2-Sotteville-Poule-C-1536x1086.jpg 1536w, https:\/\/www.billard-club-sottevillais.com\/wp-content\/uploads\/2025\/11\/FM-T1-1-Bande-R2-Sotteville-Poule-C-rotated.jpg 1754w\" sizes=\"auto, (max-width: 706px) 89vw, (max-width: 767px) 82vw, 740px\" \/><\/p>\n<h4 style=\"padding-left: 30px;\">Le pdf ici : <a href=\"http:\/\/www.billard-club-sottevillais.com\/wp-content\/uploads\/2025\/11\/FM-T1-1-Bande-R2-Sotteville-Poule-C.pdf\">FM T1-1 Bande R2-Sotteville Poule C<\/a><\/h4>\n","protected":false},"excerpt":{"rendered":"<p>R\u00e9sultats des Tournois, vous trouverez ici toutes les informations concernant les rencontres sportives auxquelles participe le Billard Club Sottevillais.<\/p>\n","protected":false},"author":7,"featured_media":0,"parent":0,"menu_order":0,"comment_status":"closed","ping_status":"closed","template":"","meta":{"footnotes":""},"class_list":["post-15937","page","type-page","status-publish","hentry"],"_links":{"self":[{"href":"https:\/\/www.billard-club-sottevillais.com\/index.php?rest_route=\/wp\/v2\/pages\/15937","targetHints":{"allow":["GET"]}}],"collection":[{"href":"https:\/\/www.billard-club-sottevillais.com\/index.php?rest_route=\/wp\/v2\/pages"}],"about":[{"href":"https:\/\/www.billard-club-sottevillais.com\/index.php?rest_route=\/wp\/v2\/types\/page"}],"author":[{"embeddable":true,"href":"https:\/\/www.billard-club-sottevillais.com\/index.php?rest_route=\/wp\/v2\/users\/7"}],"replies":[{"embeddable":true,"href":"https:\/\/www.billard-club-sottevillais.com\/index.php?rest_route=%2Fwp%2Fv2%2Fcomments&post=15937"}],"version-history":[{"count":2,"href":"https:\/\/www.billard-club-sottevillais.com\/index.php?rest_route=\/wp\/v2\/pages\/15937\/revisions"}],"predecessor-version":[{"id":15941,"href":"https:\/\/www.billard-club-sottevillais.com\/index.php?rest_route=\/wp\/v2\/pages\/15937\/revisions\/15941"}],"wp:attachment":[{"href":"https:\/\/www.billard-club-sottevillais.com\/index.php?rest_route=%2Fwp%2Fv2%2Fmedia&parent=15937"}],"curies":[{"name":"wp","href":"https:\/\/api.w.org\/{rel}","templated":true}]}}