{"id":15860,"date":"2025-10-12T16:27:14","date_gmt":"2025-10-12T16:27:14","guid":{"rendered":"https:\/\/www.billard-club-sottevillais.com\/?page_id=15860"},"modified":"2025-11-03T18:02:16","modified_gmt":"2025-11-03T18:02:16","slug":"cadre-42-2-n3-t1-12-octobre-2025","status":"publish","type":"page","link":"https:\/\/www.billard-club-sottevillais.com\/?page_id=15860","title":{"rendered":"Cadre 42\/2 N3 T1 &#8211; 12 Octobre 2025"},"content":{"rendered":"<p style=\"text-align: justify;\">R\u00e9sultats des Tournois, vous trouverez ici toutes les informations concernant les rencontres sportives auxquelles participe le Billard Club Sottevillais.<\/p>\n<p style=\"text-align: center;\"><!--more--><img loading=\"lazy\" decoding=\"async\" class=\"aligncenter wp-image-59 size-full\" title=\"sport\" src=\"http:\/\/www.billard-club-sottevillais.com\/wp-content\/uploads\/2011\/07\/sport.jpg\" alt=\"\" width=\"231\" height=\"116\" \/><\/p>\n<p data-start=\"165\" data-end=\"282\">Le premier tour du cadre 42\/2 N3 s\u2019est d\u00e9roul\u00e9 le dimanche 12 octobre \u00e0 Pacy-sur-Eure, avec deux poules de 4 joueurs.<\/p>\n<p data-start=\"284\" data-end=\"421\">Dans la poule A, <strong data-start=\"301\" data-end=\"322\">Jacques Alexandre<\/strong> repr\u00e9sentait le <strong data-start=\"339\" data-end=\"346\">BCS<\/strong>. Il termine \u00e0 la <strong data-start=\"364\" data-end=\"376\">3\u1d49 place<\/strong> de sa poule. Cyril Garreau du club de Louviers remporte ce tour.<\/p>\n<p data-start=\"284\" data-end=\"421\"><img loading=\"lazy\" decoding=\"async\" class=\"aligncenter size-large wp-image-15866\" src=\"http:\/\/www.billard-club-sottevillais.com\/wp-content\/uploads\/2025\/10\/FM-T1-Cadre-N3-Poule-A-Pacy1-e1760299515312-1024x724.jpg\" alt=\"\" width=\"525\" height=\"371\" srcset=\"https:\/\/www.billard-club-sottevillais.com\/wp-content\/uploads\/2025\/10\/FM-T1-Cadre-N3-Poule-A-Pacy1-e1760299515312-1024x724.jpg 1024w, https:\/\/www.billard-club-sottevillais.com\/wp-content\/uploads\/2025\/10\/FM-T1-Cadre-N3-Poule-A-Pacy1-e1760299515312-300x212.jpg 300w, https:\/\/www.billard-club-sottevillais.com\/wp-content\/uploads\/2025\/10\/FM-T1-Cadre-N3-Poule-A-Pacy1-e1760299515312-768x543.jpg 768w, https:\/\/www.billard-club-sottevillais.com\/wp-content\/uploads\/2025\/10\/FM-T1-Cadre-N3-Poule-A-Pacy1-e1760299515312-1536x1086.jpg 1536w, https:\/\/www.billard-club-sottevillais.com\/wp-content\/uploads\/2025\/10\/FM-T1-Cadre-N3-Poule-A-Pacy1-e1760299515312.jpg 1754w\" sizes=\"auto, (max-width: 525px) 100vw, 525px\" \/><\/p>\n<h4 style=\"padding-left: 30px;\">Le pdf ici : <a href=\"http:\/\/www.billard-club-sottevillais.com\/wp-content\/uploads\/2025\/10\/FM-T1-Cadre-N3-Poule-A-Pacy.pdf\">FM T1 Cadre N3 Poule A Pacy<\/a><\/h4>\n","protected":false},"excerpt":{"rendered":"<p>R\u00e9sultats des Tournois, vous trouverez ici toutes les informations concernant les rencontres sportives auxquelles participe le Billard Club Sottevillais.<\/p>\n","protected":false},"author":7,"featured_media":0,"parent":0,"menu_order":0,"comment_status":"closed","ping_status":"closed","template":"","meta":{"footnotes":""},"class_list":["post-15860","page","type-page","status-publish","hentry"],"_links":{"self":[{"href":"https:\/\/www.billard-club-sottevillais.com\/index.php?rest_route=\/wp\/v2\/pages\/15860","targetHints":{"allow":["GET"]}}],"collection":[{"href":"https:\/\/www.billard-club-sottevillais.com\/index.php?rest_route=\/wp\/v2\/pages"}],"about":[{"href":"https:\/\/www.billard-club-sottevillais.com\/index.php?rest_route=\/wp\/v2\/types\/page"}],"author":[{"embeddable":true,"href":"https:\/\/www.billard-club-sottevillais.com\/index.php?rest_route=\/wp\/v2\/users\/7"}],"replies":[{"embeddable":true,"href":"https:\/\/www.billard-club-sottevillais.com\/index.php?rest_route=%2Fwp%2Fv2%2Fcomments&post=15860"}],"version-history":[{"count":4,"href":"https:\/\/www.billard-club-sottevillais.com\/index.php?rest_route=\/wp\/v2\/pages\/15860\/revisions"}],"predecessor-version":[{"id":15953,"href":"https:\/\/www.billard-club-sottevillais.com\/index.php?rest_route=\/wp\/v2\/pages\/15860\/revisions\/15953"}],"wp:attachment":[{"href":"https:\/\/www.billard-club-sottevillais.com\/index.php?rest_route=%2Fwp%2Fv2%2Fmedia&parent=15860"}],"curies":[{"name":"wp","href":"https:\/\/api.w.org\/{rel}","templated":true}]}}