{"id":15797,"date":"2025-08-24T09:50:10","date_gmt":"2025-08-24T09:50:10","guid":{"rendered":"https:\/\/www.billard-club-sottevillais.com\/?page_id=15797"},"modified":"2025-08-24T09:50:10","modified_gmt":"2025-08-24T09:50:10","slug":"resultats-sportifs-saison-2024-2025","status":"publish","type":"page","link":"https:\/\/www.billard-club-sottevillais.com\/?page_id=15797","title":{"rendered":"R\u00e9sultats sportifs saison 2024 \/ 2025"},"content":{"rendered":"<h4><a href=\"https:\/\/www.billard-club-sottevillais.com\/?page_id=15752\">4 Billes F FL &#8211; 15 Juin 2025<\/a><\/h4>\n<p>La Finale de Ligue de 4 Billes F\u00e9minines \u00e0 Rouen<\/p>\n<h4><a href=\"https:\/\/www.billard-club-sottevillais.com\/?page_id=15739\">4 Billes R1 FL &#8211; 1 Juin 2025<\/a><\/h4>\n<p>La Finale de Ligue de 4 Billes R1 \u00e0 Rouen<\/p>\n<h4><a href=\"https:\/\/www.billard-club-sottevillais.com\/?page_id=15743\">4 Billes R2 FL &#8211; 1 Juin 2025<\/a><\/h4>\n<p>La Finale de Ligue de 4 Billes R2 \u00e0 Pacy-sur-Eure<\/p>\n<h4><a href=\"https:\/\/www.billard-club-sottevillais.com\/?page_id=15687\">4 Billes R1 FD &#8211; 10 Mai 2025<\/a><\/h4>\n<p>La Finale d\u00e9partementale de 4 Billes R1 \u00e0 Sotteville-l\u00e8s-Rouen<\/p>\n<h4><a href=\"https:\/\/www.billard-club-sottevillais.com\/?page_id=15683\">4 Billes R2 FD &#8211; 10 Mai 2025<\/a><\/h4>\n<p>La Finale d\u00e9partementale de 4 Billes R2 \u00e0 Rouen<\/p>\n<h4><a href=\"https:\/\/www.billard-club-sottevillais.com\/?page_id=15666\">Bande R2 T3 &#8211; 04 Mai 2025<\/a><\/h4>\n<p>Le 3\u00e8me Tour de Bande R2 au Havre<\/p>\n<h4><a href=\"https:\/\/www.billard-club-sottevillais.com\/?page_id=15653\">4 Billes R2 T3 &#8211; 03 Mai 2025<\/a><\/h4>\n<p>Le 3\u00e8me Tour de 4 Billes R2 \u00e0 Cany-Barville, Oissel et Rouen<\/p>\n<h4><a href=\"https:\/\/www.billard-club-sottevillais.com\/?page_id=15648\">4 Billes R1 T3 &#8211; 03 Mai 2025<\/a><\/h4>\n<p>Le 3\u00e8me Tour de 4 Billes R1 \u00e0 Sotteville-l\u00e8s-Rouen<\/p>\n<h4><a href=\"https:\/\/www.billard-club-sottevillais.com\/?page_id=15630\">Libre R4 FL &#8211; 27 Avril 2025<\/a><\/h4>\n<p>La Finale de ligue de Normandie Libre R4 \u00e0 Sotteville-l\u00e8s-Rouen<\/p>\n<h4><a href=\"https:\/\/www.billard-club-sottevillais.com\/?page_id=15622\">Libre R1 FL &#8211; 27 Avril 2025<\/a><\/h4>\n<p>La Finale de ligue de Normandie Libre R1 \u00e0 Evreux<\/p>\n<h4><a href=\"https:\/\/www.billard-club-sottevillais.com\/?page_id=15611\">Equipe D6 \u2013 15 Avril 2025<\/a><\/h4>\n<p>l\u2019\u00e9quipe D6 Sotteville B &#8211; Argences B<\/p>\n<h4><a href=\"https:\/\/www.billard-club-sottevillais.com\/?page_id=15605\">Equipe D4 \u2013 08 Avril 2025<\/a><\/h4>\n<p>l\u2019\u00e9quipe D4 Sotteville A &#8211; Pacy B<\/p>\n<h4><a href=\"https:\/\/www.billard-club-sottevillais.com\/?page_id=15554\">\u00c9quipe JDS D4 \u2013 05 Avril 2025<\/a><\/h4>\n<p>l\u2019\u00e9quipe JDS D4 \u00e0 Sotteville<\/p>\n<h4><a href=\"https:\/\/www.billard-club-sottevillais.com\/?page_id=15546\">3 Bandes N3 T3 &#8211; 22 Mars 2025<\/a><\/h4>\n<p>Le 3\u00e8me Tour de 3 Bandes \u00e0 St Nicolas d&rsquo;Aliermont<\/p>\n<h4><a href=\"https:\/\/www.billard-club-sottevillais.com\/?page_id=15533\">Equipe D6 \u2013 11 Mars 2025<\/a><\/h4>\n<p>l\u2019\u00e9quipe D6 Rouen C &#8211; Sotteville B<\/p>\n<h4>Libre R3 T3 &#8211; 09 Mars 2025<\/h4>\n<p>Le 3\u00e8me Tour de Libre R3 \u00e0 St Nicolas d&rsquo;aliermont<\/p>\n<h4><a href=\"https:\/\/www.billard-club-sottevillais.com\/?page_id=15513\">Cadre R\u00e9gional FL &#8211; 09 Mars 2025<\/a><\/h4>\n<p>Finalme de Ligue Cadre r\u00e9gional \u00e0 Evreux<\/p>\n<h4><a href=\"https:\/\/www.billard-club-sottevillais.com\/?page_id=15509\">Equipe D6 \u2013 04 Mars 2025<\/a><\/h4>\n<p>l\u2019\u00e9quipe D6 F\u00e9camp &#8211; Sotteville B<\/p>\n<h4><a href=\"https:\/\/www.billard-club-sottevillais.com\/?page_id=15490\">Libre R4 FD &#8211; 23 F\u00e9vrier 2025<\/a><\/h4>\n<p>La Finale d\u00e9partementale de Libre R4 \u00e0 Sotteville-l\u00e8s-Rouen<\/p>\n<h4><a href=\"https:\/\/www.billard-club-sottevillais.com\/?page_id=15495\">4 Billes R1 T2 &#8211; 22 F\u00e9vrier 2025<\/a><\/h4>\n<p>Le 2\u00e8me Tour de 4 Billes R1 \u00e0 Rouen<\/p>\n<h4><a href=\"https:\/\/www.billard-club-sottevillais.com\/?page_id=15477\">Equipe D4 \u2013 18 F\u00e9vrier 2025<\/a><\/h4>\n<p>l\u2019\u00e9quipe D4 Cany C- Sotteville A<\/p>\n<h4><a href=\"https:\/\/www.billard-club-sottevillais.com\/?page_id=15518\">Libre N3 T4 &#8211; 16 F\u00e9vrier 2025<\/a><\/h4>\n<p>Le 4\u00e8me Tour de Libre N3 \u00e0 La Saussaye<\/p>\n<h4><a href=\"https:\/\/www.billard-club-sottevillais.com\/?page_id=15481\">5 Quilles T3 &#8211; 10 F\u00e9vrier 2025<\/a><\/h4>\n<p>Le module Sotteville recevait Louviers 1<\/p>\n<h4><a href=\"http:\/\/www.billard-club-sottevillais.com\/?page_id=15468\">3 Bandes R2 T2 &#8211; 9 F\u00e9vrier 2025<\/a><\/h4>\n<p>Le 2\u00e8me Tour de 3 Bandes au Havre<\/p>\n<h4><a href=\"http:\/\/www.billard-club-sottevillais.com\/?page_id=15445\">3 Bandes N3 T2 &#8211; 9 F\u00e9vrier 2025<\/a><\/h4>\n<p>Le 2\u00e8me Tour de 3 Bandes \u00e0 Rouen et \u00e0 Sotteville-l\u00e8s-Rouen<a href=\"https:\/\/www.billard-club-sottevillais.com\/?page_id=15437\">\u00a0<\/a><\/p>\n<h4><a href=\"https:\/\/www.billard-club-sottevillais.com\/?page_id=15437\">4 Billes R2 T2 &#8211; 8 F\u00e9vrier 2025<\/a><\/h4>\n<p>Le 2\u00e8me Tour de 4 Billes R2 \u00e0 Cany-Barville<\/p>\n<h4><a href=\"https:\/\/www.billard-club-sottevillais.com\/?page_id=15414\">Bande R2 T2 &#8211; 02 F\u00e9vrier 2025<\/a><\/h4>\n<p>Le 2\u00e8me Tour de Bande R2 au Havre<\/p>\n<h4><a href=\"https:\/\/www.billard-club-sottevillais.com\/?page_id=15409\">Bande R1 T2 &#8211; 02 F\u00e9vrier 2025<\/a><\/h4>\n<p>Le 2\u00e8me Tour de Bande R1 \u00e0 Rouen<\/p>\n<h4><a href=\"https:\/\/www.billard-club-sottevillais.com\/?page_id=15424\">Bande N3 T4 &#8211; 02 F\u00e9vrier 2025<\/a><\/h4>\n<p>Le 4\u00e8me Tour de Bande N3 \u00e0 St Nicolas d&rsquo;Aliermont<\/p>\n<h4><a href=\"https:\/\/www.billard-club-sottevillais.com\/?page_id=15420\">Bande N3 T3 &#8211; 02 F\u00e9vrier 2025<\/a><\/h4>\n<p>Le 3\u00e8me Tour de Bande N3 \u00e0 St Nicolas d&rsquo;Aliermont<\/p>\n<h4>Equipe D6 \u2013 28 Janvier 2025<\/h4>\n<p>l\u2019\u00e9quipe D6 Sotteville B &#8211; Bernay D<\/p>\n<h4><a href=\"https:\/\/www.billard-club-sottevillais.com\/?page_id=15398\">Equipe D4 \u2013 28 Janvier 2025<\/a><\/h4>\n<p>l\u2019\u00e9quipe D4 Bernay C- Sotteville A<\/p>\n<h4><a href=\"https:\/\/www.billard-club-sottevillais.com\/?page_id=15393\">Libre R3 T2 &#8211; 26 Janvier 2025<\/a><\/h4>\n<p>Le 2\u00e8me Tour de Libre R3 au Havre<\/p>\n<h4><a href=\"https:\/\/www.billard-club-sottevillais.com\/?page_id=15382\">Libre R1 T3 &#8211; 26 Janvier 2025<\/a><\/h4>\n<p>Le 3\u00e8me Tour de Libre R1 \u00e0 Sotteville-l\u00e8s-Rouen<\/p>\n<h4><a href=\"https:\/\/www.billard-club-sottevillais.com\/?page_id=15359\">Libre R4 T3 &#8211; 19 Janvier 2025<\/a><\/h4>\n<p>Le 3\u00e8me Tour de Libre R4 \u00e0 Oissel, F\u00e9camp et Cany-Barville<\/p>\n<h4><a href=\"https:\/\/www.billard-club-sottevillais.com\/?page_id=15350\">Cadre R\u00e9gional T3 &#8211; 19 Janvier 2025<\/a><\/h4>\n<p>Le 3\u00e8me Tour de Cadre r\u00e9gional \u00e0 Pacy-sur Eure et Sotteville-l\u00e8s-Rouen<\/p>\n<h4><a href=\"https:\/\/www.billard-club-sottevillais.com\/?page_id=15319\">Libre N3 T3 &#8211; 12 Janvier 2025<\/a><\/h4>\n<p>Le 3\u00e8me Tour de Libre N3 \u00e0 Louviers<\/p>\n<h4><a href=\"https:\/\/www.billard-club-sottevillais.com\/?page_id=15322\">Equipe D4 \u2013 07 Janvier 2025<\/a><\/h4>\n<p>l\u2019\u00e9quipe D4 St Marcel A &#8211; Sotteville A<\/p>\n<h4><a href=\"https:\/\/www.billard-club-sottevillais.com\/?page_id=15303\">5 Quilles T2 &#8211; 5 Janvier 2025<\/a><\/h4>\n<p>Le module Sotteville recevait Rouen-St Nicolas<\/p>\n<h4><a href=\"https:\/\/www.billard-club-sottevillais.com\/?page_id=15260\">Cadre R\u00e9gional T2 &#8211; 15 D\u00e9cembre 2024<\/a><\/h4>\n<p>Le 2\u00e8me Tour de Cadre r\u00e9gional \u00e0 Lisieux, Louviers et Evreux<\/p>\n<h4><a href=\"https:\/\/www.billard-club-sottevillais.com\/?page_id=15269\">Libre R4 T2 &#8211; 15 D\u00e9cembre 2024<\/a><\/h4>\n<p>Le 2\u00e8me Tour de Libre R4 \u00e0 Sotteville-l\u00e8s-Rouen<\/p>\n<h4><a href=\"https:\/\/www.billard-club-sottevillais.com\/?page_id=15246\">Bande R2 T1 &#8211; 08 D\u00e9cembre 2024<\/a><\/h4>\n<p>Le 1er Tour de Bande R2 \u00e0 Sotteville-l\u00e8s-Rouen<\/p>\n<h4><a href=\"https:\/\/www.billard-club-sottevillais.com\/?page_id=15252\">Bande R1 T1 &#8211; 08 D\u00e9cembre 2024<\/a><\/h4>\n<p>Le 1er Tour de Bande R1 \u00e0 St Nicolas d&rsquo;Aliermont<\/p>\n<h4><a href=\"https:\/\/www.billard-club-sottevillais.com\/?page_id=15241\">Bande N3 T2 &#8211; 08 D\u00e9cembre 2024<\/a><\/h4>\n<p>Le 2\u00e8me Tour de Bande N3 \u00e0 Sotteville-l\u00e8s-Rouen<\/p>\n<h4><a href=\"https:\/\/www.billard-club-sottevillais.com\/?page_id=15234\">Bande N3 T1 &#8211; 08 D\u00e9cembre 2024<\/a><\/h4>\n<p>Le 1er Tour de Bande N3 \u00e0 Sotteville-l\u00e8s-Rouen<\/p>\n<h4><a href=\"https:\/\/www.billard-club-sottevillais.com\/?page_id=15224\">\u00c9quipe JDS D4 \u2013 07 D\u00e9cembre 2024<\/a><\/h4>\n<p>l\u2019\u00e9quipe JDS D4 \u00e0 Louviers<\/p>\n<h4><a href=\"https:\/\/www.billard-club-sottevillais.com\/?page_id=15204\">4 Billes R2 T1 &#8211; 7 D\u00e9cembre 2024<\/a><\/h4>\n<p>Le 1er Tour de 4 Billes R2 \u00e0 Cany-Barville, Oissel et Rouen<\/p>\n<h4><a href=\"https:\/\/www.billard-club-sottevillais.com\/?page_id=15213\">Equipe D4 \u2013 03 D\u00e9cembre 2024<\/a><\/h4>\n<p>l\u2019\u00e9quipe D4 Pacy C &#8211; Sotteville A<\/p>\n<h4><a href=\"https:\/\/www.billard-club-sottevillais.com\/?page_id=15217\">Equipe D6 \u2013 03 D\u00e9cembre 2024<\/a><\/h4>\n<p>l\u2019\u00e9quipe D6\u00a0 Sotteville B &#8211; Rouen C<\/p>\n<h4><a href=\"https:\/\/www.billard-club-sottevillais.com\/?page_id=15289\">3 Bandes R2 T1 &#8211; 1 D\u00e9cembre 2024<\/a><\/h4>\n<p>Le 1er Tour de 3 Bandes R2 au Havre<\/p>\n<h4><a href=\"https:\/\/www.billard-club-sottevillais.com\/?page_id=15187\">3 Bandes N3 T1 &#8211; 30 Novembre 2024<\/a><\/h4>\n<p>Le 1er Tour de 3 Bandes N3 \u00e0 Rouen<\/p>\n<h4><a href=\"https:\/\/www.billard-club-sottevillais.com\/?page_id=15160\">Libre N3 T2 &#8211; 24 Novembre 2024<\/a><\/h4>\n<p>Le 2\u00e8me Tour de Libre N3 \u00e0 La Saussaye<\/p>\n<h4><a href=\"https:\/\/www.billard-club-sottevillais.com\/?page_id=15144\">Equipe D4 \u2013 19 Novembre 2024<\/a><\/h4>\n<p>l\u2019\u00e9quipe D4 Sotteville A &#8211; Cany C<\/p>\n<h4><a href=\"https:\/\/www.billard-club-sottevillais.com\/?page_id=15111\">Cadre R\u00e9gional T1 &#8211; 17 Novembre 2024<\/a><\/h4>\n<p>Le 1er Tour de Cadre r\u00e9gional \u00e0 Sotteville-l\u00e8s-Rouen<\/p>\n<h4><a href=\"https:\/\/www.billard-club-sottevillais.com\/?page_id=15113\">Libre R4 T1 &#8211; 17 Novembre 2024<\/a><\/h4>\n<p>Le 1er Tour de Libre R4 \u00e0 Cany-Barville et F\u00e9camp<\/p>\n<h4><a href=\"https:\/\/www.billard-club-sottevillais.com\/?page_id=15117\">Equipe D6 \u2013 13 Novembre 2024<\/a><\/h4>\n<p>l\u2019\u00e9quipe D6 Argences A &#8211; Sotteville B<\/p>\n<h4><a href=\"https:\/\/www.billard-club-sottevillais.com\/?page_id=15105\">Equipe D4 \u2013 12 Novembre 2024<\/a><\/h4>\n<p>l\u2019\u00e9quipe D4 Sotteville A &#8211; Bernay B<\/p>\n<h4><a href=\"https:\/\/www.billard-club-sottevillais.com\/?page_id=15060\">Libre R3 T1 &#8211; 10 Novembre 2024<\/a><\/h4>\n<p>Le 1er Tour de Libre R3 \u00e0 St Nicolas d&rsquo;aliermont<\/p>\n<h4><a href=\"https:\/\/www.billard-club-sottevillais.com\/?page_id=15058\">Libre R1 T2 &#8211; 10 Novembre 2024<\/a><\/h4>\n<p>Le 1er Tour de Libre R1 \u00e0 La Saussaye<\/p>\n<h4><a href=\"https:\/\/www.billard-club-sottevillais.com\/?page_id=15098\">Equipe D6 \u2013 5 Novembre 2024<\/a><\/h4>\n<p>l\u2019\u00e9quipe D6 Bernay C &#8211; Sotteville B<\/p>\n<h4><a href=\"https:\/\/www.billard-club-sottevillais.com\/?page_id=15052\">Equipe D4 \u2013 5 Novembre 2024<\/a><\/h4>\n<p>l\u2019\u00e9quipe D4 Sotteville A &#8211; Pacy C<\/p>\n<h4><a href=\"https:\/\/www.billard-club-sottevillais.com\/?page_id=15045\">5 Quilles &#8211; 1 Novembre 2024<\/a><\/h4>\n<p>5 Quilles &#8211; Prologue<\/p>\n<h4><a href=\"https:\/\/www.billard-club-sottevillais.com\/?page_id=15037\">Equipe D6 \u2013 29 Octobre 2024<\/a><\/h4>\n<p>l\u2019\u00e9quipe D6 Argences B &#8211; Sotteville B<\/p>\n<h4><a href=\"https:\/\/www.billard-club-sottevillais.com\/?page_id=15016\">Equipe D4 \u2013 22 Octobre 2024<\/a><\/h4>\n<p>l\u2019\u00e9quipe D4 Sotteville A &#8211; St Marcel A<\/p>\n<h4><a href=\"https:\/\/www.billard-club-sottevillais.com\/?page_id=15005\">Libre R1 T1 &#8211; 20 Octobre 2024<\/a><\/h4>\n<p>Le 1er Tour de Libre R1 \u00e0 Sotteville-l\u00e8s-Rouen<\/p>\n<h4><a href=\"https:\/\/www.billard-club-sottevillais.com\/?page_id=15000\">Equipe D4 \u2013 15 Octobre 2024<\/a><\/h4>\n<p>l\u2019\u00e9quipe D4 Sotteville A &#8211; Cormelles C<\/p>\n<h4><a href=\"https:\/\/www.billard-club-sottevillais.com\/?page_id=14989\">Libre N3 T1 &#8211; 13 Octobre 2024<\/a><\/h4>\n<p>Le 1er Tour de Libre N3 \u00e0 Louviers<\/p>\n<h4>\u00a0<\/h4>\n","protected":false},"excerpt":{"rendered":"<p>4 Billes F FL &#8211; 15 Juin 2025 La Finale de Ligue de 4 Billes F\u00e9minines \u00e0 Rouen 4 Billes R1 FL &#8211; 1 Juin 2025 La Finale de Ligue de 4 Billes R1 \u00e0 Rouen 4 Billes R2 FL &#8211; 1 Juin 2025 La Finale de Ligue de 4 Billes R2 \u00e0 Pacy-sur-Eure 4 &hellip; <\/p>\n<p class=\"link-more\"><a href=\"https:\/\/www.billard-club-sottevillais.com\/?page_id=15797\" class=\"more-link\">Continuer la lecture<span class=\"screen-reader-text\"> de &laquo;&nbsp;R\u00e9sultats sportifs saison 2024 \/ 2025&nbsp;&raquo;<\/span><\/a><\/p>\n","protected":false},"author":7,"featured_media":0,"parent":0,"menu_order":0,"comment_status":"closed","ping_status":"closed","template":"","meta":{"footnotes":""},"class_list":["post-15797","page","type-page","status-publish","hentry"],"_links":{"self":[{"href":"https:\/\/www.billard-club-sottevillais.com\/index.php?rest_route=\/wp\/v2\/pages\/15797","targetHints":{"allow":["GET"]}}],"collection":[{"href":"https:\/\/www.billard-club-sottevillais.com\/index.php?rest_route=\/wp\/v2\/pages"}],"about":[{"href":"https:\/\/www.billard-club-sottevillais.com\/index.php?rest_route=\/wp\/v2\/types\/page"}],"author":[{"embeddable":true,"href":"https:\/\/www.billard-club-sottevillais.com\/index.php?rest_route=\/wp\/v2\/users\/7"}],"replies":[{"embeddable":true,"href":"https:\/\/www.billard-club-sottevillais.com\/index.php?rest_route=%2Fwp%2Fv2%2Fcomments&post=15797"}],"version-history":[{"count":1,"href":"https:\/\/www.billard-club-sottevillais.com\/index.php?rest_route=\/wp\/v2\/pages\/15797\/revisions"}],"predecessor-version":[{"id":15798,"href":"https:\/\/www.billard-club-sottevillais.com\/index.php?rest_route=\/wp\/v2\/pages\/15797\/revisions\/15798"}],"wp:attachment":[{"href":"https:\/\/www.billard-club-sottevillais.com\/index.php?rest_route=%2Fwp%2Fv2%2Fmedia&parent=15797"}],"curies":[{"name":"wp","href":"https:\/\/api.w.org\/{rel}","templated":true}]}}