{"id":15743,"date":"2025-06-02T21:23:30","date_gmt":"2025-06-02T21:23:30","guid":{"rendered":"https:\/\/www.billard-club-sottevillais.com\/?page_id=15743"},"modified":"2025-06-02T21:23:44","modified_gmt":"2025-06-02T21:23:44","slug":"4-billes-r2-fl-1-juin-2025","status":"publish","type":"page","link":"https:\/\/www.billard-club-sottevillais.com\/?page_id=15743","title":{"rendered":"4 Billes R2 FL &#8211; 1 Juin 2025"},"content":{"rendered":"<p style=\"text-align: justify;\">R\u00e9sultats des Tournois, vous trouverez ici toutes les informations concernant les rencontres sportives auxquelles participe le Billard Club Sottevillais.<\/p>\n<p style=\"text-align: center;\"><!--more--><img loading=\"lazy\" decoding=\"async\" class=\"aligncenter size-full wp-image-8398\" title=\"Res-Sport\" src=\"http:\/\/www.billard-club-sottevillais.com\/wp-content\/uploads\/2011\/07\/Res-Sport1.jpg\" alt=\"\" width=\"231\" height=\"116\" \/><\/p>\n<p style=\"text-align: justify;\">Le Finale d\u00e9partementale de 4 Billes R2 s&rsquo;est d\u00e9roul\u00e9 le 1 Juin 2025 \u00e0 Pacy-sur-Eure dans une finale \u00e0 6 joueurs. Romain Lefevre et Francine Burgot repr\u00e9sentaient le BCS.<\/p>\n<p>Romain remporte 1 match. Il termine 6\u00e8me.<\/p>\n<p style=\"text-align: justify;\">Francine gagne 2 matchs, elle finit 4\u00e8me.<\/p>\n<p>Tristan Malerba de Oissel gagne ses 5 matchs et termine 1er.<\/p>\n<p><img loading=\"lazy\" decoding=\"async\" class=\"aligncenter wp-image-15744\" src=\"http:\/\/www.billard-club-sottevillais.com\/wp-content\/uploads\/2025\/06\/FM-FL-4-billes-R2-Pacy-01-06-2025-1024x724.jpg\" alt=\"\" width=\"750\" height=\"530\" srcset=\"https:\/\/www.billard-club-sottevillais.com\/wp-content\/uploads\/2025\/06\/FM-FL-4-billes-R2-Pacy-01-06-2025-1024x724.jpg 1024w, https:\/\/www.billard-club-sottevillais.com\/wp-content\/uploads\/2025\/06\/FM-FL-4-billes-R2-Pacy-01-06-2025-300x212.jpg 300w, https:\/\/www.billard-club-sottevillais.com\/wp-content\/uploads\/2025\/06\/FM-FL-4-billes-R2-Pacy-01-06-2025-768x543.jpg 768w, https:\/\/www.billard-club-sottevillais.com\/wp-content\/uploads\/2025\/06\/FM-FL-4-billes-R2-Pacy-01-06-2025-1536x1086.jpg 1536w, https:\/\/www.billard-club-sottevillais.com\/wp-content\/uploads\/2025\/06\/FM-FL-4-billes-R2-Pacy-01-06-2025-rotated.jpg 1754w\" sizes=\"auto, (max-width: 706px) 89vw, (max-width: 767px) 82vw, 740px\" \/><\/p>\n<h4 style=\"padding-left: 30px;\">Le pdf ici : <a href=\"http:\/\/www.billard-club-sottevillais.com\/wp-content\/uploads\/2025\/06\/FM-FL-4-billes-R2-Pacy-01-06-2025.pdf\">FM FL 4 billes R2 Pacy 01-06-2025<\/a><\/h4>\n","protected":false},"excerpt":{"rendered":"<p>R\u00e9sultats des Tournois, vous trouverez ici toutes les informations concernant les rencontres sportives auxquelles participe le Billard Club Sottevillais.<\/p>\n","protected":false},"author":7,"featured_media":0,"parent":0,"menu_order":0,"comment_status":"closed","ping_status":"closed","template":"","meta":{"footnotes":""},"class_list":["post-15743","page","type-page","status-publish","hentry"],"_links":{"self":[{"href":"https:\/\/www.billard-club-sottevillais.com\/index.php?rest_route=\/wp\/v2\/pages\/15743","targetHints":{"allow":["GET"]}}],"collection":[{"href":"https:\/\/www.billard-club-sottevillais.com\/index.php?rest_route=\/wp\/v2\/pages"}],"about":[{"href":"https:\/\/www.billard-club-sottevillais.com\/index.php?rest_route=\/wp\/v2\/types\/page"}],"author":[{"embeddable":true,"href":"https:\/\/www.billard-club-sottevillais.com\/index.php?rest_route=\/wp\/v2\/users\/7"}],"replies":[{"embeddable":true,"href":"https:\/\/www.billard-club-sottevillais.com\/index.php?rest_route=%2Fwp%2Fv2%2Fcomments&post=15743"}],"version-history":[{"count":3,"href":"https:\/\/www.billard-club-sottevillais.com\/index.php?rest_route=\/wp\/v2\/pages\/15743\/revisions"}],"predecessor-version":[{"id":15748,"href":"https:\/\/www.billard-club-sottevillais.com\/index.php?rest_route=\/wp\/v2\/pages\/15743\/revisions\/15748"}],"wp:attachment":[{"href":"https:\/\/www.billard-club-sottevillais.com\/index.php?rest_route=%2Fwp%2Fv2%2Fmedia&parent=15743"}],"curies":[{"name":"wp","href":"https:\/\/api.w.org\/{rel}","templated":true}]}}