{"id":15739,"date":"2025-06-02T21:15:14","date_gmt":"2025-06-02T21:15:14","guid":{"rendered":"https:\/\/www.billard-club-sottevillais.com\/?page_id=15739"},"modified":"2025-06-02T21:15:14","modified_gmt":"2025-06-02T21:15:14","slug":"4-billes-r1-fl-1-juin-2025","status":"publish","type":"page","link":"https:\/\/www.billard-club-sottevillais.com\/?page_id=15739","title":{"rendered":"4 Billes R1 FL &#8211; 1 Juin 2025"},"content":{"rendered":"<p style=\"text-align: justify;\">R\u00e9sultats des Tournois, vous trouverez ici toutes les informations concernant les rencontres sportives auxquelles participe le Billard Club Sottevillais.<\/p>\n<p style=\"text-align: center;\"><!--more--><img loading=\"lazy\" decoding=\"async\" class=\"aligncenter size-full wp-image-8398\" title=\"Res-Sport\" src=\"http:\/\/www.billard-club-sottevillais.com\/wp-content\/uploads\/2011\/07\/Res-Sport1.jpg\" alt=\"\" width=\"231\" height=\"116\" \/><\/p>\n<p style=\"text-align: justify;\">Le Finale de Ligue de 4 Billes R1 s&rsquo;est d\u00e9roul\u00e9 le 1 Juin 2025 \u00e0 Rouen dans une finale \u00e0 6 joueurs. S\u00e9bastien Hid\u00e9e repr\u00e9sentait le BCS.<\/p>\n<p style=\"text-align: justify;\">S\u00e9bastien gagne 1 match, il termine 5\u00e8me.<\/p>\n<p>Ludovic Duche de Oissel gagne 4 matchs. Il finit 1er.\u00a0 Il est champion de Normandie.<\/p>\n<p><img loading=\"lazy\" decoding=\"async\" class=\"aligncenter wp-image-15740\" src=\"http:\/\/www.billard-club-sottevillais.com\/wp-content\/uploads\/2025\/06\/FM-FL-4-billes-R1-Rouen-01-06-2025-1024x724.jpg\" alt=\"\" width=\"750\" height=\"530\" srcset=\"https:\/\/www.billard-club-sottevillais.com\/wp-content\/uploads\/2025\/06\/FM-FL-4-billes-R1-Rouen-01-06-2025-1024x724.jpg 1024w, https:\/\/www.billard-club-sottevillais.com\/wp-content\/uploads\/2025\/06\/FM-FL-4-billes-R1-Rouen-01-06-2025-300x212.jpg 300w, https:\/\/www.billard-club-sottevillais.com\/wp-content\/uploads\/2025\/06\/FM-FL-4-billes-R1-Rouen-01-06-2025-768x543.jpg 768w, https:\/\/www.billard-club-sottevillais.com\/wp-content\/uploads\/2025\/06\/FM-FL-4-billes-R1-Rouen-01-06-2025-1536x1086.jpg 1536w, https:\/\/www.billard-club-sottevillais.com\/wp-content\/uploads\/2025\/06\/FM-FL-4-billes-R1-Rouen-01-06-2025-rotated.jpg 1754w\" sizes=\"auto, (max-width: 706px) 89vw, (max-width: 767px) 82vw, 740px\" \/><\/p>\n<h4><\/h4>\n<h4 style=\"padding-left: 30px;\">Le pdf ici : <a href=\"http:\/\/www.billard-club-sottevillais.com\/wp-content\/uploads\/2025\/06\/FM-FL-4-billes-R1-Rouen-01-06-2025.pdf\">FM FL 4 billes R1 Rouen 01-06-2025<\/a><\/h4>\n","protected":false},"excerpt":{"rendered":"<p>R\u00e9sultats des Tournois, vous trouverez ici toutes les informations concernant les rencontres sportives auxquelles participe le Billard Club Sottevillais.<\/p>\n","protected":false},"author":7,"featured_media":0,"parent":0,"menu_order":0,"comment_status":"closed","ping_status":"closed","template":"","meta":{"footnotes":""},"class_list":["post-15739","page","type-page","status-publish","hentry"],"_links":{"self":[{"href":"https:\/\/www.billard-club-sottevillais.com\/index.php?rest_route=\/wp\/v2\/pages\/15739","targetHints":{"allow":["GET"]}}],"collection":[{"href":"https:\/\/www.billard-club-sottevillais.com\/index.php?rest_route=\/wp\/v2\/pages"}],"about":[{"href":"https:\/\/www.billard-club-sottevillais.com\/index.php?rest_route=\/wp\/v2\/types\/page"}],"author":[{"embeddable":true,"href":"https:\/\/www.billard-club-sottevillais.com\/index.php?rest_route=\/wp\/v2\/users\/7"}],"replies":[{"embeddable":true,"href":"https:\/\/www.billard-club-sottevillais.com\/index.php?rest_route=%2Fwp%2Fv2%2Fcomments&post=15739"}],"version-history":[{"count":1,"href":"https:\/\/www.billard-club-sottevillais.com\/index.php?rest_route=\/wp\/v2\/pages\/15739\/revisions"}],"predecessor-version":[{"id":15742,"href":"https:\/\/www.billard-club-sottevillais.com\/index.php?rest_route=\/wp\/v2\/pages\/15739\/revisions\/15742"}],"wp:attachment":[{"href":"https:\/\/www.billard-club-sottevillais.com\/index.php?rest_route=%2Fwp%2Fv2%2Fmedia&parent=15739"}],"curies":[{"name":"wp","href":"https:\/\/api.w.org\/{rel}","templated":true}]}}