{"id":15687,"date":"2025-05-11T09:30:19","date_gmt":"2025-05-11T09:30:19","guid":{"rendered":"https:\/\/www.billard-club-sottevillais.com\/?page_id=15687"},"modified":"2025-05-11T09:40:12","modified_gmt":"2025-05-11T09:40:12","slug":"4-billes-r1-fd-10-mai-2025","status":"publish","type":"page","link":"https:\/\/www.billard-club-sottevillais.com\/?page_id=15687","title":{"rendered":"4 Billes R1 FD &#8211; 10 Mai 2025"},"content":{"rendered":"<p style=\"text-align: justify;\">R\u00e9sultats des Tournois, vous trouverez ici toutes les informations concernant les rencontres sportives auxquelles participe le Billard Club Sottevillais.<\/p>\n<p style=\"text-align: center;\"><!--more--><img loading=\"lazy\" decoding=\"async\" class=\"aligncenter size-full wp-image-8398\" title=\"Res-Sport\" src=\"http:\/\/www.billard-club-sottevillais.com\/wp-content\/uploads\/2011\/07\/Res-Sport1.jpg\" alt=\"\" width=\"231\" height=\"116\" \/><\/p>\n<p style=\"text-align: justify;\">Le Finale d\u00e9partementale de 4 Billes R1 s&rsquo;est d\u00e9roul\u00e9 le 10 Mai 2025 \u00e0 Sotteville-l\u00e8s-Rouen dans une finale \u00e0 4 joueurs. S\u00e9bastien Hid\u00e9e repr\u00e9sentait le BCS.<\/p>\n<p style=\"text-align: justify;\">S\u00e9bastien gagne 2 matchs sur 3. Il termine 2\u00e8me avec une moyenne de 2,013.<\/p>\n<p>Ludovic Duche de Oissel gagne 3 matchs et termine 1er.<\/p>\n<p><img loading=\"lazy\" decoding=\"async\" class=\"aligncenter wp-image-15689\" src=\"http:\/\/www.billard-club-sottevillais.com\/wp-content\/uploads\/2025\/05\/FM-FD-4-Billes-R1-10.05.2025-Sotteville-1-e1746955537863-1024x724.jpg\" alt=\"\" width=\"750\" height=\"530\" srcset=\"https:\/\/www.billard-club-sottevillais.com\/wp-content\/uploads\/2025\/05\/FM-FD-4-Billes-R1-10.05.2025-Sotteville-1-e1746955537863-1024x724.jpg 1024w, https:\/\/www.billard-club-sottevillais.com\/wp-content\/uploads\/2025\/05\/FM-FD-4-Billes-R1-10.05.2025-Sotteville-1-e1746955537863-300x212.jpg 300w, https:\/\/www.billard-club-sottevillais.com\/wp-content\/uploads\/2025\/05\/FM-FD-4-Billes-R1-10.05.2025-Sotteville-1-e1746955537863-768x543.jpg 768w, https:\/\/www.billard-club-sottevillais.com\/wp-content\/uploads\/2025\/05\/FM-FD-4-Billes-R1-10.05.2025-Sotteville-1-e1746955537863-1536x1086.jpg 1536w, https:\/\/www.billard-club-sottevillais.com\/wp-content\/uploads\/2025\/05\/FM-FD-4-Billes-R1-10.05.2025-Sotteville-1-e1746955537863.jpg 1754w\" sizes=\"auto, (max-width: 706px) 89vw, (max-width: 767px) 82vw, 740px\" \/><\/p>\n<h4><img loading=\"lazy\" decoding=\"async\" class=\"aligncenter size-large wp-image-15695\" src=\"http:\/\/www.billard-club-sottevillais.com\/wp-content\/uploads\/2025\/05\/20250511_105535-1024x711.jpg\" alt=\"\" width=\"525\" height=\"365\" srcset=\"https:\/\/www.billard-club-sottevillais.com\/wp-content\/uploads\/2025\/05\/20250511_105535-1024x711.jpg 1024w, https:\/\/www.billard-club-sottevillais.com\/wp-content\/uploads\/2025\/05\/20250511_105535-300x208.jpg 300w, https:\/\/www.billard-club-sottevillais.com\/wp-content\/uploads\/2025\/05\/20250511_105535-768x533.jpg 768w, https:\/\/www.billard-club-sottevillais.com\/wp-content\/uploads\/2025\/05\/20250511_105535-1536x1066.jpg 1536w, https:\/\/www.billard-club-sottevillais.com\/wp-content\/uploads\/2025\/05\/20250511_105535-2048x1421.jpg 2048w\" sizes=\"auto, (max-width: 525px) 100vw, 525px\" \/><\/h4>\n<h4 style=\"padding-left: 30px;\">Le pdf ici : <a href=\"http:\/\/www.billard-club-sottevillais.com\/wp-content\/uploads\/2025\/05\/FM-FD-4-Billes-R1-10.05.2025-Sotteville.pdf\">FM FD 4 Billes R1 10.05.2025 Sotteville<\/a><\/h4>\n","protected":false},"excerpt":{"rendered":"<p>R\u00e9sultats des Tournois, vous trouverez ici toutes les informations concernant les rencontres sportives auxquelles participe le Billard Club Sottevillais.<\/p>\n","protected":false},"author":7,"featured_media":0,"parent":0,"menu_order":0,"comment_status":"closed","ping_status":"closed","template":"","meta":{"footnotes":""},"class_list":["post-15687","page","type-page","status-publish","hentry"],"_links":{"self":[{"href":"https:\/\/www.billard-club-sottevillais.com\/index.php?rest_route=\/wp\/v2\/pages\/15687","targetHints":{"allow":["GET"]}}],"collection":[{"href":"https:\/\/www.billard-club-sottevillais.com\/index.php?rest_route=\/wp\/v2\/pages"}],"about":[{"href":"https:\/\/www.billard-club-sottevillais.com\/index.php?rest_route=\/wp\/v2\/types\/page"}],"author":[{"embeddable":true,"href":"https:\/\/www.billard-club-sottevillais.com\/index.php?rest_route=\/wp\/v2\/users\/7"}],"replies":[{"embeddable":true,"href":"https:\/\/www.billard-club-sottevillais.com\/index.php?rest_route=%2Fwp%2Fv2%2Fcomments&post=15687"}],"version-history":[{"count":2,"href":"https:\/\/www.billard-club-sottevillais.com\/index.php?rest_route=\/wp\/v2\/pages\/15687\/revisions"}],"predecessor-version":[{"id":15696,"href":"https:\/\/www.billard-club-sottevillais.com\/index.php?rest_route=\/wp\/v2\/pages\/15687\/revisions\/15696"}],"wp:attachment":[{"href":"https:\/\/www.billard-club-sottevillais.com\/index.php?rest_route=%2Fwp%2Fv2%2Fmedia&parent=15687"}],"curies":[{"name":"wp","href":"https:\/\/api.w.org\/{rel}","templated":true}]}}