{"id":15683,"date":"2025-05-11T09:20:07","date_gmt":"2025-05-11T09:20:07","guid":{"rendered":"https:\/\/www.billard-club-sottevillais.com\/?page_id=15683"},"modified":"2025-05-11T09:20:07","modified_gmt":"2025-05-11T09:20:07","slug":"4-billes-r2-fd-10-mai-2025","status":"publish","type":"page","link":"https:\/\/www.billard-club-sottevillais.com\/?page_id=15683","title":{"rendered":"4 Billes R2 FD &#8211; 10 Mai 2025"},"content":{"rendered":"<p style=\"text-align: justify;\">R\u00e9sultats des Tournois, vous trouverez ici toutes les informations concernant les rencontres sportives auxquelles participe le Billard Club Sottevillais.<\/p>\n<p style=\"text-align: center;\"><!--more--><img loading=\"lazy\" decoding=\"async\" class=\"aligncenter size-full wp-image-8398\" title=\"Res-Sport\" src=\"http:\/\/www.billard-club-sottevillais.com\/wp-content\/uploads\/2011\/07\/Res-Sport1.jpg\" alt=\"\" width=\"231\" height=\"116\" \/><\/p>\n<p style=\"text-align: justify;\">Le Finale d\u00e9partementale de 4 Billes R2 s&rsquo;est d\u00e9roul\u00e9 le 10 Mai 2025 \u00e0 Rouen dans une finale \u00e0 5 joueurs. Romain Lefevre et Francine Burgot repr\u00e9sentaient le BCS.<\/p>\n<p style=\"text-align: justify;\">Francine gagne 2 matchs et termine 4\u00e8me avec une moyenne de 1,189.<\/p>\n<p>Romain remporte aussi 2 matchs. Il termine 3\u00e8me avec une moyenne de 1,372.<\/p>\n<p>Gilles Guillaumin de Rouen gagne 3 matchs et termine 1er.<\/p>\n<p><img loading=\"lazy\" decoding=\"async\" class=\"aligncenter wp-image-15684\" src=\"http:\/\/www.billard-club-sottevillais.com\/wp-content\/uploads\/2025\/05\/FM-FD-4-Billes-R2-10.05.2025-Rouen-e1746955156894-1024x724.jpg\" alt=\"\" width=\"750\" height=\"530\" srcset=\"https:\/\/www.billard-club-sottevillais.com\/wp-content\/uploads\/2025\/05\/FM-FD-4-Billes-R2-10.05.2025-Rouen-e1746955156894-1024x724.jpg 1024w, https:\/\/www.billard-club-sottevillais.com\/wp-content\/uploads\/2025\/05\/FM-FD-4-Billes-R2-10.05.2025-Rouen-e1746955156894-300x212.jpg 300w, https:\/\/www.billard-club-sottevillais.com\/wp-content\/uploads\/2025\/05\/FM-FD-4-Billes-R2-10.05.2025-Rouen-e1746955156894-768x543.jpg 768w, https:\/\/www.billard-club-sottevillais.com\/wp-content\/uploads\/2025\/05\/FM-FD-4-Billes-R2-10.05.2025-Rouen-e1746955156894-1536x1086.jpg 1536w, https:\/\/www.billard-club-sottevillais.com\/wp-content\/uploads\/2025\/05\/FM-FD-4-Billes-R2-10.05.2025-Rouen-e1746955156894.jpg 1754w\" sizes=\"auto, (max-width: 706px) 89vw, (max-width: 767px) 82vw, 740px\" \/><\/p>\n<h4 style=\"padding-left: 30px;\">Le pdf ici : <a href=\"http:\/\/www.billard-club-sottevillais.com\/wp-content\/uploads\/2025\/05\/FM-FD-4-Billes-R2-10.05.2025-Rouen.pdf\">FM FD 4 Billes R2 10.05.2025 Rouen<\/a><\/h4>\n","protected":false},"excerpt":{"rendered":"<p>R\u00e9sultats des Tournois, vous trouverez ici toutes les informations concernant les rencontres sportives auxquelles participe le Billard Club Sottevillais.<\/p>\n","protected":false},"author":7,"featured_media":0,"parent":0,"menu_order":0,"comment_status":"closed","ping_status":"closed","template":"","meta":{"footnotes":""},"class_list":["post-15683","page","type-page","status-publish","hentry"],"_links":{"self":[{"href":"https:\/\/www.billard-club-sottevillais.com\/index.php?rest_route=\/wp\/v2\/pages\/15683","targetHints":{"allow":["GET"]}}],"collection":[{"href":"https:\/\/www.billard-club-sottevillais.com\/index.php?rest_route=\/wp\/v2\/pages"}],"about":[{"href":"https:\/\/www.billard-club-sottevillais.com\/index.php?rest_route=\/wp\/v2\/types\/page"}],"author":[{"embeddable":true,"href":"https:\/\/www.billard-club-sottevillais.com\/index.php?rest_route=\/wp\/v2\/users\/7"}],"replies":[{"embeddable":true,"href":"https:\/\/www.billard-club-sottevillais.com\/index.php?rest_route=%2Fwp%2Fv2%2Fcomments&post=15683"}],"version-history":[{"count":1,"href":"https:\/\/www.billard-club-sottevillais.com\/index.php?rest_route=\/wp\/v2\/pages\/15683\/revisions"}],"predecessor-version":[{"id":15686,"href":"https:\/\/www.billard-club-sottevillais.com\/index.php?rest_route=\/wp\/v2\/pages\/15683\/revisions\/15686"}],"wp:attachment":[{"href":"https:\/\/www.billard-club-sottevillais.com\/index.php?rest_route=%2Fwp%2Fv2%2Fmedia&parent=15683"}],"curies":[{"name":"wp","href":"https:\/\/api.w.org\/{rel}","templated":true}]}}