{"id":15653,"date":"2025-05-03T18:04:28","date_gmt":"2025-05-03T18:04:28","guid":{"rendered":"https:\/\/www.billard-club-sottevillais.com\/?page_id=15653"},"modified":"2025-05-03T18:04:28","modified_gmt":"2025-05-03T18:04:28","slug":"4-billes-r2-t3-3-mai-2025","status":"publish","type":"page","link":"https:\/\/www.billard-club-sottevillais.com\/?page_id=15653","title":{"rendered":"4 Billes R2 T3 &#8211; 3 Mai 2025"},"content":{"rendered":"<p style=\"text-align: justify;\">R\u00e9sultats des Tournois, vous trouverez ici toutes les informations concernant les rencontres sportives auxquelles participe le Billard Club Sottevillais.<\/p>\n<p style=\"text-align: center;\"><!--more--><img loading=\"lazy\" decoding=\"async\" class=\"aligncenter size-full wp-image-8398\" title=\"Res-Sport\" src=\"http:\/\/www.billard-club-sottevillais.com\/wp-content\/uploads\/2011\/07\/Res-Sport1.jpg\" alt=\"\" width=\"231\" height=\"116\" \/><\/p>\n<p style=\"text-align: justify;\">Le 3\u00e9me tour de 4 Billes R2 s&rsquo;est d\u00e9roul\u00e9 le 3 Mai 2025. Les joueurs sont repartis en 3 poules. Tous les joueurs d&rsquo;une m\u00eame poule se rencontrent.<\/p>\n<p style=\"text-align: justify;\">Dominique Langlois \u00e9tait dans la poule A \u00e0 Oissel dans une poule de 4 joueurs. Francine Burgot repr\u00e9sentait le BCS \u00e0 Rouen dans une poule de 5 joueurs. Romain Lefevre \u00e9tait \u00e0 Cany-Barville dans une poule \u00e0 4.<\/p>\n<p style=\"text-align: justify;\">A Oissel, Dominique gagne 2 matchs, il finit 2\u00e8me.<\/p>\n<p style=\"text-align: justify;\">A Rouen, Francine remporte 2 matchs, elle termine 3\u00e8me.<\/p>\n<p style=\"text-align: justify;\">A Cany-Barville, Romain gagne tous ces 3 matchs dont 1 avec le bonus. Il prend la 1\u00e8re place<\/p>\n<p><em>Poule A,<\/em><\/p>\n<p><img loading=\"lazy\" decoding=\"async\" class=\"aligncenter wp-image-15655\" src=\"http:\/\/www.billard-club-sottevillais.com\/wp-content\/uploads\/2025\/05\/FM-T3-4-Billes-R2-Poule-A-Oissel-1024x724.jpg\" alt=\"\" width=\"750\" height=\"530\" srcset=\"https:\/\/www.billard-club-sottevillais.com\/wp-content\/uploads\/2025\/05\/FM-T3-4-Billes-R2-Poule-A-Oissel-1024x724.jpg 1024w, https:\/\/www.billard-club-sottevillais.com\/wp-content\/uploads\/2025\/05\/FM-T3-4-Billes-R2-Poule-A-Oissel-300x212.jpg 300w, https:\/\/www.billard-club-sottevillais.com\/wp-content\/uploads\/2025\/05\/FM-T3-4-Billes-R2-Poule-A-Oissel-768x543.jpg 768w, https:\/\/www.billard-club-sottevillais.com\/wp-content\/uploads\/2025\/05\/FM-T3-4-Billes-R2-Poule-A-Oissel-1536x1086.jpg 1536w, https:\/\/www.billard-club-sottevillais.com\/wp-content\/uploads\/2025\/05\/FM-T3-4-Billes-R2-Poule-A-Oissel-rotated.jpg 1754w\" sizes=\"auto, (max-width: 706px) 89vw, (max-width: 767px) 82vw, 740px\" \/><\/p>\n<p><em>Poule B<\/em>,<\/p>\n<p><img loading=\"lazy\" decoding=\"async\" class=\"aligncenter wp-image-15656\" src=\"http:\/\/www.billard-club-sottevillais.com\/wp-content\/uploads\/2025\/05\/FM-T3-4-Billes-R2-Poule-B-Rouen-e1746295245828-1024x724.jpg\" alt=\"\" width=\"750\" height=\"530\" srcset=\"https:\/\/www.billard-club-sottevillais.com\/wp-content\/uploads\/2025\/05\/FM-T3-4-Billes-R2-Poule-B-Rouen-e1746295245828-1024x724.jpg 1024w, https:\/\/www.billard-club-sottevillais.com\/wp-content\/uploads\/2025\/05\/FM-T3-4-Billes-R2-Poule-B-Rouen-e1746295245828-300x212.jpg 300w, https:\/\/www.billard-club-sottevillais.com\/wp-content\/uploads\/2025\/05\/FM-T3-4-Billes-R2-Poule-B-Rouen-e1746295245828-768x543.jpg 768w, https:\/\/www.billard-club-sottevillais.com\/wp-content\/uploads\/2025\/05\/FM-T3-4-Billes-R2-Poule-B-Rouen-e1746295245828-1536x1086.jpg 1536w, https:\/\/www.billard-club-sottevillais.com\/wp-content\/uploads\/2025\/05\/FM-T3-4-Billes-R2-Poule-B-Rouen-e1746295245828.jpg 1754w\" sizes=\"auto, (max-width: 706px) 89vw, (max-width: 767px) 82vw, 740px\" \/><\/p>\n<p><em>Poule C,<\/em><\/p>\n<p><img loading=\"lazy\" decoding=\"async\" class=\"aligncenter wp-image-15659\" src=\"http:\/\/www.billard-club-sottevillais.com\/wp-content\/uploads\/2025\/05\/FM-T3-4-Billes-R2-Poule-C-Cany-1024x724.jpg\" alt=\"\" width=\"750\" height=\"530\" srcset=\"https:\/\/www.billard-club-sottevillais.com\/wp-content\/uploads\/2025\/05\/FM-T3-4-Billes-R2-Poule-C-Cany-1024x724.jpg 1024w, https:\/\/www.billard-club-sottevillais.com\/wp-content\/uploads\/2025\/05\/FM-T3-4-Billes-R2-Poule-C-Cany-300x212.jpg 300w, https:\/\/www.billard-club-sottevillais.com\/wp-content\/uploads\/2025\/05\/FM-T3-4-Billes-R2-Poule-C-Cany-768x543.jpg 768w, https:\/\/www.billard-club-sottevillais.com\/wp-content\/uploads\/2025\/05\/FM-T3-4-Billes-R2-Poule-C-Cany-1536x1086.jpg 1536w, https:\/\/www.billard-club-sottevillais.com\/wp-content\/uploads\/2025\/05\/FM-T3-4-Billes-R2-Poule-C-Cany-rotated.jpg 1754w\" sizes=\"auto, (max-width: 706px) 89vw, (max-width: 767px) 82vw, 740px\" \/><\/p>\n<h4 style=\"padding-left: 30px;\">Le pdf ici : <a href=\"http:\/\/www.billard-club-sottevillais.com\/wp-content\/uploads\/2025\/05\/FM-T3-4-Billes-R2-Poule-A-Oissel.pdf\">FM T3 4 Billes R2 Poule A Oissel<\/a><\/h4>\n<h4 style=\"padding-left: 30px;\">Le pdf ici : <a href=\"http:\/\/www.billard-club-sottevillais.com\/wp-content\/uploads\/2025\/05\/FM-T3-4-Billes-R2-Poule-B-Rouen.pdf\">FM T3 4 Billes R2 Poule B Rouen<\/a><\/h4>\n<h4 style=\"padding-left: 30px;\">Le pdf ici : <a href=\"http:\/\/www.billard-club-sottevillais.com\/wp-content\/uploads\/2025\/05\/FM-T3-4-Billes-R2-Poule-C-Cany.pdf\">FM T3 4 Billes R2 Poule C Cany<\/a><\/h4>\n","protected":false},"excerpt":{"rendered":"<p>R\u00e9sultats des Tournois, vous trouverez ici toutes les informations concernant les rencontres sportives auxquelles participe le Billard Club Sottevillais.<\/p>\n","protected":false},"author":7,"featured_media":0,"parent":0,"menu_order":0,"comment_status":"closed","ping_status":"closed","template":"","meta":{"footnotes":""},"class_list":["post-15653","page","type-page","status-publish","hentry"],"_links":{"self":[{"href":"https:\/\/www.billard-club-sottevillais.com\/index.php?rest_route=\/wp\/v2\/pages\/15653","targetHints":{"allow":["GET"]}}],"collection":[{"href":"https:\/\/www.billard-club-sottevillais.com\/index.php?rest_route=\/wp\/v2\/pages"}],"about":[{"href":"https:\/\/www.billard-club-sottevillais.com\/index.php?rest_route=\/wp\/v2\/types\/page"}],"author":[{"embeddable":true,"href":"https:\/\/www.billard-club-sottevillais.com\/index.php?rest_route=\/wp\/v2\/users\/7"}],"replies":[{"embeddable":true,"href":"https:\/\/www.billard-club-sottevillais.com\/index.php?rest_route=%2Fwp%2Fv2%2Fcomments&post=15653"}],"version-history":[{"count":1,"href":"https:\/\/www.billard-club-sottevillais.com\/index.php?rest_route=\/wp\/v2\/pages\/15653\/revisions"}],"predecessor-version":[{"id":15660,"href":"https:\/\/www.billard-club-sottevillais.com\/index.php?rest_route=\/wp\/v2\/pages\/15653\/revisions\/15660"}],"wp:attachment":[{"href":"https:\/\/www.billard-club-sottevillais.com\/index.php?rest_route=%2Fwp%2Fv2%2Fmedia&parent=15653"}],"curies":[{"name":"wp","href":"https:\/\/api.w.org\/{rel}","templated":true}]}}