{"id":15648,"date":"2025-05-03T17:50:47","date_gmt":"2025-05-03T17:50:47","guid":{"rendered":"https:\/\/www.billard-club-sottevillais.com\/?page_id=15648"},"modified":"2025-05-03T18:08:16","modified_gmt":"2025-05-03T18:08:16","slug":"4-billes-r1-t3-3-mai-2025","status":"publish","type":"page","link":"https:\/\/www.billard-club-sottevillais.com\/?page_id=15648","title":{"rendered":"4 Billes R1 T3 &#8211; 3 Mai 2025"},"content":{"rendered":"<p style=\"text-align: justify;\">R\u00e9sultats des Tournois, vous trouverez ici toutes les informations concernant les rencontres sportives auxquelles participe le Billard Club Sottevillais.<\/p>\n<p style=\"text-align: center;\"><!--more--><img loading=\"lazy\" decoding=\"async\" class=\"aligncenter size-full wp-image-8398\" title=\"Res-Sport\" src=\"http:\/\/www.billard-club-sottevillais.com\/wp-content\/uploads\/2011\/07\/Res-Sport1.jpg\" alt=\"\" width=\"231\" height=\"116\" \/><\/p>\n<p style=\"text-align: justify;\">Le 3\u00e9me tour de 4 Billes R1 s&rsquo;est d\u00e9roul\u00e9 le samedi 3 Mai 2025. Tous les joueurs d&rsquo;une m\u00eame poule se rencontrent. S\u00e9bastien Hid\u00e9e participait \u00e0 ce tour \u00e0 5 joueurs \u00e0 Sotteville-l\u00e8s-Rouen<\/p>\n<p>S\u00e9bastien gagne 2 matchs et en perd 2. Il finit 3\u00e8me. Il est qualifi\u00e9 pour la finale d\u00e9partementale.<\/p>\n<p><img loading=\"lazy\" decoding=\"async\" class=\"aligncenter wp-image-15649\" src=\"http:\/\/www.billard-club-sottevillais.com\/wp-content\/uploads\/2025\/05\/FM-T3-4-Billes-R1-e1746294555807-1024x724.jpg\" alt=\"\" width=\"750\" height=\"530\" srcset=\"https:\/\/www.billard-club-sottevillais.com\/wp-content\/uploads\/2025\/05\/FM-T3-4-Billes-R1-e1746294555807-1024x724.jpg 1024w, https:\/\/www.billard-club-sottevillais.com\/wp-content\/uploads\/2025\/05\/FM-T3-4-Billes-R1-e1746294555807-300x212.jpg 300w, https:\/\/www.billard-club-sottevillais.com\/wp-content\/uploads\/2025\/05\/FM-T3-4-Billes-R1-e1746294555807-768x543.jpg 768w, https:\/\/www.billard-club-sottevillais.com\/wp-content\/uploads\/2025\/05\/FM-T3-4-Billes-R1-e1746294555807-1536x1086.jpg 1536w, https:\/\/www.billard-club-sottevillais.com\/wp-content\/uploads\/2025\/05\/FM-T3-4-Billes-R1-e1746294555807.jpg 1754w\" sizes=\"auto, (max-width: 706px) 89vw, (max-width: 767px) 82vw, 740px\" \/><\/p>\n<h4><img loading=\"lazy\" decoding=\"async\" class=\"aligncenter wp-image-15662\" src=\"http:\/\/www.billard-club-sottevillais.com\/wp-content\/uploads\/2025\/05\/20250503_173013-1024x633.jpg\" alt=\"\" width=\"750\" height=\"463\" srcset=\"https:\/\/www.billard-club-sottevillais.com\/wp-content\/uploads\/2025\/05\/20250503_173013-1024x633.jpg 1024w, https:\/\/www.billard-club-sottevillais.com\/wp-content\/uploads\/2025\/05\/20250503_173013-300x185.jpg 300w, https:\/\/www.billard-club-sottevillais.com\/wp-content\/uploads\/2025\/05\/20250503_173013-768x474.jpg 768w, https:\/\/www.billard-club-sottevillais.com\/wp-content\/uploads\/2025\/05\/20250503_173013-1536x949.jpg 1536w, https:\/\/www.billard-club-sottevillais.com\/wp-content\/uploads\/2025\/05\/20250503_173013.jpg 2014w\" sizes=\"auto, (max-width: 706px) 89vw, (max-width: 767px) 82vw, 740px\" \/><\/h4>\n<h4 style=\"padding-left: 30px;\">Le pdf ici : <a href=\"http:\/\/www.billard-club-sottevillais.com\/wp-content\/uploads\/2025\/05\/FM-T3-4-Billes-R1.pdf\">FM T3 4 Billes R1<\/a><\/h4>\n<h4 style=\"padding-left: 30px;\"><\/h4>\n","protected":false},"excerpt":{"rendered":"<p>R\u00e9sultats des Tournois, vous trouverez ici toutes les informations concernant les rencontres sportives auxquelles participe le Billard Club Sottevillais.<\/p>\n","protected":false},"author":7,"featured_media":0,"parent":0,"menu_order":0,"comment_status":"closed","ping_status":"closed","template":"","meta":{"footnotes":""},"class_list":["post-15648","page","type-page","status-publish","hentry"],"_links":{"self":[{"href":"https:\/\/www.billard-club-sottevillais.com\/index.php?rest_route=\/wp\/v2\/pages\/15648","targetHints":{"allow":["GET"]}}],"collection":[{"href":"https:\/\/www.billard-club-sottevillais.com\/index.php?rest_route=\/wp\/v2\/pages"}],"about":[{"href":"https:\/\/www.billard-club-sottevillais.com\/index.php?rest_route=\/wp\/v2\/types\/page"}],"author":[{"embeddable":true,"href":"https:\/\/www.billard-club-sottevillais.com\/index.php?rest_route=\/wp\/v2\/users\/7"}],"replies":[{"embeddable":true,"href":"https:\/\/www.billard-club-sottevillais.com\/index.php?rest_route=%2Fwp%2Fv2%2Fcomments&post=15648"}],"version-history":[{"count":3,"href":"https:\/\/www.billard-club-sottevillais.com\/index.php?rest_route=\/wp\/v2\/pages\/15648\/revisions"}],"predecessor-version":[{"id":15664,"href":"https:\/\/www.billard-club-sottevillais.com\/index.php?rest_route=\/wp\/v2\/pages\/15648\/revisions\/15664"}],"wp:attachment":[{"href":"https:\/\/www.billard-club-sottevillais.com\/index.php?rest_route=%2Fwp%2Fv2%2Fmedia&parent=15648"}],"curies":[{"name":"wp","href":"https:\/\/api.w.org\/{rel}","templated":true}]}}