{"id":15630,"date":"2025-04-27T18:09:36","date_gmt":"2025-04-27T18:09:36","guid":{"rendered":"https:\/\/www.billard-club-sottevillais.com\/?page_id=15630"},"modified":"2025-04-27T18:23:43","modified_gmt":"2025-04-27T18:23:43","slug":"libre-r4-finale-de-ligue-de-normandie-27-avril-2025","status":"publish","type":"page","link":"https:\/\/www.billard-club-sottevillais.com\/?page_id=15630","title":{"rendered":"Libre R4 Finale de Ligue de Normandie -27 Avril 2025"},"content":{"rendered":"<p style=\"text-align: justify;\">R\u00e9sultats des Tournois, vous trouverez ici toutes les informations concernant les rencontres sportives auxquelles participe le Billard Club Sottevillais.<\/p>\n<p style=\"text-align: center;\"><!--more--><\/p>\n<p><a href=\"http:\/\/www.billard-club-sottevillais.com\/wp-content\/uploads\/2011\/07\/sport.jpg\"><img loading=\"lazy\" decoding=\"async\" class=\"aligncenter size-full wp-image-59\" src=\"http:\/\/www.billard-club-sottevillais.com\/wp-content\/uploads\/2011\/07\/sport.jpg\" alt=\"\" width=\"231\" height=\"116\" \/><\/a><\/p>\n<h2>\u00a0<\/h2>\n<p style=\"text-align: justify;\">La finale de Ligue de Normandie Libre R4 s&rsquo;est d\u00e9roul\u00e9e le 27 Avril 2025 \u00e0 Sotteville-l\u00e8s-Rouen. 3 Sottevillais repr\u00e9sentaient le BCS pour cette finale \u00e0 6 joueurs, S\u00e9bastien Hid\u00e9e, Xavier Sauvage et Michel Guillaume.<\/p>\n<p>Michel perd ses 5 matchs, il finit 6\u00e8me.<\/p>\n<p>Xavier gagne 1 match et un match nul, il prend la 5\u00e8me place.<\/p>\n<p>S\u00e9bastien remporte ses 5 matchs . Il termine 1er. Il est champion de Normandie.<\/p>\n<p><img loading=\"lazy\" decoding=\"async\" class=\"aligncenter size-large wp-image-15642\" src=\"http:\/\/www.billard-club-sottevillais.com\/wp-content\/uploads\/2025\/04\/20250427_175645-scaled-e1745778182487-1024x664.jpg\" alt=\"\" width=\"525\" height=\"340\" srcset=\"https:\/\/www.billard-club-sottevillais.com\/wp-content\/uploads\/2025\/04\/20250427_175645-scaled-e1745778182487-1024x664.jpg 1024w, https:\/\/www.billard-club-sottevillais.com\/wp-content\/uploads\/2025\/04\/20250427_175645-scaled-e1745778182487-300x195.jpg 300w, https:\/\/www.billard-club-sottevillais.com\/wp-content\/uploads\/2025\/04\/20250427_175645-scaled-e1745778182487-768x498.jpg 768w, https:\/\/www.billard-club-sottevillais.com\/wp-content\/uploads\/2025\/04\/20250427_175645-scaled-e1745778182487-1536x996.jpg 1536w, https:\/\/www.billard-club-sottevillais.com\/wp-content\/uploads\/2025\/04\/20250427_175645-scaled-e1745778182487.jpg 1604w\" sizes=\"auto, (max-width: 525px) 100vw, 525px\" \/><\/p>\n<p style=\"text-align: center;\"><img loading=\"lazy\" decoding=\"async\" class=\"aligncenter wp-image-15631\" src=\"http:\/\/www.billard-club-sottevillais.com\/wp-content\/uploads\/2025\/04\/Libre-R4-FL-Sotteville-27-04-20251-e1745777287468-1024x724.jpg\" alt=\"\" width=\"750\" height=\"530\" srcset=\"https:\/\/www.billard-club-sottevillais.com\/wp-content\/uploads\/2025\/04\/Libre-R4-FL-Sotteville-27-04-20251-e1745777287468-1024x724.jpg 1024w, https:\/\/www.billard-club-sottevillais.com\/wp-content\/uploads\/2025\/04\/Libre-R4-FL-Sotteville-27-04-20251-e1745777287468-300x212.jpg 300w, https:\/\/www.billard-club-sottevillais.com\/wp-content\/uploads\/2025\/04\/Libre-R4-FL-Sotteville-27-04-20251-e1745777287468-768x543.jpg 768w, https:\/\/www.billard-club-sottevillais.com\/wp-content\/uploads\/2025\/04\/Libre-R4-FL-Sotteville-27-04-20251-e1745777287468-1536x1086.jpg 1536w, https:\/\/www.billard-club-sottevillais.com\/wp-content\/uploads\/2025\/04\/Libre-R4-FL-Sotteville-27-04-20251-e1745777287468.jpg 1754w\" sizes=\"auto, (max-width: 706px) 89vw, (max-width: 767px) 82vw, 740px\" \/><\/p>\n<h4 style=\"padding-left: 30px;\">Le Pdf ici : <a href=\"http:\/\/www.billard-club-sottevillais.com\/wp-content\/uploads\/2025\/04\/Libre-R4-FL-Sotteville-27-04-2025-1.pdf\">Libre R4 FL Sotteville 27-04-2025<\/a><\/h4>\n\n\n<p><\/p>\n","protected":false},"excerpt":{"rendered":"<p>R\u00e9sultats des Tournois, vous trouverez ici toutes les informations concernant les rencontres sportives auxquelles participe le Billard Club Sottevillais.<\/p>\n","protected":false},"author":7,"featured_media":0,"parent":0,"menu_order":0,"comment_status":"closed","ping_status":"closed","template":"","meta":{"footnotes":""},"class_list":["post-15630","page","type-page","status-publish","hentry"],"_links":{"self":[{"href":"https:\/\/www.billard-club-sottevillais.com\/index.php?rest_route=\/wp\/v2\/pages\/15630","targetHints":{"allow":["GET"]}}],"collection":[{"href":"https:\/\/www.billard-club-sottevillais.com\/index.php?rest_route=\/wp\/v2\/pages"}],"about":[{"href":"https:\/\/www.billard-club-sottevillais.com\/index.php?rest_route=\/wp\/v2\/types\/page"}],"author":[{"embeddable":true,"href":"https:\/\/www.billard-club-sottevillais.com\/index.php?rest_route=\/wp\/v2\/users\/7"}],"replies":[{"embeddable":true,"href":"https:\/\/www.billard-club-sottevillais.com\/index.php?rest_route=%2Fwp%2Fv2%2Fcomments&post=15630"}],"version-history":[{"count":4,"href":"https:\/\/www.billard-club-sottevillais.com\/index.php?rest_route=\/wp\/v2\/pages\/15630\/revisions"}],"predecessor-version":[{"id":15643,"href":"https:\/\/www.billard-club-sottevillais.com\/index.php?rest_route=\/wp\/v2\/pages\/15630\/revisions\/15643"}],"wp:attachment":[{"href":"https:\/\/www.billard-club-sottevillais.com\/index.php?rest_route=%2Fwp%2Fv2%2Fmedia&parent=15630"}],"curies":[{"name":"wp","href":"https:\/\/api.w.org\/{rel}","templated":true}]}}