{"id":15605,"date":"2025-04-08T20:02:03","date_gmt":"2025-04-08T20:02:03","guid":{"rendered":"https:\/\/www.billard-club-sottevillais.com\/?page_id=15605"},"modified":"2025-04-08T20:02:03","modified_gmt":"2025-04-08T20:02:03","slug":"equipe-d4-08-avril-2025","status":"publish","type":"page","link":"https:\/\/www.billard-club-sottevillais.com\/?page_id=15605","title":{"rendered":"Equipe D4 &#8211; 08 Avril 2025"},"content":{"rendered":"<p style=\"text-align: justify;\">Ce 8 avril 2025, l&rsquo;\u00e9quipe D4 recevait Pacy pour le compte de la derni\u00e8re journ\u00e9e du championnat Pierre Lecaut Division 4.<\/p>\n<p style=\"text-align: justify;\">L&rsquo;\u00e9quipe est compos\u00e9e d&rsquo;Alain Rachet, Serge Petit et Dominique Gueroult.<\/p>\n<p style=\"text-align: justify;\">L&rsquo;\u00e9quipe perd 5 \u00e0 13. Elle termine 2\u00e8me du classement g\u00e9n\u00e9ral. Bravo \u00e0 eux.<\/p>\n<p style=\"text-align: center;\"><img loading=\"lazy\" decoding=\"async\" class=\"aligncenter size-large wp-image-15606\" src=\"http:\/\/www.billard-club-sottevillais.com\/wp-content\/uploads\/2025\/04\/P-Lescaut-Sotteville-A-Pacy-B-08-04-2025-724x1024.jpg\" alt=\"\" width=\"525\" height=\"743\" srcset=\"https:\/\/www.billard-club-sottevillais.com\/wp-content\/uploads\/2025\/04\/P-Lescaut-Sotteville-A-Pacy-B-08-04-2025-724x1024.jpg 724w, https:\/\/www.billard-club-sottevillais.com\/wp-content\/uploads\/2025\/04\/P-Lescaut-Sotteville-A-Pacy-B-08-04-2025-212x300.jpg 212w, https:\/\/www.billard-club-sottevillais.com\/wp-content\/uploads\/2025\/04\/P-Lescaut-Sotteville-A-Pacy-B-08-04-2025-768x1086.jpg 768w, https:\/\/www.billard-club-sottevillais.com\/wp-content\/uploads\/2025\/04\/P-Lescaut-Sotteville-A-Pacy-B-08-04-2025-1086x1536.jpg 1086w, https:\/\/www.billard-club-sottevillais.com\/wp-content\/uploads\/2025\/04\/P-Lescaut-Sotteville-A-Pacy-B-08-04-2025.jpg 1240w\" sizes=\"auto, (max-width: 525px) 100vw, 525px\" \/><\/p>\n<h4 style=\"padding-left: 30px;\">Le pdf ici : <a href=\"http:\/\/www.billard-club-sottevillais.com\/wp-content\/uploads\/2025\/04\/P-Lescaut-Sotteville-A-Pacy-B-08-04-2025.pdf\">P Lescaut Sotteville A-Pacy B 08-04-2025<\/a><\/h4>\n\n\n<p><\/p>\n","protected":false},"excerpt":{"rendered":"<p>Ce 8 avril 2025, l&rsquo;\u00e9quipe D4 recevait Pacy pour le compte de la derni\u00e8re journ\u00e9e du championnat Pierre Lecaut Division 4. L&rsquo;\u00e9quipe est compos\u00e9e d&rsquo;Alain Rachet, Serge Petit et Dominique Gueroult. L&rsquo;\u00e9quipe perd 5 \u00e0 13. Elle termine 2\u00e8me du classement g\u00e9n\u00e9ral. Bravo \u00e0 eux. Le pdf ici : P Lescaut Sotteville A-Pacy B 08-04-2025<\/p>\n","protected":false},"author":7,"featured_media":0,"parent":0,"menu_order":0,"comment_status":"closed","ping_status":"closed","template":"","meta":{"footnotes":""},"class_list":["post-15605","page","type-page","status-publish","hentry"],"_links":{"self":[{"href":"https:\/\/www.billard-club-sottevillais.com\/index.php?rest_route=\/wp\/v2\/pages\/15605","targetHints":{"allow":["GET"]}}],"collection":[{"href":"https:\/\/www.billard-club-sottevillais.com\/index.php?rest_route=\/wp\/v2\/pages"}],"about":[{"href":"https:\/\/www.billard-club-sottevillais.com\/index.php?rest_route=\/wp\/v2\/types\/page"}],"author":[{"embeddable":true,"href":"https:\/\/www.billard-club-sottevillais.com\/index.php?rest_route=\/wp\/v2\/users\/7"}],"replies":[{"embeddable":true,"href":"https:\/\/www.billard-club-sottevillais.com\/index.php?rest_route=%2Fwp%2Fv2%2Fcomments&post=15605"}],"version-history":[{"count":1,"href":"https:\/\/www.billard-club-sottevillais.com\/index.php?rest_route=\/wp\/v2\/pages\/15605\/revisions"}],"predecessor-version":[{"id":15608,"href":"https:\/\/www.billard-club-sottevillais.com\/index.php?rest_route=\/wp\/v2\/pages\/15605\/revisions\/15608"}],"wp:attachment":[{"href":"https:\/\/www.billard-club-sottevillais.com\/index.php?rest_route=%2Fwp%2Fv2%2Fmedia&parent=15605"}],"curies":[{"name":"wp","href":"https:\/\/api.w.org\/{rel}","templated":true}]}}