{"id":15554,"date":"2025-04-06T08:09:15","date_gmt":"2025-04-06T08:09:15","guid":{"rendered":"https:\/\/www.billard-club-sottevillais.com\/?page_id=15554"},"modified":"2025-04-06T08:09:15","modified_gmt":"2025-04-06T08:09:15","slug":"equipe-jds-d4-05-avril-2025","status":"publish","type":"page","link":"https:\/\/www.billard-club-sottevillais.com\/?page_id=15554","title":{"rendered":"Equipe JDS D4 &#8211; 05 Avril 2025"},"content":{"rendered":"<p style=\"text-align: justify;\">R\u00e9sultats des Tournois, vous trouverez ici toutes les informations concernant les rencontres sportives auxquelles participe le Billard Club Sottevillais.<\/p>\n<p style=\"text-align: center;\"><!--more--><img loading=\"lazy\" decoding=\"async\" class=\"aligncenter size-full wp-image-59\" title=\"sport\" src=\"http:\/\/billardcf.cluster010.ovh.net\/wp-content\/uploads\/2011\/07\/sport.jpg\" alt=\"\" width=\"231\" height=\"116\" \/><\/p>\n<p style=\"text-align: justify;\">Le 05 Avril 2025 notre \u00e9quipe de jeux de s\u00e9rie D4 compos\u00e9e de C\u00e9dric Legendre, J\u00e9r\u00f4me Staigre et Bruno Pierrel recevait Louviers pour une rencontre aller\/retour.<\/p>\n<p style=\"text-align: justify;\">L&rsquo;\u00e9quipe de Sotteville gagne son match aller 6 \u00e0 0 et son match retour sur le score de 4-2.<\/p>\n<p>L&rsquo;\u00e9quipe est championne de Normandie et qualifi\u00e9 pour les demi finales de France le 1 Juin 2025.<\/p>\n<p style=\"text-align: center;\"><img loading=\"lazy\" decoding=\"async\" class=\"aligncenter wp-image-15555\" src=\"http:\/\/www.billard-club-sottevillais.com\/wp-content\/uploads\/2025\/04\/JDS-par-Equipe-2025.04.05-Aller-1024x724.jpg\" alt=\"\" width=\"750\" height=\"530\" srcset=\"https:\/\/www.billard-club-sottevillais.com\/wp-content\/uploads\/2025\/04\/JDS-par-Equipe-2025.04.05-Aller-1024x724.jpg 1024w, https:\/\/www.billard-club-sottevillais.com\/wp-content\/uploads\/2025\/04\/JDS-par-Equipe-2025.04.05-Aller-300x212.jpg 300w, https:\/\/www.billard-club-sottevillais.com\/wp-content\/uploads\/2025\/04\/JDS-par-Equipe-2025.04.05-Aller-768x543.jpg 768w, https:\/\/www.billard-club-sottevillais.com\/wp-content\/uploads\/2025\/04\/JDS-par-Equipe-2025.04.05-Aller-1536x1086.jpg 1536w, https:\/\/www.billard-club-sottevillais.com\/wp-content\/uploads\/2025\/04\/JDS-par-Equipe-2025.04.05-Aller-rotated.jpg 1754w\" sizes=\"auto, (max-width: 706px) 89vw, (max-width: 767px) 82vw, 740px\" \/><\/p>\n<h4 style=\"padding-left: 30px;\">Le pdf ici : <a href=\"http:\/\/www.billard-club-sottevillais.com\/wp-content\/uploads\/2025\/04\/JDS-par-Equipe-2025.04.05-Aller.pdf\">JDS par \u00c9quipe 2025.04.05 Aller<\/a><\/h4>\n<h4 style=\"padding-left: 30px;\"><img loading=\"lazy\" decoding=\"async\" class=\"aligncenter wp-image-15556\" src=\"http:\/\/www.billard-club-sottevillais.com\/wp-content\/uploads\/2025\/04\/JDS-par-Equipe-2025.04.05-Retour-1024x724.jpg\" alt=\"\" width=\"750\" height=\"530\" srcset=\"https:\/\/www.billard-club-sottevillais.com\/wp-content\/uploads\/2025\/04\/JDS-par-Equipe-2025.04.05-Retour-1024x724.jpg 1024w, https:\/\/www.billard-club-sottevillais.com\/wp-content\/uploads\/2025\/04\/JDS-par-Equipe-2025.04.05-Retour-300x212.jpg 300w, https:\/\/www.billard-club-sottevillais.com\/wp-content\/uploads\/2025\/04\/JDS-par-Equipe-2025.04.05-Retour-768x543.jpg 768w, https:\/\/www.billard-club-sottevillais.com\/wp-content\/uploads\/2025\/04\/JDS-par-Equipe-2025.04.05-Retour-1536x1086.jpg 1536w, https:\/\/www.billard-club-sottevillais.com\/wp-content\/uploads\/2025\/04\/JDS-par-Equipe-2025.04.05-Retour-rotated.jpg 1754w\" sizes=\"auto, (max-width: 706px) 89vw, (max-width: 767px) 82vw, 740px\" \/><\/h4>\n<h4 style=\"padding-left: 30px;\">Le pdf ici : <a href=\"http:\/\/www.billard-club-sottevillais.com\/wp-content\/uploads\/2025\/04\/JDS-par-Equipe-2025.04.05-Retour.pdf\">JDS par \u00c9quipe 2025.04.05 Retour<\/a><\/h4>\n\n\n<p><\/p>\n","protected":false},"excerpt":{"rendered":"<p>R\u00e9sultats des Tournois, vous trouverez ici toutes les informations concernant les rencontres sportives auxquelles participe le Billard Club Sottevillais.<\/p>\n","protected":false},"author":7,"featured_media":0,"parent":0,"menu_order":0,"comment_status":"closed","ping_status":"closed","template":"","meta":{"footnotes":""},"class_list":["post-15554","page","type-page","status-publish","hentry"],"_links":{"self":[{"href":"https:\/\/www.billard-club-sottevillais.com\/index.php?rest_route=\/wp\/v2\/pages\/15554","targetHints":{"allow":["GET"]}}],"collection":[{"href":"https:\/\/www.billard-club-sottevillais.com\/index.php?rest_route=\/wp\/v2\/pages"}],"about":[{"href":"https:\/\/www.billard-club-sottevillais.com\/index.php?rest_route=\/wp\/v2\/types\/page"}],"author":[{"embeddable":true,"href":"https:\/\/www.billard-club-sottevillais.com\/index.php?rest_route=\/wp\/v2\/users\/7"}],"replies":[{"embeddable":true,"href":"https:\/\/www.billard-club-sottevillais.com\/index.php?rest_route=%2Fwp%2Fv2%2Fcomments&post=15554"}],"version-history":[{"count":1,"href":"https:\/\/www.billard-club-sottevillais.com\/index.php?rest_route=\/wp\/v2\/pages\/15554\/revisions"}],"predecessor-version":[{"id":15559,"href":"https:\/\/www.billard-club-sottevillais.com\/index.php?rest_route=\/wp\/v2\/pages\/15554\/revisions\/15559"}],"wp:attachment":[{"href":"https:\/\/www.billard-club-sottevillais.com\/index.php?rest_route=%2Fwp%2Fv2%2Fmedia&parent=15554"}],"curies":[{"name":"wp","href":"https:\/\/api.w.org\/{rel}","templated":true}]}}