{"id":15546,"date":"2025-03-26T18:06:43","date_gmt":"2025-03-26T18:06:43","guid":{"rendered":"https:\/\/www.billard-club-sottevillais.com\/?page_id=15546"},"modified":"2025-03-26T18:06:43","modified_gmt":"2025-03-26T18:06:43","slug":"3-bandes-n3-t3-22-mars-2025","status":"publish","type":"page","link":"https:\/\/www.billard-club-sottevillais.com\/?page_id=15546","title":{"rendered":"3 Bandes N3 T3 &#8211; 22 Mars 2025"},"content":{"rendered":"<p style=\"text-align: justify;\">R\u00e9sultats des Tournois, vous trouverez ici toutes les informations concernant les rencontres sportives auxquelles participe le Billard Club Sottevillais.<\/p>\n<p style=\"text-align: center;\"><!--more--><img loading=\"lazy\" decoding=\"async\" class=\"aligncenter size-full wp-image-8398\" title=\"Res-Sport\" src=\"http:\/\/www.billard-club-sottevillais.com\/wp-content\/uploads\/2011\/07\/Res-Sport1.jpg\" alt=\"\" width=\"231\" height=\"116\" \/><\/p>\n<p style=\"text-align: justify;\">Le 3\u00e8me tour de 3 Bandes N3 s&rsquo;est d\u00e9roul\u00e9 le samedi 22 Mars 2025. Les poules A et B \u00e9taient \u00e0 St Nicolas d&rsquo;Aliermont. Tous les joueurs d&rsquo;une m\u00eame poule se rencontrent. Raymond Faisant \u00e9tait dans la poule A (5 joueurs) et Christian Ponthieux dans la poule B (4 joueurs).<\/p>\n<p>Dans la poule A, Raymond, avec 1 victoires, un match nul et 2 d\u00e9faites termine 3\u00e8me<\/p>\n<p>Dans la poule B, Christian, avec 3 d\u00e9faites termine 4\u00e8me.<\/p>\n<p><em>Poule A, En attente&#8230;.<\/em><\/p>\n<p>\u00a0<\/p>\n<p><em>Poule B,<\/em><\/p>\n<p><img loading=\"lazy\" decoding=\"async\" class=\"aligncenter wp-image-15548\" src=\"http:\/\/www.billard-club-sottevillais.com\/wp-content\/uploads\/2025\/03\/FM-T3-3B-N3-Poule-B-1-1024x724.jpg\" alt=\"\" width=\"750\" height=\"530\" srcset=\"https:\/\/www.billard-club-sottevillais.com\/wp-content\/uploads\/2025\/03\/FM-T3-3B-N3-Poule-B-1-1024x724.jpg 1024w, https:\/\/www.billard-club-sottevillais.com\/wp-content\/uploads\/2025\/03\/FM-T3-3B-N3-Poule-B-1-300x212.jpg 300w, https:\/\/www.billard-club-sottevillais.com\/wp-content\/uploads\/2025\/03\/FM-T3-3B-N3-Poule-B-1-768x543.jpg 768w, https:\/\/www.billard-club-sottevillais.com\/wp-content\/uploads\/2025\/03\/FM-T3-3B-N3-Poule-B-1-1536x1086.jpg 1536w, https:\/\/www.billard-club-sottevillais.com\/wp-content\/uploads\/2025\/03\/FM-T3-3B-N3-Poule-B-1-rotated.jpg 1754w\" sizes=\"auto, (max-width: 706px) 89vw, (max-width: 767px) 82vw, 740px\" \/><\/p>\n<h4 style=\"padding-left: 30px;\">Le pdf ici : <em>En attente &#8230;<\/em><\/h4>\n<h4 style=\"padding-left: 30px;\">Le pdf ici : <a href=\"http:\/\/www.billard-club-sottevillais.com\/wp-content\/uploads\/2025\/03\/FM-T3-3B-N3-Poule-B.pdf\">FM T3 3B N3 Poule B<\/a><\/h4>\n\n\n<p><\/p>\n","protected":false},"excerpt":{"rendered":"<p>R\u00e9sultats des Tournois, vous trouverez ici toutes les informations concernant les rencontres sportives auxquelles participe le Billard Club Sottevillais.<\/p>\n","protected":false},"author":7,"featured_media":0,"parent":0,"menu_order":0,"comment_status":"closed","ping_status":"closed","template":"","meta":{"footnotes":""},"class_list":["post-15546","page","type-page","status-publish","hentry"],"_links":{"self":[{"href":"https:\/\/www.billard-club-sottevillais.com\/index.php?rest_route=\/wp\/v2\/pages\/15546","targetHints":{"allow":["GET"]}}],"collection":[{"href":"https:\/\/www.billard-club-sottevillais.com\/index.php?rest_route=\/wp\/v2\/pages"}],"about":[{"href":"https:\/\/www.billard-club-sottevillais.com\/index.php?rest_route=\/wp\/v2\/types\/page"}],"author":[{"embeddable":true,"href":"https:\/\/www.billard-club-sottevillais.com\/index.php?rest_route=\/wp\/v2\/users\/7"}],"replies":[{"embeddable":true,"href":"https:\/\/www.billard-club-sottevillais.com\/index.php?rest_route=%2Fwp%2Fv2%2Fcomments&post=15546"}],"version-history":[{"count":1,"href":"https:\/\/www.billard-club-sottevillais.com\/index.php?rest_route=\/wp\/v2\/pages\/15546\/revisions"}],"predecessor-version":[{"id":15550,"href":"https:\/\/www.billard-club-sottevillais.com\/index.php?rest_route=\/wp\/v2\/pages\/15546\/revisions\/15550"}],"wp:attachment":[{"href":"https:\/\/www.billard-club-sottevillais.com\/index.php?rest_route=%2Fwp%2Fv2%2Fmedia&parent=15546"}],"curies":[{"name":"wp","href":"https:\/\/api.w.org\/{rel}","templated":true}]}}