{"id":15477,"date":"2025-02-18T17:29:46","date_gmt":"2025-02-18T17:29:46","guid":{"rendered":"https:\/\/www.billard-club-sottevillais.com\/?page_id=15477"},"modified":"2025-02-18T17:29:46","modified_gmt":"2025-02-18T17:29:46","slug":"equipe-d4-18-fevrier-2025","status":"publish","type":"page","link":"https:\/\/www.billard-club-sottevillais.com\/?page_id=15477","title":{"rendered":"Equipe D4 &#8211; 18 F\u00e9vrier 2025"},"content":{"rendered":"<p style=\"text-align: justify;\">Le 18 F\u00e9vrier 2025, notre \u00e9quipe D4 compos\u00e9e d&rsquo;Alain Rachet, Serge Petit et Dominique Gueroult se rendait \u00e0 Cany C.<\/p>\n<p style=\"text-align: justify;\">L&rsquo;\u00e9quipe de Sotteville s&rsquo;impose 16 \u00e0 2.<\/p>\n<p style=\"text-align: center;\"><img loading=\"lazy\" decoding=\"async\" class=\"aligncenter size-large wp-image-15478\" src=\"http:\/\/www.billard-club-sottevillais.com\/wp-content\/uploads\/2025\/02\/PL-Cany-C-Sotteville-A-18.02.205-724x1024.jpg\" alt=\"\" width=\"525\" height=\"743\" srcset=\"https:\/\/www.billard-club-sottevillais.com\/wp-content\/uploads\/2025\/02\/PL-Cany-C-Sotteville-A-18.02.205-724x1024.jpg 724w, https:\/\/www.billard-club-sottevillais.com\/wp-content\/uploads\/2025\/02\/PL-Cany-C-Sotteville-A-18.02.205-212x300.jpg 212w, https:\/\/www.billard-club-sottevillais.com\/wp-content\/uploads\/2025\/02\/PL-Cany-C-Sotteville-A-18.02.205-768x1086.jpg 768w, https:\/\/www.billard-club-sottevillais.com\/wp-content\/uploads\/2025\/02\/PL-Cany-C-Sotteville-A-18.02.205-1086x1536.jpg 1086w, https:\/\/www.billard-club-sottevillais.com\/wp-content\/uploads\/2025\/02\/PL-Cany-C-Sotteville-A-18.02.205.jpg 1240w\" sizes=\"auto, (max-width: 525px) 100vw, 525px\" \/><\/p>\n<h4 style=\"padding-left: 30px;\">Le pdf ici : <a href=\"http:\/\/www.billard-club-sottevillais.com\/wp-content\/uploads\/2025\/02\/PL-Cany-C-Sotteville-A-18.02.205.pdf\">PL Cany C &#8211; Sotteville A 18.02.2025<\/a><\/h4>\n\n\n<p><\/p>\n","protected":false},"excerpt":{"rendered":"<p>Le 18 F\u00e9vrier 2025, notre \u00e9quipe D4 compos\u00e9e d&rsquo;Alain Rachet, Serge Petit et Dominique Gueroult se rendait \u00e0 Cany C. L&rsquo;\u00e9quipe de Sotteville s&rsquo;impose 16 \u00e0 2. Le pdf ici : PL Cany C &#8211; Sotteville A 18.02.2025<\/p>\n","protected":false},"author":7,"featured_media":0,"parent":0,"menu_order":0,"comment_status":"closed","ping_status":"closed","template":"","meta":{"footnotes":""},"class_list":["post-15477","page","type-page","status-publish","hentry"],"_links":{"self":[{"href":"https:\/\/www.billard-club-sottevillais.com\/index.php?rest_route=\/wp\/v2\/pages\/15477","targetHints":{"allow":["GET"]}}],"collection":[{"href":"https:\/\/www.billard-club-sottevillais.com\/index.php?rest_route=\/wp\/v2\/pages"}],"about":[{"href":"https:\/\/www.billard-club-sottevillais.com\/index.php?rest_route=\/wp\/v2\/types\/page"}],"author":[{"embeddable":true,"href":"https:\/\/www.billard-club-sottevillais.com\/index.php?rest_route=\/wp\/v2\/users\/7"}],"replies":[{"embeddable":true,"href":"https:\/\/www.billard-club-sottevillais.com\/index.php?rest_route=%2Fwp%2Fv2%2Fcomments&post=15477"}],"version-history":[{"count":1,"href":"https:\/\/www.billard-club-sottevillais.com\/index.php?rest_route=\/wp\/v2\/pages\/15477\/revisions"}],"predecessor-version":[{"id":15480,"href":"https:\/\/www.billard-club-sottevillais.com\/index.php?rest_route=\/wp\/v2\/pages\/15477\/revisions\/15480"}],"wp:attachment":[{"href":"https:\/\/www.billard-club-sottevillais.com\/index.php?rest_route=%2Fwp%2Fv2%2Fmedia&parent=15477"}],"curies":[{"name":"wp","href":"https:\/\/api.w.org\/{rel}","templated":true}]}}