{"id":15420,"date":"2025-02-02T17:42:52","date_gmt":"2025-02-02T17:42:52","guid":{"rendered":"https:\/\/www.billard-club-sottevillais.com\/?page_id=15420"},"modified":"2025-02-09T10:26:28","modified_gmt":"2025-02-09T10:26:28","slug":"bande-n3-t3-2-fevrier-2025","status":"publish","type":"page","link":"https:\/\/www.billard-club-sottevillais.com\/?page_id=15420","title":{"rendered":"Bande N3 T3 &#8211; 2 F\u00e9vrier 2025"},"content":{"rendered":"<p style=\"text-align: justify;\">R\u00e9sultats des Tournois, vous trouverez ici toutes les informations concernant les rencontres sportives auxquelles participe le Billard Club Sottevillais.<\/p>\n<p style=\"text-align: center;\"><!--more--><img loading=\"lazy\" decoding=\"async\" class=\"aligncenter size-full wp-image-8398\" title=\"Res-Sport\" src=\"http:\/\/www.billard-club-sottevillais.com\/wp-content\/uploads\/2011\/07\/Res-Sport1.jpg\" alt=\"\" width=\"231\" height=\"116\" \/><\/p>\n<p style=\"text-align: justify;\">Le 3\u00e8me tour de Bande N3 s&rsquo;est d\u00e9roul\u00e9 le 2 F\u00e9vrier 2025 \u00e0 St Nicolas d&rsquo;aliermont. Cedric Legendre repr\u00e9sentait le BCS dans un tour \u00e0 2.<\/p>\n<p style=\"text-align: justify;\">Cedric et Julien Grodemange de St Nicolas gagne un match chacun. Julien termine 1\u00e8me gr\u00e2ce \u00e0 sa victoire bonifi\u00e9e.<\/p>\n<p style=\"text-align: left;\"><img loading=\"lazy\" decoding=\"async\" class=\"aligncenter wp-image-15421\" src=\"http:\/\/www.billard-club-sottevillais.com\/wp-content\/uploads\/2025\/02\/FM_T3_BANDE-N3-Saint-Nicolas-2-2-25-1024x724.jpg\" alt=\"\" width=\"750\" height=\"530\" srcset=\"https:\/\/www.billard-club-sottevillais.com\/wp-content\/uploads\/2025\/02\/FM_T3_BANDE-N3-Saint-Nicolas-2-2-25-1024x724.jpg 1024w, https:\/\/www.billard-club-sottevillais.com\/wp-content\/uploads\/2025\/02\/FM_T3_BANDE-N3-Saint-Nicolas-2-2-25-300x212.jpg 300w, https:\/\/www.billard-club-sottevillais.com\/wp-content\/uploads\/2025\/02\/FM_T3_BANDE-N3-Saint-Nicolas-2-2-25-768x543.jpg 768w, https:\/\/www.billard-club-sottevillais.com\/wp-content\/uploads\/2025\/02\/FM_T3_BANDE-N3-Saint-Nicolas-2-2-25-1536x1086.jpg 1536w, https:\/\/www.billard-club-sottevillais.com\/wp-content\/uploads\/2025\/02\/FM_T3_BANDE-N3-Saint-Nicolas-2-2-25-rotated.jpg 1754w\" sizes=\"auto, (max-width: 706px) 89vw, (max-width: 767px) 82vw, 740px\" \/><\/p>\n<p style=\"text-align: left;\"><strong>Le pdf ici : <a href=\"http:\/\/www.billard-club-sottevillais.com\/wp-content\/uploads\/2025\/02\/FM_T3_BANDE-N3-Saint-Nicolas-2-2-25.pdf\">FM_T3_BANDE N3 Saint Nicolas 2-2-25<\/a><\/strong><\/p>\n\n\n<p><\/p>\n","protected":false},"excerpt":{"rendered":"<p>R\u00e9sultats des Tournois, vous trouverez ici toutes les informations concernant les rencontres sportives auxquelles participe le Billard Club Sottevillais.<\/p>\n","protected":false},"author":7,"featured_media":0,"parent":0,"menu_order":0,"comment_status":"closed","ping_status":"closed","template":"","meta":{"footnotes":""},"class_list":["post-15420","page","type-page","status-publish","hentry"],"_links":{"self":[{"href":"https:\/\/www.billard-club-sottevillais.com\/index.php?rest_route=\/wp\/v2\/pages\/15420","targetHints":{"allow":["GET"]}}],"collection":[{"href":"https:\/\/www.billard-club-sottevillais.com\/index.php?rest_route=\/wp\/v2\/pages"}],"about":[{"href":"https:\/\/www.billard-club-sottevillais.com\/index.php?rest_route=\/wp\/v2\/types\/page"}],"author":[{"embeddable":true,"href":"https:\/\/www.billard-club-sottevillais.com\/index.php?rest_route=\/wp\/v2\/users\/7"}],"replies":[{"embeddable":true,"href":"https:\/\/www.billard-club-sottevillais.com\/index.php?rest_route=%2Fwp%2Fv2%2Fcomments&post=15420"}],"version-history":[{"count":2,"href":"https:\/\/www.billard-club-sottevillais.com\/index.php?rest_route=\/wp\/v2\/pages\/15420\/revisions"}],"predecessor-version":[{"id":15452,"href":"https:\/\/www.billard-club-sottevillais.com\/index.php?rest_route=\/wp\/v2\/pages\/15420\/revisions\/15452"}],"wp:attachment":[{"href":"https:\/\/www.billard-club-sottevillais.com\/index.php?rest_route=%2Fwp%2Fv2%2Fmedia&parent=15420"}],"curies":[{"name":"wp","href":"https:\/\/api.w.org\/{rel}","templated":true}]}}