{"id":15414,"date":"2025-02-02T17:37:01","date_gmt":"2025-02-02T17:37:01","guid":{"rendered":"https:\/\/www.billard-club-sottevillais.com\/?page_id=15414"},"modified":"2025-02-09T10:26:45","modified_gmt":"2025-02-09T10:26:45","slug":"bande-r2-t2-2-fevrier-2025","status":"publish","type":"page","link":"https:\/\/www.billard-club-sottevillais.com\/?page_id=15414","title":{"rendered":"Bande R2 T2 &#8211; 2 F\u00e9vrier 2025"},"content":{"rendered":"<p>R\u00e9sultats des Tournois, vous trouverez ici toutes les informations concernant les rencontres sportives auxquelles participe le Billard Club Sottevillais.<\/p>\n<p style=\"text-align: center;\"><!--more--><img loading=\"lazy\" decoding=\"async\" class=\"aligncenter size-full wp-image-8398\" title=\"Res-Sport\" src=\"http:\/\/www.billard-club-sottevillais.com\/wp-content\/uploads\/2011\/07\/Res-Sport1.jpg\" alt=\"\" width=\"231\" height=\"116\" \/><\/p>\n<p style=\"text-align: justify;\">Le 2\u00e8me tour de Bande R2 s&rsquo;est d\u00e9roul\u00e9 le 2 F\u00e9vrier 2025. Les joueurs de R2 \u00e9taient repartis en 2 poules au Havre. Tous les joueurs d&rsquo;une m\u00eame poule se rencontrent.<\/p>\n<p style=\"text-align: justify;\">Pascal Ippolito \u00e9tait dans la poule B. Pascal finit 5\u00e8me avec un match nul et 3 d\u00e9faites.<\/p>\n<p><em>Poule A,<\/em><\/p>\n<p><img loading=\"lazy\" decoding=\"async\" class=\"aligncenter wp-image-15415\" src=\"http:\/\/www.billard-club-sottevillais.com\/wp-content\/uploads\/2025\/02\/FM_T2_BANDE-R2_02-02-2025_LE-HAVRE_C1-1024x724.jpg\" alt=\"\" width=\"750\" height=\"530\" srcset=\"https:\/\/www.billard-club-sottevillais.com\/wp-content\/uploads\/2025\/02\/FM_T2_BANDE-R2_02-02-2025_LE-HAVRE_C1-1024x724.jpg 1024w, https:\/\/www.billard-club-sottevillais.com\/wp-content\/uploads\/2025\/02\/FM_T2_BANDE-R2_02-02-2025_LE-HAVRE_C1-300x212.jpg 300w, https:\/\/www.billard-club-sottevillais.com\/wp-content\/uploads\/2025\/02\/FM_T2_BANDE-R2_02-02-2025_LE-HAVRE_C1-768x543.jpg 768w, https:\/\/www.billard-club-sottevillais.com\/wp-content\/uploads\/2025\/02\/FM_T2_BANDE-R2_02-02-2025_LE-HAVRE_C1-1536x1086.jpg 1536w, https:\/\/www.billard-club-sottevillais.com\/wp-content\/uploads\/2025\/02\/FM_T2_BANDE-R2_02-02-2025_LE-HAVRE_C1-rotated.jpg 1754w\" sizes=\"auto, (max-width: 706px) 89vw, (max-width: 767px) 82vw, 740px\" \/><\/p>\n<p><em>Poule B,<\/em><\/p>\n<p><img loading=\"lazy\" decoding=\"async\" class=\"aligncenter wp-image-15417\" src=\"http:\/\/www.billard-club-sottevillais.com\/wp-content\/uploads\/2025\/02\/FM_T2_BANDE-R2_02-02-2025_LE-HAVRE_C2-1024x724.jpg\" alt=\"\" width=\"750\" height=\"530\" srcset=\"https:\/\/www.billard-club-sottevillais.com\/wp-content\/uploads\/2025\/02\/FM_T2_BANDE-R2_02-02-2025_LE-HAVRE_C2-1024x724.jpg 1024w, https:\/\/www.billard-club-sottevillais.com\/wp-content\/uploads\/2025\/02\/FM_T2_BANDE-R2_02-02-2025_LE-HAVRE_C2-300x212.jpg 300w, https:\/\/www.billard-club-sottevillais.com\/wp-content\/uploads\/2025\/02\/FM_T2_BANDE-R2_02-02-2025_LE-HAVRE_C2-768x543.jpg 768w, https:\/\/www.billard-club-sottevillais.com\/wp-content\/uploads\/2025\/02\/FM_T2_BANDE-R2_02-02-2025_LE-HAVRE_C2-1536x1086.jpg 1536w, https:\/\/www.billard-club-sottevillais.com\/wp-content\/uploads\/2025\/02\/FM_T2_BANDE-R2_02-02-2025_LE-HAVRE_C2-rotated.jpg 1754w\" sizes=\"auto, (max-width: 706px) 89vw, (max-width: 767px) 82vw, 740px\" \/><\/p>\n<h4 style=\"padding-left: 30px;\">Le pdf ici :<a href=\"http:\/\/www.billard-club-sottevillais.com\/wp-content\/uploads\/2025\/02\/FM_T2_BANDE-R2_02-02-2025_LE-HAVRE_C1.pdf\">FM_T2_BANDE R2_02-02-2025_LE HAVRE_C1<\/a><\/h4>\n<h4 style=\"padding-left: 30px;\">Le pdf ici : <a href=\"http:\/\/www.billard-club-sottevillais.com\/wp-content\/uploads\/2025\/02\/FM_T2_BANDE-R2_02-02-2025_LE-HAVRE_C2.pdf\">FM_T2_BANDE R2_02-02-2025_LE HAVRE_C2<\/a><\/h4>\n","protected":false},"excerpt":{"rendered":"<p>R\u00e9sultats des Tournois, vous trouverez ici toutes les informations concernant les rencontres sportives auxquelles participe le Billard Club Sottevillais.<\/p>\n","protected":false},"author":7,"featured_media":0,"parent":0,"menu_order":0,"comment_status":"closed","ping_status":"closed","template":"","meta":{"footnotes":""},"class_list":["post-15414","page","type-page","status-publish","hentry"],"_links":{"self":[{"href":"https:\/\/www.billard-club-sottevillais.com\/index.php?rest_route=\/wp\/v2\/pages\/15414","targetHints":{"allow":["GET"]}}],"collection":[{"href":"https:\/\/www.billard-club-sottevillais.com\/index.php?rest_route=\/wp\/v2\/pages"}],"about":[{"href":"https:\/\/www.billard-club-sottevillais.com\/index.php?rest_route=\/wp\/v2\/types\/page"}],"author":[{"embeddable":true,"href":"https:\/\/www.billard-club-sottevillais.com\/index.php?rest_route=\/wp\/v2\/users\/7"}],"replies":[{"embeddable":true,"href":"https:\/\/www.billard-club-sottevillais.com\/index.php?rest_route=%2Fwp%2Fv2%2Fcomments&post=15414"}],"version-history":[{"count":3,"href":"https:\/\/www.billard-club-sottevillais.com\/index.php?rest_route=\/wp\/v2\/pages\/15414\/revisions"}],"predecessor-version":[{"id":15453,"href":"https:\/\/www.billard-club-sottevillais.com\/index.php?rest_route=\/wp\/v2\/pages\/15414\/revisions\/15453"}],"wp:attachment":[{"href":"https:\/\/www.billard-club-sottevillais.com\/index.php?rest_route=%2Fwp%2Fv2%2Fmedia&parent=15414"}],"curies":[{"name":"wp","href":"https:\/\/api.w.org\/{rel}","templated":true}]}}