{"id":15382,"date":"2025-01-26T15:56:14","date_gmt":"2025-01-26T15:56:14","guid":{"rendered":"https:\/\/www.billard-club-sottevillais.com\/?page_id=15382"},"modified":"2025-02-09T10:28:28","modified_gmt":"2025-02-09T10:28:28","slug":"libre-r1-t3-26-janvier-2025","status":"publish","type":"page","link":"https:\/\/www.billard-club-sottevillais.com\/?page_id=15382","title":{"rendered":"Libre R1 T3 &#8211; 26 Janvier 2025"},"content":{"rendered":"<p style=\"text-align: justify;\">R\u00e9sultats des Tournois, vous trouverez ici toutes les informations concernant les rencontres sportives auxquelles participe le Billard Club Sottevillais.<\/p>\n<p style=\"text-align: center;\"><!--more--><img loading=\"lazy\" decoding=\"async\" class=\"aligncenter size-full wp-image-8398\" title=\"Res-Sport\" src=\"http:\/\/www.billard-club-sottevillais.com\/wp-content\/uploads\/2011\/07\/Res-Sport1.jpg\" alt=\"\" width=\"231\" height=\"116\" \/><\/p>\n<p style=\"text-align: justify;\">Le 3\u00e8me tour de libre R1 s&rsquo;est d\u00e9roul\u00e9 le 26 Janvier 2025 \u00e0 Sotteville-l\u00e8s-Rouen. Les joueurs de R1 \u00e9taient repartis en 2 poules. Tous les joueurs d&rsquo;une m\u00eame poule se rencontrent. J\u00e9r\u00f4me Staigre et Bruno Pierrel \u00e9taient dans la poule A (4 joueurs), C\u00e9dric Legendre \u00e9tait dans la poule B (4 joueurs).<\/p>\n<p>Dans la poule A, Bruno gagne 1 match. Il termine 4\u00e8me derri\u00e8re J\u00e9r\u00f4me qui gagne aussi un match mais avec 1 pt de bonus. Laurent Lefevre de Oissel termine 1er.<\/p>\n<p>Dans la poule B, C\u00e9dric gagne ses 3 matchs avec 2 pts de bonus. Il prend la 1ere place.<\/p>\n<p>C\u00e9dric, J\u00e9r\u00f4me et Bruno sont tous les 3 qualifi\u00e9s pour la finale \u00e0 4 joueurs le dimanche 27 avril \u00e0 \u00c9vreux.<\/p>\n<p><em>Poule A :<\/em><\/p>\n<p><img loading=\"lazy\" decoding=\"async\" class=\"aligncenter wp-image-15386\" src=\"http:\/\/www.billard-club-sottevillais.com\/wp-content\/uploads\/2025\/01\/FM-T3-Libre-R1-Poule-A-Sotteville-26-01-25-1024x724.jpg\" alt=\"\" width=\"750\" height=\"530\" srcset=\"https:\/\/www.billard-club-sottevillais.com\/wp-content\/uploads\/2025\/01\/FM-T3-Libre-R1-Poule-A-Sotteville-26-01-25-1024x724.jpg 1024w, https:\/\/www.billard-club-sottevillais.com\/wp-content\/uploads\/2025\/01\/FM-T3-Libre-R1-Poule-A-Sotteville-26-01-25-300x212.jpg 300w, https:\/\/www.billard-club-sottevillais.com\/wp-content\/uploads\/2025\/01\/FM-T3-Libre-R1-Poule-A-Sotteville-26-01-25-768x543.jpg 768w, https:\/\/www.billard-club-sottevillais.com\/wp-content\/uploads\/2025\/01\/FM-T3-Libre-R1-Poule-A-Sotteville-26-01-25-1536x1086.jpg 1536w, https:\/\/www.billard-club-sottevillais.com\/wp-content\/uploads\/2025\/01\/FM-T3-Libre-R1-Poule-A-Sotteville-26-01-25-rotated.jpg 1754w\" sizes=\"auto, (max-width: 706px) 89vw, (max-width: 767px) 82vw, 740px\" \/><em>Poule B :<\/em><\/p>\n<p><img loading=\"lazy\" decoding=\"async\" class=\"aligncenter wp-image-15384\" src=\"http:\/\/www.billard-club-sottevillais.com\/wp-content\/uploads\/2025\/01\/FM-T3-Libre-R1-Poule-B-Sotteville-26-01-25-1-1024x724.jpg\" alt=\"\" width=\"750\" height=\"530\" srcset=\"https:\/\/www.billard-club-sottevillais.com\/wp-content\/uploads\/2025\/01\/FM-T3-Libre-R1-Poule-B-Sotteville-26-01-25-1-1024x724.jpg 1024w, https:\/\/www.billard-club-sottevillais.com\/wp-content\/uploads\/2025\/01\/FM-T3-Libre-R1-Poule-B-Sotteville-26-01-25-1-300x212.jpg 300w, https:\/\/www.billard-club-sottevillais.com\/wp-content\/uploads\/2025\/01\/FM-T3-Libre-R1-Poule-B-Sotteville-26-01-25-1-768x543.jpg 768w, https:\/\/www.billard-club-sottevillais.com\/wp-content\/uploads\/2025\/01\/FM-T3-Libre-R1-Poule-B-Sotteville-26-01-25-1-1536x1086.jpg 1536w, https:\/\/www.billard-club-sottevillais.com\/wp-content\/uploads\/2025\/01\/FM-T3-Libre-R1-Poule-B-Sotteville-26-01-25-1-rotated.jpg 1754w\" sizes=\"auto, (max-width: 706px) 89vw, (max-width: 767px) 82vw, 740px\" \/><\/p>\n<h4 style=\"padding-left: 30px;\">Le pdf ici :\u00a0<a href=\"http:\/\/www.billard-club-sottevillais.com\/wp-content\/uploads\/2025\/01\/FM-T3-Libre-R1-Poule-A-Sotteville-26-01-25.pdf\">FM T3 Libre R1 Poule A Sotteville 26-01-25<\/a><\/h4>\n<h4 style=\"padding-left: 30px;\">Le pdf ici :<a href=\"http:\/\/www.billard-club-sottevillais.com\/wp-content\/uploads\/2025\/01\/FM-T3-Libre-R1-Poule-B-Sotteville-26-01-25.pdf\">FM T3 Libre R1 Poule B Sotteville 26-01-25<\/a><\/h4>\n","protected":false},"excerpt":{"rendered":"<p>R\u00e9sultats des Tournois, vous trouverez ici toutes les informations concernant les rencontres sportives auxquelles participe le Billard Club Sottevillais.<\/p>\n","protected":false},"author":7,"featured_media":0,"parent":0,"menu_order":0,"comment_status":"closed","ping_status":"closed","template":"","meta":{"footnotes":""},"class_list":["post-15382","page","type-page","status-publish","hentry"],"_links":{"self":[{"href":"https:\/\/www.billard-club-sottevillais.com\/index.php?rest_route=\/wp\/v2\/pages\/15382","targetHints":{"allow":["GET"]}}],"collection":[{"href":"https:\/\/www.billard-club-sottevillais.com\/index.php?rest_route=\/wp\/v2\/pages"}],"about":[{"href":"https:\/\/www.billard-club-sottevillais.com\/index.php?rest_route=\/wp\/v2\/types\/page"}],"author":[{"embeddable":true,"href":"https:\/\/www.billard-club-sottevillais.com\/index.php?rest_route=\/wp\/v2\/users\/7"}],"replies":[{"embeddable":true,"href":"https:\/\/www.billard-club-sottevillais.com\/index.php?rest_route=%2Fwp%2Fv2%2Fcomments&post=15382"}],"version-history":[{"count":3,"href":"https:\/\/www.billard-club-sottevillais.com\/index.php?rest_route=\/wp\/v2\/pages\/15382\/revisions"}],"predecessor-version":[{"id":15456,"href":"https:\/\/www.billard-club-sottevillais.com\/index.php?rest_route=\/wp\/v2\/pages\/15382\/revisions\/15456"}],"wp:attachment":[{"href":"https:\/\/www.billard-club-sottevillais.com\/index.php?rest_route=%2Fwp%2Fv2%2Fmedia&parent=15382"}],"curies":[{"name":"wp","href":"https:\/\/api.w.org\/{rel}","templated":true}]}}