{"id":15359,"date":"2025-01-19T18:44:38","date_gmt":"2025-01-19T18:44:38","guid":{"rendered":"https:\/\/www.billard-club-sottevillais.com\/?page_id=15359"},"modified":"2025-02-09T10:28:05","modified_gmt":"2025-02-09T10:28:05","slug":"libre-r4-t3-19-janvier-2025","status":"publish","type":"page","link":"https:\/\/www.billard-club-sottevillais.com\/?page_id=15359","title":{"rendered":"Libre R4 T3 &#8211; 19 Janvier 2025"},"content":{"rendered":"<p style=\"text-align: justify;\">R\u00e9sultats des Tournois, vous trouverez ici toutes les informations concernant les rencontres sportives auxquelles participe le Billard Club Sottevillais.<\/p>\n<p style=\"text-align: center;\"><!--more--><img loading=\"lazy\" decoding=\"async\" class=\"aligncenter size-full wp-image-8398\" title=\"Res-Sport\" src=\"http:\/\/www.billard-club-sottevillais.com\/wp-content\/uploads\/2011\/07\/Res-Sport1.jpg\" alt=\"\" width=\"231\" height=\"116\" \/><\/p>\n<p style=\"text-align: justify;\">Le 3\u00e8me tour de libre R4 s&rsquo;est d\u00e9roul\u00e9 le 19 Janvier 2025. Les joueurs de R4 \u00e9taient repartis en 4 poules. Tous les joueurs d&rsquo;une m\u00eame poule se rencontrent.<\/p>\n<p style=\"text-align: justify;\">Michel Guillaume \u00e9tait dans la poule A \u00e0 Cany-Barville ( 5 Joueurs). Xavier Sauvage \u00e9tait dans la poule B (5 joueurs) \u00e0 Cany-Barville. Francine Burgot et Serge Petit \u00e9taient dans la poule C \u00e0 F\u00e9camp (6 joueurs). S\u00e9bastien \u00e9tait dans la poule D (4 joueurs) \u00e0 Oissel.<\/p>\n<p>Dans la poule A, Michel gagne ses 4 matchs avec 1 pt de bonus. Il remporte ce tour.<\/p>\n<p>Dans la poule B, Xavier gagne 1 match avec 1 pt de bonus. Il termine 3\u00e8me.<\/p>\n<p style=\"text-align: justify;\">Dans la poule C, Francine termine 4\u00e8me, pendant que Serge se classe 2\u00e8me avec 2 victoires et 1 point de bonus.<\/p>\n<p>Dans la poule D, S\u00e9bastien gagne ses 3 matchs dont 1 avec le bonus. Il remporte ce tour.<\/p>\n<p><em>Poule A<\/em>,<\/p>\n<p><img loading=\"lazy\" decoding=\"async\" class=\"aligncenter wp-image-15362\" src=\"http:\/\/www.billard-club-sottevillais.com\/wp-content\/uploads\/2025\/01\/T3_LIBRE-R4_19-01-2025_CANY-BARVILLE_C1-1024x724.jpg\" alt=\"\" width=\"750\" height=\"530\" srcset=\"https:\/\/www.billard-club-sottevillais.com\/wp-content\/uploads\/2025\/01\/T3_LIBRE-R4_19-01-2025_CANY-BARVILLE_C1-1024x724.jpg 1024w, https:\/\/www.billard-club-sottevillais.com\/wp-content\/uploads\/2025\/01\/T3_LIBRE-R4_19-01-2025_CANY-BARVILLE_C1-300x212.jpg 300w, https:\/\/www.billard-club-sottevillais.com\/wp-content\/uploads\/2025\/01\/T3_LIBRE-R4_19-01-2025_CANY-BARVILLE_C1-768x543.jpg 768w, https:\/\/www.billard-club-sottevillais.com\/wp-content\/uploads\/2025\/01\/T3_LIBRE-R4_19-01-2025_CANY-BARVILLE_C1-1536x1086.jpg 1536w, https:\/\/www.billard-club-sottevillais.com\/wp-content\/uploads\/2025\/01\/T3_LIBRE-R4_19-01-2025_CANY-BARVILLE_C1-rotated.jpg 1754w\" sizes=\"auto, (max-width: 706px) 89vw, (max-width: 767px) 82vw, 740px\" \/><\/p>\n<p><em>Poule B,<\/em><\/p>\n<p><img loading=\"lazy\" decoding=\"async\" class=\"aligncenter wp-image-15364\" src=\"http:\/\/www.billard-club-sottevillais.com\/wp-content\/uploads\/2025\/01\/T3_LIBRE-R4_19-01-2025_CANY-BARVILLE_C2-1-1024x724.jpg\" alt=\"\" width=\"750\" height=\"530\" srcset=\"https:\/\/www.billard-club-sottevillais.com\/wp-content\/uploads\/2025\/01\/T3_LIBRE-R4_19-01-2025_CANY-BARVILLE_C2-1-1024x724.jpg 1024w, https:\/\/www.billard-club-sottevillais.com\/wp-content\/uploads\/2025\/01\/T3_LIBRE-R4_19-01-2025_CANY-BARVILLE_C2-1-300x212.jpg 300w, https:\/\/www.billard-club-sottevillais.com\/wp-content\/uploads\/2025\/01\/T3_LIBRE-R4_19-01-2025_CANY-BARVILLE_C2-1-768x543.jpg 768w, https:\/\/www.billard-club-sottevillais.com\/wp-content\/uploads\/2025\/01\/T3_LIBRE-R4_19-01-2025_CANY-BARVILLE_C2-1-1536x1086.jpg 1536w, https:\/\/www.billard-club-sottevillais.com\/wp-content\/uploads\/2025\/01\/T3_LIBRE-R4_19-01-2025_CANY-BARVILLE_C2-1-rotated.jpg 1754w\" sizes=\"auto, (max-width: 706px) 89vw, (max-width: 767px) 82vw, 740px\" \/><\/p>\n<p><em>Poule C, <br \/><\/em><\/p>\n<p><img loading=\"lazy\" decoding=\"async\" class=\"aligncenter wp-image-15380\" src=\"http:\/\/www.billard-club-sottevillais.com\/wp-content\/uploads\/2025\/01\/FM_T3_LIBRE-R4_19-01-2025_FECAMP_C3-1024x724.jpg\" alt=\"\" width=\"750\" height=\"530\" srcset=\"https:\/\/www.billard-club-sottevillais.com\/wp-content\/uploads\/2025\/01\/FM_T3_LIBRE-R4_19-01-2025_FECAMP_C3-1024x724.jpg 1024w, https:\/\/www.billard-club-sottevillais.com\/wp-content\/uploads\/2025\/01\/FM_T3_LIBRE-R4_19-01-2025_FECAMP_C3-300x212.jpg 300w, https:\/\/www.billard-club-sottevillais.com\/wp-content\/uploads\/2025\/01\/FM_T3_LIBRE-R4_19-01-2025_FECAMP_C3-768x543.jpg 768w, https:\/\/www.billard-club-sottevillais.com\/wp-content\/uploads\/2025\/01\/FM_T3_LIBRE-R4_19-01-2025_FECAMP_C3-1536x1086.jpg 1536w, https:\/\/www.billard-club-sottevillais.com\/wp-content\/uploads\/2025\/01\/FM_T3_LIBRE-R4_19-01-2025_FECAMP_C3-rotated.jpg 1754w\" sizes=\"auto, (max-width: 706px) 89vw, (max-width: 767px) 82vw, 740px\" \/><\/p>\n<p><em>Poule D, en attente &#8230;.<br \/><\/em><\/p>\n<p>Au classement g\u00e9n\u00e9ral, Michel finit 1er, S\u00e9bastien 3\u00e8me, Xavier 4\u00e8me. Ils sont qualifi\u00e9 pour la finale d\u00e9partementale qui aura lieu \u00e0 Sotteville-l\u00e8s-Rouen le 23 F\u00e9vrier prochain.<\/p>\n<h4 style=\"padding-left: 30px;\">Le pdf ici : <a href=\"http:\/\/www.billard-club-sottevillais.com\/wp-content\/uploads\/2025\/01\/T3_LIBRE-R4_19-01-2025_CANY-BARVILLE_C1.pdf\">T3_LIBRE R4_19-01-2025_CANY BARVILLE_C1<\/a><\/h4>\n<h4 style=\"padding-left: 30px;\">Le pdf ici :<a href=\"http:\/\/www.billard-club-sottevillais.com\/wp-content\/uploads\/2025\/01\/T3_LIBRE-R4_19-01-2025_CANY-BARVILLE_C2.pdf\"> T3_LIBRE R4_19-01-2025_CANY BARVILLE_C2<\/a><\/h4>\n<h4 style=\"padding-left: 30px;\">Le pdf ici : <a href=\"http:\/\/www.billard-club-sottevillais.com\/wp-content\/uploads\/2025\/01\/FM_T3_LIBRE-R4_19-01-2025_FECAMP_C3.pdf\">FM_T3_LIBRE R4_19-01-2025_FECAMP_C3<\/a><\/h4>\n<h4 style=\"padding-left: 30px;\">Le pdf ici : En attente&#8230;<\/h4>\n\n\n<p><\/p>\n","protected":false},"excerpt":{"rendered":"<p>R\u00e9sultats des Tournois, vous trouverez ici toutes les informations concernant les rencontres sportives auxquelles participe le Billard Club Sottevillais.<\/p>\n","protected":false},"author":7,"featured_media":0,"parent":0,"menu_order":0,"comment_status":"closed","ping_status":"closed","template":"","meta":{"footnotes":""},"class_list":["post-15359","page","type-page","status-publish","hentry"],"_links":{"self":[{"href":"https:\/\/www.billard-club-sottevillais.com\/index.php?rest_route=\/wp\/v2\/pages\/15359","targetHints":{"allow":["GET"]}}],"collection":[{"href":"https:\/\/www.billard-club-sottevillais.com\/index.php?rest_route=\/wp\/v2\/pages"}],"about":[{"href":"https:\/\/www.billard-club-sottevillais.com\/index.php?rest_route=\/wp\/v2\/types\/page"}],"author":[{"embeddable":true,"href":"https:\/\/www.billard-club-sottevillais.com\/index.php?rest_route=\/wp\/v2\/users\/7"}],"replies":[{"embeddable":true,"href":"https:\/\/www.billard-club-sottevillais.com\/index.php?rest_route=%2Fwp%2Fv2%2Fcomments&post=15359"}],"version-history":[{"count":4,"href":"https:\/\/www.billard-club-sottevillais.com\/index.php?rest_route=\/wp\/v2\/pages\/15359\/revisions"}],"predecessor-version":[{"id":15455,"href":"https:\/\/www.billard-club-sottevillais.com\/index.php?rest_route=\/wp\/v2\/pages\/15359\/revisions\/15455"}],"wp:attachment":[{"href":"https:\/\/www.billard-club-sottevillais.com\/index.php?rest_route=%2Fwp%2Fv2%2Fmedia&parent=15359"}],"curies":[{"name":"wp","href":"https:\/\/api.w.org\/{rel}","templated":true}]}}