{"id":15350,"date":"2025-01-19T18:08:18","date_gmt":"2025-01-19T18:08:18","guid":{"rendered":"https:\/\/www.billard-club-sottevillais.com\/?page_id=15350"},"modified":"2025-02-09T10:30:04","modified_gmt":"2025-02-09T10:30:04","slug":"cadre-reg-t3-19-janvier-2025","status":"publish","type":"page","link":"https:\/\/www.billard-club-sottevillais.com\/?page_id=15350","title":{"rendered":"Cadre R\u00e9g T3 &#8211; 19 Janvier 2025"},"content":{"rendered":"<p style=\"text-align: justify;\">R\u00e9sultats des Tournois, vous trouverez ici toutes les informations concernant les rencontres sportives auxquelles participe le Billard Club Sottevillais.<\/p>\n<p style=\"text-align: center;\"><!--more--><img loading=\"lazy\" decoding=\"async\" class=\"aligncenter size-full wp-image-8398\" title=\"Res-Sport\" src=\"http:\/\/www.billard-club-sottevillais.com\/wp-content\/uploads\/2011\/07\/Res-Sport1.jpg\" alt=\"\" width=\"231\" height=\"116\" \/><\/p>\n<p style=\"text-align: justify;\">Le 3\u00e8me tour de Cadre R\u00e9gional s&rsquo;est d\u00e9roul\u00e9 le 19 Janvier 2025. Les joueurs de R\u00e9gional \u00e9taient repartis en 2 poules, \u00e0 Pacy et \u00e0 Sotteville. Tous les joueurs d&rsquo;une m\u00eame poule se rencontrent.\u00a0 C\u00e9dric Legendre \u00e9tait dans la poule A (6 joueurs) \u00e0 Pacy, Bruno Pierrel et Jerome Staigre \u00e9taient dans la poule B (6 joueurs) \u00e0 Sotteville.<\/p>\n<p>Dans la poule A, Cedric gagne 4 matchs sur 5\u00a0 avec\u00a0 2 pts de bonus. Il remporte ce tour.<\/p>\n<p>Dans la poule B, Jerome remporte 3 match sur 5 avec 2 pts de bonus. Il termine 3\u00e8me.<br \/>\nBruno gagne 3 matchs sur 5 avec 3 pts de bonus. Il remporte ce tour.<\/p>\n<p><em>Poule A :<\/em><\/p>\n<p><img loading=\"lazy\" decoding=\"async\" class=\"aligncenter wp-image-15351\" src=\"http:\/\/www.billard-club-sottevillais.com\/wp-content\/uploads\/2025\/01\/FM-T3-Cadre-R1-Pacy-Poule-A-19-01-2025-1024x724.jpg\" alt=\"\" width=\"750\" height=\"530\" srcset=\"https:\/\/www.billard-club-sottevillais.com\/wp-content\/uploads\/2025\/01\/FM-T3-Cadre-R1-Pacy-Poule-A-19-01-2025-1024x724.jpg 1024w, https:\/\/www.billard-club-sottevillais.com\/wp-content\/uploads\/2025\/01\/FM-T3-Cadre-R1-Pacy-Poule-A-19-01-2025-300x212.jpg 300w, https:\/\/www.billard-club-sottevillais.com\/wp-content\/uploads\/2025\/01\/FM-T3-Cadre-R1-Pacy-Poule-A-19-01-2025-768x543.jpg 768w, https:\/\/www.billard-club-sottevillais.com\/wp-content\/uploads\/2025\/01\/FM-T3-Cadre-R1-Pacy-Poule-A-19-01-2025-1536x1086.jpg 1536w, https:\/\/www.billard-club-sottevillais.com\/wp-content\/uploads\/2025\/01\/FM-T3-Cadre-R1-Pacy-Poule-A-19-01-2025-rotated.jpg 1754w\" sizes=\"auto, (max-width: 706px) 89vw, (max-width: 767px) 82vw, 740px\" \/><\/p>\n<p><em>Poule B :<\/em><\/p>\n<p><img loading=\"lazy\" decoding=\"async\" class=\"aligncenter wp-image-15352\" src=\"http:\/\/www.billard-club-sottevillais.com\/wp-content\/uploads\/2025\/01\/FM-T3-Cadre-R1-Sotteville-Poule-B-19-01-2025-1024x724.jpg\" alt=\"\" width=\"750\" height=\"530\" srcset=\"https:\/\/www.billard-club-sottevillais.com\/wp-content\/uploads\/2025\/01\/FM-T3-Cadre-R1-Sotteville-Poule-B-19-01-2025-1024x724.jpg 1024w, https:\/\/www.billard-club-sottevillais.com\/wp-content\/uploads\/2025\/01\/FM-T3-Cadre-R1-Sotteville-Poule-B-19-01-2025-300x212.jpg 300w, https:\/\/www.billard-club-sottevillais.com\/wp-content\/uploads\/2025\/01\/FM-T3-Cadre-R1-Sotteville-Poule-B-19-01-2025-768x543.jpg 768w, https:\/\/www.billard-club-sottevillais.com\/wp-content\/uploads\/2025\/01\/FM-T3-Cadre-R1-Sotteville-Poule-B-19-01-2025-1536x1086.jpg 1536w, https:\/\/www.billard-club-sottevillais.com\/wp-content\/uploads\/2025\/01\/FM-T3-Cadre-R1-Sotteville-Poule-B-19-01-2025-rotated.jpg 1754w\" sizes=\"auto, (max-width: 706px) 89vw, (max-width: 767px) 82vw, 740px\" \/><\/p>\n<h4 style=\"padding-left: 30px;\">Le pdf ici : <a href=\"http:\/\/www.billard-club-sottevillais.com\/wp-content\/uploads\/2025\/01\/FM-T3-Cadre-R1-Pacy-Poule-A-19-01-2025.pdf\">FM T3 Cadre R1 Pacy Poule A 19-01-2025<\/a><\/h4>\n<h4 style=\"padding-left: 30px;\">Le pdf ici :\u00a0<a href=\"http:\/\/www.billard-club-sottevillais.com\/wp-content\/uploads\/2025\/01\/FM-T3-Cadre-R1-Sotteville-Poule-B-19-01-2025.pdf\">FM T3 Cadre R1 Sotteville Poule B 19-01-2025<\/a><\/h4>\n","protected":false},"excerpt":{"rendered":"<p>R\u00e9sultats des Tournois, vous trouverez ici toutes les informations concernant les rencontres sportives auxquelles participe le Billard Club Sottevillais.<\/p>\n","protected":false},"author":7,"featured_media":0,"parent":0,"menu_order":0,"comment_status":"closed","ping_status":"closed","template":"","meta":{"footnotes":""},"class_list":["post-15350","page","type-page","status-publish","hentry"],"_links":{"self":[{"href":"https:\/\/www.billard-club-sottevillais.com\/index.php?rest_route=\/wp\/v2\/pages\/15350","targetHints":{"allow":["GET"]}}],"collection":[{"href":"https:\/\/www.billard-club-sottevillais.com\/index.php?rest_route=\/wp\/v2\/pages"}],"about":[{"href":"https:\/\/www.billard-club-sottevillais.com\/index.php?rest_route=\/wp\/v2\/types\/page"}],"author":[{"embeddable":true,"href":"https:\/\/www.billard-club-sottevillais.com\/index.php?rest_route=\/wp\/v2\/users\/7"}],"replies":[{"embeddable":true,"href":"https:\/\/www.billard-club-sottevillais.com\/index.php?rest_route=%2Fwp%2Fv2%2Fcomments&post=15350"}],"version-history":[{"count":3,"href":"https:\/\/www.billard-club-sottevillais.com\/index.php?rest_route=\/wp\/v2\/pages\/15350\/revisions"}],"predecessor-version":[{"id":15458,"href":"https:\/\/www.billard-club-sottevillais.com\/index.php?rest_route=\/wp\/v2\/pages\/15350\/revisions\/15458"}],"wp:attachment":[{"href":"https:\/\/www.billard-club-sottevillais.com\/index.php?rest_route=%2Fwp%2Fv2%2Fmedia&parent=15350"}],"curies":[{"name":"wp","href":"https:\/\/api.w.org\/{rel}","templated":true}]}}