{"id":15322,"date":"2025-01-12T10:36:38","date_gmt":"2025-01-12T10:36:38","guid":{"rendered":"https:\/\/www.billard-club-sottevillais.com\/?page_id=15322"},"modified":"2025-01-12T10:36:38","modified_gmt":"2025-01-12T10:36:38","slug":"equipe-d4-7-janvier-2025","status":"publish","type":"page","link":"https:\/\/www.billard-club-sottevillais.com\/?page_id=15322","title":{"rendered":"Equipe D4 &#8211; 7 Janvier 2025"},"content":{"rendered":"<p style=\"text-align: justify;\">Le 07 Janvier 2025, notre \u00e9quipe D4 compos\u00e9e d&rsquo;Alain Rachet, Pascal Ippolito et Dominique Gueroult se rendait \u00e0 St Marcel A.<\/p>\n<p style=\"text-align: justify;\">L&rsquo;\u00e9quipe de Sotteville s&rsquo;impose 13 \u00e0 5.<\/p>\n<p style=\"text-align: center;\"><img loading=\"lazy\" decoding=\"async\" class=\"aligncenter size-large wp-image-15323\" src=\"http:\/\/www.billard-club-sottevillais.com\/wp-content\/uploads\/2025\/01\/PL_D4-St-Marcel-Sotteville-7-01-2025-724x1024.jpg\" alt=\"\" width=\"525\" height=\"743\" srcset=\"https:\/\/www.billard-club-sottevillais.com\/wp-content\/uploads\/2025\/01\/PL_D4-St-Marcel-Sotteville-7-01-2025-724x1024.jpg 724w, https:\/\/www.billard-club-sottevillais.com\/wp-content\/uploads\/2025\/01\/PL_D4-St-Marcel-Sotteville-7-01-2025-212x300.jpg 212w, https:\/\/www.billard-club-sottevillais.com\/wp-content\/uploads\/2025\/01\/PL_D4-St-Marcel-Sotteville-7-01-2025-768x1086.jpg 768w, https:\/\/www.billard-club-sottevillais.com\/wp-content\/uploads\/2025\/01\/PL_D4-St-Marcel-Sotteville-7-01-2025-1086x1536.jpg 1086w, https:\/\/www.billard-club-sottevillais.com\/wp-content\/uploads\/2025\/01\/PL_D4-St-Marcel-Sotteville-7-01-2025.jpg 1240w\" sizes=\"auto, (max-width: 525px) 100vw, 525px\" \/><\/p>\n<h4 style=\"padding-left: 30px;\">Le pdf ici : <a href=\"http:\/\/www.billard-club-sottevillais.com\/wp-content\/uploads\/2025\/01\/PL_D4-St-Marcel-Sotteville-7-01-2025.pdf\">PL_D4 St Marcel &#8211; Sotteville 7-01-2025<\/a><\/h4>\n\n\n<p><\/p>\n","protected":false},"excerpt":{"rendered":"<p>Le 07 Janvier 2025, notre \u00e9quipe D4 compos\u00e9e d&rsquo;Alain Rachet, Pascal Ippolito et Dominique Gueroult se rendait \u00e0 St Marcel A. L&rsquo;\u00e9quipe de Sotteville s&rsquo;impose 13 \u00e0 5. Le pdf ici : PL_D4 St Marcel &#8211; Sotteville 7-01-2025<\/p>\n","protected":false},"author":7,"featured_media":0,"parent":0,"menu_order":0,"comment_status":"closed","ping_status":"closed","template":"","meta":{"footnotes":""},"class_list":["post-15322","page","type-page","status-publish","hentry"],"_links":{"self":[{"href":"https:\/\/www.billard-club-sottevillais.com\/index.php?rest_route=\/wp\/v2\/pages\/15322","targetHints":{"allow":["GET"]}}],"collection":[{"href":"https:\/\/www.billard-club-sottevillais.com\/index.php?rest_route=\/wp\/v2\/pages"}],"about":[{"href":"https:\/\/www.billard-club-sottevillais.com\/index.php?rest_route=\/wp\/v2\/types\/page"}],"author":[{"embeddable":true,"href":"https:\/\/www.billard-club-sottevillais.com\/index.php?rest_route=\/wp\/v2\/users\/7"}],"replies":[{"embeddable":true,"href":"https:\/\/www.billard-club-sottevillais.com\/index.php?rest_route=%2Fwp%2Fv2%2Fcomments&post=15322"}],"version-history":[{"count":1,"href":"https:\/\/www.billard-club-sottevillais.com\/index.php?rest_route=\/wp\/v2\/pages\/15322\/revisions"}],"predecessor-version":[{"id":15325,"href":"https:\/\/www.billard-club-sottevillais.com\/index.php?rest_route=\/wp\/v2\/pages\/15322\/revisions\/15325"}],"wp:attachment":[{"href":"https:\/\/www.billard-club-sottevillais.com\/index.php?rest_route=%2Fwp%2Fv2%2Fmedia&parent=15322"}],"curies":[{"name":"wp","href":"https:\/\/api.w.org\/{rel}","templated":true}]}}