{"id":15319,"date":"2025-01-12T17:52:05","date_gmt":"2025-01-12T17:52:05","guid":{"rendered":"https:\/\/www.billard-club-sottevillais.com\/?page_id=15319"},"modified":"2025-02-09T10:30:50","modified_gmt":"2025-02-09T10:30:50","slug":"libre-n3-12-janvier-2025","status":"publish","type":"page","link":"https:\/\/www.billard-club-sottevillais.com\/?page_id=15319","title":{"rendered":"Libre N3 T3 &#8211; 12 Janvier 2025"},"content":{"rendered":"<p style=\"text-align: justify;\">R\u00e9sultats des Tournois, vous trouverez ici toutes les informations concernant les rencontres sportives auxquelles participe le Billard Club Sottevillais.<\/p>\n<p style=\"text-align: center;\"><!--more--><img loading=\"lazy\" decoding=\"async\" class=\"aligncenter size-full wp-image-8398\" title=\"Res-Sport\" src=\"http:\/\/www.billard-club-sottevillais.com\/wp-content\/uploads\/2011\/07\/Res-Sport1.jpg\" alt=\"\" width=\"231\" height=\"116\" \/><\/p>\n<p style=\"text-align: justify;\">Le 3\u00e8me tour de libre N3 a eu lieu le 12 Janvier 2025 \u00e0 Louviers. Jacques Alexandre repr\u00e9sentait le BCS dans un tour \u00e0 3.<\/p>\n<p style=\"text-align: justify;\">Jacques gagne ses deux matchs. Il prend la 1ere place.<\/p>\n<p style=\"text-align: justify;\"><em><img loading=\"lazy\" decoding=\"async\" class=\"aligncenter wp-image-15332\" src=\"http:\/\/www.billard-club-sottevillais.com\/wp-content\/uploads\/2025\/01\/FM-T3-Libre-N3-Poule-A-Louviers-12-01-2025-1024x724.jpg\" alt=\"\" width=\"750\" height=\"530\" srcset=\"https:\/\/www.billard-club-sottevillais.com\/wp-content\/uploads\/2025\/01\/FM-T3-Libre-N3-Poule-A-Louviers-12-01-2025-1024x724.jpg 1024w, https:\/\/www.billard-club-sottevillais.com\/wp-content\/uploads\/2025\/01\/FM-T3-Libre-N3-Poule-A-Louviers-12-01-2025-300x212.jpg 300w, https:\/\/www.billard-club-sottevillais.com\/wp-content\/uploads\/2025\/01\/FM-T3-Libre-N3-Poule-A-Louviers-12-01-2025-768x543.jpg 768w, https:\/\/www.billard-club-sottevillais.com\/wp-content\/uploads\/2025\/01\/FM-T3-Libre-N3-Poule-A-Louviers-12-01-2025-1536x1086.jpg 1536w, https:\/\/www.billard-club-sottevillais.com\/wp-content\/uploads\/2025\/01\/FM-T3-Libre-N3-Poule-A-Louviers-12-01-2025-rotated.jpg 1754w\" sizes=\"auto, (max-width: 706px) 89vw, (max-width: 767px) 82vw, 740px\" \/><br \/><\/em><\/p>\n<h4 style=\"padding-left: 30px;\">Le pdf ici : <em><a href=\"http:\/\/www.billard-club-sottevillais.com\/wp-content\/uploads\/2025\/01\/FM-T3-Libre-N3-Poule-A-Louviers-12-01-2025.pdf\">FM T3 Libre N3 Poule A Louviers 12-01-2025<\/a><\/em><\/h4>\n\n\n<p><\/p>\n","protected":false},"excerpt":{"rendered":"<p>R\u00e9sultats des Tournois, vous trouverez ici toutes les informations concernant les rencontres sportives auxquelles participe le Billard Club Sottevillais.<\/p>\n","protected":false},"author":7,"featured_media":0,"parent":0,"menu_order":0,"comment_status":"closed","ping_status":"closed","template":"","meta":{"footnotes":""},"class_list":["post-15319","page","type-page","status-publish","hentry"],"_links":{"self":[{"href":"https:\/\/www.billard-club-sottevillais.com\/index.php?rest_route=\/wp\/v2\/pages\/15319","targetHints":{"allow":["GET"]}}],"collection":[{"href":"https:\/\/www.billard-club-sottevillais.com\/index.php?rest_route=\/wp\/v2\/pages"}],"about":[{"href":"https:\/\/www.billard-club-sottevillais.com\/index.php?rest_route=\/wp\/v2\/types\/page"}],"author":[{"embeddable":true,"href":"https:\/\/www.billard-club-sottevillais.com\/index.php?rest_route=\/wp\/v2\/users\/7"}],"replies":[{"embeddable":true,"href":"https:\/\/www.billard-club-sottevillais.com\/index.php?rest_route=%2Fwp%2Fv2%2Fcomments&post=15319"}],"version-history":[{"count":3,"href":"https:\/\/www.billard-club-sottevillais.com\/index.php?rest_route=\/wp\/v2\/pages\/15319\/revisions"}],"predecessor-version":[{"id":15460,"href":"https:\/\/www.billard-club-sottevillais.com\/index.php?rest_route=\/wp\/v2\/pages\/15319\/revisions\/15460"}],"wp:attachment":[{"href":"https:\/\/www.billard-club-sottevillais.com\/index.php?rest_route=%2Fwp%2Fv2%2Fmedia&parent=15319"}],"curies":[{"name":"wp","href":"https:\/\/api.w.org\/{rel}","templated":true}]}}