{"id":15289,"date":"2024-12-21T10:08:39","date_gmt":"2024-12-21T10:08:39","guid":{"rendered":"https:\/\/www.billard-club-sottevillais.com\/?page_id=15289"},"modified":"2024-12-21T10:08:39","modified_gmt":"2024-12-21T10:08:39","slug":"3-bandes-r2-1-decembre-2024","status":"publish","type":"page","link":"https:\/\/www.billard-club-sottevillais.com\/?page_id=15289","title":{"rendered":"3 Bandes R2 &#8211; 1 D\u00e9cembre 2024"},"content":{"rendered":"<p style=\"text-align: justify;\">R\u00e9sultats des Tournois, vous trouverez ici toutes les informations concernant les rencontres sportives auxquelles participe le Billard Club Sottevillais.<\/p>\n<p style=\"text-align: center;\"><!--more--><img loading=\"lazy\" decoding=\"async\" class=\"aligncenter size-full wp-image-59\" title=\"sport\" src=\"http:\/\/billardcf.cluster010.ovh.net\/wp-content\/uploads\/2011\/07\/sport.jpg\" alt=\"\" width=\"231\" height=\"116\" \/><\/p>\n<p style=\"text-align: left;\">Le 1er tour de 3 bandes R2 s&rsquo;est d\u00e9roul\u00e9 le 1 d\u00e9cembre 2024 au Havre. Pascal Ippolito repr\u00e9sentait le BCS dans une poule de 4.<\/p>\n<p style=\"text-align: left;\">Pascal avec 2 victoires et 1 d\u00e9faite\u00a0 (3 pts de bonus) prend la 1\u00e8re place.<\/p>\n<p style=\"text-align: center;\"><img loading=\"lazy\" decoding=\"async\" class=\"aligncenter wp-image-15290\" src=\"http:\/\/www.billard-club-sottevillais.com\/wp-content\/uploads\/2024\/12\/FM_T1_3-BANDES-R2_01-12-2024_LE-HAVRE_C2-1024x724.jpg\" alt=\"\" width=\"750\" height=\"530\" srcset=\"https:\/\/www.billard-club-sottevillais.com\/wp-content\/uploads\/2024\/12\/FM_T1_3-BANDES-R2_01-12-2024_LE-HAVRE_C2-1024x724.jpg 1024w, https:\/\/www.billard-club-sottevillais.com\/wp-content\/uploads\/2024\/12\/FM_T1_3-BANDES-R2_01-12-2024_LE-HAVRE_C2-300x212.jpg 300w, https:\/\/www.billard-club-sottevillais.com\/wp-content\/uploads\/2024\/12\/FM_T1_3-BANDES-R2_01-12-2024_LE-HAVRE_C2-768x543.jpg 768w, https:\/\/www.billard-club-sottevillais.com\/wp-content\/uploads\/2024\/12\/FM_T1_3-BANDES-R2_01-12-2024_LE-HAVRE_C2-1536x1086.jpg 1536w, https:\/\/www.billard-club-sottevillais.com\/wp-content\/uploads\/2024\/12\/FM_T1_3-BANDES-R2_01-12-2024_LE-HAVRE_C2-rotated.jpg 1754w\" sizes=\"auto, (max-width: 706px) 89vw, (max-width: 767px) 82vw, 740px\" \/><\/p>\n<p style=\"text-align: center;\">Le pdf ici : <a href=\"http:\/\/www.billard-club-sottevillais.com\/wp-content\/uploads\/2024\/12\/FM_T1_3-BANDES-R2_01-12-2024_LE-HAVRE_C2.pdf\">FM_T1_3 BANDES R2_01-12-2024_LE HAVRE_C2<\/a><\/p>\n","protected":false},"excerpt":{"rendered":"<p>R\u00e9sultats des Tournois, vous trouverez ici toutes les informations concernant les rencontres sportives auxquelles participe le Billard Club Sottevillais.<\/p>\n","protected":false},"author":7,"featured_media":0,"parent":0,"menu_order":0,"comment_status":"closed","ping_status":"closed","template":"","meta":{"footnotes":""},"class_list":["post-15289","page","type-page","status-publish","hentry"],"_links":{"self":[{"href":"https:\/\/www.billard-club-sottevillais.com\/index.php?rest_route=\/wp\/v2\/pages\/15289","targetHints":{"allow":["GET"]}}],"collection":[{"href":"https:\/\/www.billard-club-sottevillais.com\/index.php?rest_route=\/wp\/v2\/pages"}],"about":[{"href":"https:\/\/www.billard-club-sottevillais.com\/index.php?rest_route=\/wp\/v2\/types\/page"}],"author":[{"embeddable":true,"href":"https:\/\/www.billard-club-sottevillais.com\/index.php?rest_route=\/wp\/v2\/users\/7"}],"replies":[{"embeddable":true,"href":"https:\/\/www.billard-club-sottevillais.com\/index.php?rest_route=%2Fwp%2Fv2%2Fcomments&post=15289"}],"version-history":[{"count":1,"href":"https:\/\/www.billard-club-sottevillais.com\/index.php?rest_route=\/wp\/v2\/pages\/15289\/revisions"}],"predecessor-version":[{"id":15292,"href":"https:\/\/www.billard-club-sottevillais.com\/index.php?rest_route=\/wp\/v2\/pages\/15289\/revisions\/15292"}],"wp:attachment":[{"href":"https:\/\/www.billard-club-sottevillais.com\/index.php?rest_route=%2Fwp%2Fv2%2Fmedia&parent=15289"}],"curies":[{"name":"wp","href":"https:\/\/api.w.org\/{rel}","templated":true}]}}