{"id":15269,"date":"2024-12-15T18:09:20","date_gmt":"2024-12-15T18:09:20","guid":{"rendered":"https:\/\/www.billard-club-sottevillais.com\/?page_id=15269"},"modified":"2024-12-15T18:10:22","modified_gmt":"2024-12-15T18:10:22","slug":"libre-r4-t2-15-decembre-2024","status":"publish","type":"page","link":"https:\/\/www.billard-club-sottevillais.com\/?page_id=15269","title":{"rendered":"Libre R4 T2 &#8211; 15 D\u00e9cembre 2024"},"content":{"rendered":"<p style=\"text-align: justify;\">R\u00e9sultats des Tournois, vous trouverez ici toutes les informations concernant les rencontres sportives auxquelles participe le Billard Club Sottevillais.<\/p>\n<p style=\"text-align: center;\"><!--more--><img loading=\"lazy\" decoding=\"async\" class=\"aligncenter size-full wp-image-59\" title=\"sport\" src=\"http:\/\/billardcf.cluster010.ovh.net\/wp-content\/uploads\/2011\/07\/sport.jpg\" alt=\"\" width=\"231\" height=\"116\" \/><\/p>\n<p style=\"text-align: justify;\">Le 2\u00e8me tour de libre R4 s&rsquo;est d\u00e9roul\u00e9 le 15 D\u00e9cembre 2024. Les joueurs de R4 \u00e9taient repartis en 4 poules. Tous les joueurs d&rsquo;une m\u00eame poule se rencontrent.<\/p>\n<p style=\"text-align: justify;\">Michel Guillaume, Francine Burgot et Serge Petit \u00e9taient dans la poule C \u00e0 Sotteville (6 joueurs). Xavier Sauvage et S\u00e9bastien Hid\u00e9e \u00e9taient dans la poule D \u00e0 Sotteville (5 joueurs). Dans les poule A et B, il y a aucun repr\u00e9sentant sottevillais.<\/p>\n<p style=\"text-align: justify;\">Dans la poule C, Francine gagne 1 match, elle termine 5\u00e8me. Serge gagne 2 matchs et un pt de bonus, il prend la 4\u00e8me place. Michel gagne ses 5 matchs avec 3 pts de bonus. Il termine 1er.<\/p>\n<p>Dans la poule D, S\u00e9bastien gagne 2 matchs dont 1 avec le bonus. Il prend la 3\u00e8me place. Xavier gagne 3 matchs avec 3 pts de bonus. Il prend la 1\u00e8re place.<\/p>\n<p><em>Poule C<\/em>,<\/p>\n<p><img loading=\"lazy\" decoding=\"async\" class=\"aligncenter wp-image-15272\" src=\"http:\/\/www.billard-club-sottevillais.com\/wp-content\/uploads\/2024\/12\/FM_T2_LIBRE-R4_15-12-2024_SOTTEVILLE_C3-1024x724.jpg\" alt=\"\" width=\"750\" height=\"530\" srcset=\"https:\/\/www.billard-club-sottevillais.com\/wp-content\/uploads\/2024\/12\/FM_T2_LIBRE-R4_15-12-2024_SOTTEVILLE_C3-1024x724.jpg 1024w, https:\/\/www.billard-club-sottevillais.com\/wp-content\/uploads\/2024\/12\/FM_T2_LIBRE-R4_15-12-2024_SOTTEVILLE_C3-300x212.jpg 300w, https:\/\/www.billard-club-sottevillais.com\/wp-content\/uploads\/2024\/12\/FM_T2_LIBRE-R4_15-12-2024_SOTTEVILLE_C3-768x543.jpg 768w, https:\/\/www.billard-club-sottevillais.com\/wp-content\/uploads\/2024\/12\/FM_T2_LIBRE-R4_15-12-2024_SOTTEVILLE_C3-1536x1086.jpg 1536w, https:\/\/www.billard-club-sottevillais.com\/wp-content\/uploads\/2024\/12\/FM_T2_LIBRE-R4_15-12-2024_SOTTEVILLE_C3-rotated.jpg 1754w\" sizes=\"auto, (max-width: 706px) 89vw, (max-width: 767px) 82vw, 740px\" \/><\/p>\n<p><em>Poule D,<\/em><\/p>\n<p><img loading=\"lazy\" decoding=\"async\" class=\"aligncenter wp-image-15275\" src=\"http:\/\/www.billard-club-sottevillais.com\/wp-content\/uploads\/2024\/12\/FM_T2_LIBRE-R4_15-12-2024_SOTTEVILLE_C4-1-1024x724.jpg\" alt=\"\" width=\"750\" height=\"530\" srcset=\"https:\/\/www.billard-club-sottevillais.com\/wp-content\/uploads\/2024\/12\/FM_T2_LIBRE-R4_15-12-2024_SOTTEVILLE_C4-1-1024x724.jpg 1024w, https:\/\/www.billard-club-sottevillais.com\/wp-content\/uploads\/2024\/12\/FM_T2_LIBRE-R4_15-12-2024_SOTTEVILLE_C4-1-300x212.jpg 300w, https:\/\/www.billard-club-sottevillais.com\/wp-content\/uploads\/2024\/12\/FM_T2_LIBRE-R4_15-12-2024_SOTTEVILLE_C4-1-768x543.jpg 768w, https:\/\/www.billard-club-sottevillais.com\/wp-content\/uploads\/2024\/12\/FM_T2_LIBRE-R4_15-12-2024_SOTTEVILLE_C4-1-1536x1086.jpg 1536w, https:\/\/www.billard-club-sottevillais.com\/wp-content\/uploads\/2024\/12\/FM_T2_LIBRE-R4_15-12-2024_SOTTEVILLE_C4-1-rotated.jpg 1754w\" sizes=\"auto, (max-width: 706px) 89vw, (max-width: 767px) 82vw, 740px\" \/><\/p>\n<h4 style=\"padding-left: 30px;\">Le pdf ici : <a href=\"http:\/\/www.billard-club-sottevillais.com\/wp-content\/uploads\/2024\/12\/FM_T2_LIBRE-R4_15-12-2024_SOTTEVILLE_C3.pdf\">FM_T2_LIBRE R4_15-12-2024_SOTTEVILLE_C3<\/a><\/h4>\n<h4 style=\"padding-left: 30px;\">Le pdf ici :<a href=\"http:\/\/www.billard-club-sottevillais.com\/wp-content\/uploads\/2024\/12\/FM_T2_LIBRE-R4_15-12-2024_SOTTEVILLE_C4.pdf\">FM_T2_LIBRE R4_15-12-2024_SOTTEVILLE_C4<\/a><\/h4>\n\n\n<p><\/p>\n","protected":false},"excerpt":{"rendered":"<p>R\u00e9sultats des Tournois, vous trouverez ici toutes les informations concernant les rencontres sportives auxquelles participe le Billard Club Sottevillais.<\/p>\n","protected":false},"author":7,"featured_media":0,"parent":0,"menu_order":0,"comment_status":"closed","ping_status":"closed","template":"","meta":{"footnotes":""},"class_list":["post-15269","page","type-page","status-publish","hentry"],"_links":{"self":[{"href":"https:\/\/www.billard-club-sottevillais.com\/index.php?rest_route=\/wp\/v2\/pages\/15269","targetHints":{"allow":["GET"]}}],"collection":[{"href":"https:\/\/www.billard-club-sottevillais.com\/index.php?rest_route=\/wp\/v2\/pages"}],"about":[{"href":"https:\/\/www.billard-club-sottevillais.com\/index.php?rest_route=\/wp\/v2\/types\/page"}],"author":[{"embeddable":true,"href":"https:\/\/www.billard-club-sottevillais.com\/index.php?rest_route=\/wp\/v2\/users\/7"}],"replies":[{"embeddable":true,"href":"https:\/\/www.billard-club-sottevillais.com\/index.php?rest_route=%2Fwp%2Fv2%2Fcomments&post=15269"}],"version-history":[{"count":2,"href":"https:\/\/www.billard-club-sottevillais.com\/index.php?rest_route=\/wp\/v2\/pages\/15269\/revisions"}],"predecessor-version":[{"id":15277,"href":"https:\/\/www.billard-club-sottevillais.com\/index.php?rest_route=\/wp\/v2\/pages\/15269\/revisions\/15277"}],"wp:attachment":[{"href":"https:\/\/www.billard-club-sottevillais.com\/index.php?rest_route=%2Fwp%2Fv2%2Fmedia&parent=15269"}],"curies":[{"name":"wp","href":"https:\/\/api.w.org\/{rel}","templated":true}]}}