{"id":15260,"date":"2024-12-15T17:48:48","date_gmt":"2024-12-15T17:48:48","guid":{"rendered":"https:\/\/www.billard-club-sottevillais.com\/?page_id=15260"},"modified":"2024-12-15T17:48:48","modified_gmt":"2024-12-15T17:48:48","slug":"cadre-reg-t2-15-decembre-2024","status":"publish","type":"page","link":"https:\/\/www.billard-club-sottevillais.com\/?page_id=15260","title":{"rendered":"Cadre R\u00e9g T2 &#8211; 15 D\u00e9cembre 2024"},"content":{"rendered":"<p style=\"text-align: justify;\">Le 2\u00e8me tour de Cadre R\u00e9gional s&rsquo;est d\u00e9roul\u00e9 le 15 D\u00e9cembre 2024. Les joueurs de R\u00e9gional \u00e9taient repartis en 3 poules, \u00e0 Evreux, \u00e0 Lisieux et \u00e0 Louviers. Tous les joueurs d&rsquo;une m\u00eame poule se rencontrent.\u00a0 C\u00e9dric Legendre \u00e9tait dans la poule A (4 joueurs), Bruno Pierrel \u00e9tait dans la poule B (4 joueurs) et Jerome Staigre \u00e9tait dans la poule C (5 joueurs).<\/p>\n<p>Dans la poule A, Cedric gagne ses 3 matchs dont 1 avec\u00a0 1 pt de bonus. Il remporte ce tour.<\/p>\n<p>Dans la poule B, Bruno gagne 2 matchs sur 3 avec 2 pts de bonus. Il termine 2\u00e8me.<\/p>\n<p>Dans la poule C,\u00a0 Jerome fait un match nul et perd 3 matchs. Il prend la 5\u00e8me place.<\/p>\n<p><em>Poule A :<\/em><\/p>\n<p><img loading=\"lazy\" decoding=\"async\" class=\"aligncenter wp-image-15261\" src=\"http:\/\/www.billard-club-sottevillais.com\/wp-content\/uploads\/2024\/12\/FM-T2-Cadre-R1-Lisieux-Poule-A-15-12-2024-1024x724.jpg\" alt=\"\" width=\"750\" height=\"530\" srcset=\"https:\/\/www.billard-club-sottevillais.com\/wp-content\/uploads\/2024\/12\/FM-T2-Cadre-R1-Lisieux-Poule-A-15-12-2024-1024x724.jpg 1024w, https:\/\/www.billard-club-sottevillais.com\/wp-content\/uploads\/2024\/12\/FM-T2-Cadre-R1-Lisieux-Poule-A-15-12-2024-300x212.jpg 300w, https:\/\/www.billard-club-sottevillais.com\/wp-content\/uploads\/2024\/12\/FM-T2-Cadre-R1-Lisieux-Poule-A-15-12-2024-768x543.jpg 768w, https:\/\/www.billard-club-sottevillais.com\/wp-content\/uploads\/2024\/12\/FM-T2-Cadre-R1-Lisieux-Poule-A-15-12-2024-1536x1086.jpg 1536w, https:\/\/www.billard-club-sottevillais.com\/wp-content\/uploads\/2024\/12\/FM-T2-Cadre-R1-Lisieux-Poule-A-15-12-2024-rotated.jpg 1754w\" sizes=\"auto, (max-width: 706px) 89vw, (max-width: 767px) 82vw, 740px\" \/><\/p>\n<p><em>Poule B :<\/em><\/p>\n<p><img loading=\"lazy\" decoding=\"async\" class=\"aligncenter wp-image-15262\" src=\"http:\/\/www.billard-club-sottevillais.com\/wp-content\/uploads\/2024\/12\/FM-T2-Cadre-R1-Louviers-Poule-B-15-12-2024-1024x724.jpg\" alt=\"\" width=\"750\" height=\"530\" srcset=\"https:\/\/www.billard-club-sottevillais.com\/wp-content\/uploads\/2024\/12\/FM-T2-Cadre-R1-Louviers-Poule-B-15-12-2024-1024x724.jpg 1024w, https:\/\/www.billard-club-sottevillais.com\/wp-content\/uploads\/2024\/12\/FM-T2-Cadre-R1-Louviers-Poule-B-15-12-2024-300x212.jpg 300w, https:\/\/www.billard-club-sottevillais.com\/wp-content\/uploads\/2024\/12\/FM-T2-Cadre-R1-Louviers-Poule-B-15-12-2024-768x543.jpg 768w, https:\/\/www.billard-club-sottevillais.com\/wp-content\/uploads\/2024\/12\/FM-T2-Cadre-R1-Louviers-Poule-B-15-12-2024-1536x1086.jpg 1536w, https:\/\/www.billard-club-sottevillais.com\/wp-content\/uploads\/2024\/12\/FM-T2-Cadre-R1-Louviers-Poule-B-15-12-2024-rotated.jpg 1754w\" sizes=\"auto, (max-width: 706px) 89vw, (max-width: 767px) 82vw, 740px\" \/><\/p>\n<p><em>Poule C :<\/em><\/p>\n<p><img loading=\"lazy\" decoding=\"async\" class=\"aligncenter wp-image-15263\" src=\"http:\/\/www.billard-club-sottevillais.com\/wp-content\/uploads\/2024\/12\/FM-T2-Cadre-R1-Evreux-poule-C-15-12-2024-1024x724.jpg\" alt=\"\" width=\"750\" height=\"530\" srcset=\"https:\/\/www.billard-club-sottevillais.com\/wp-content\/uploads\/2024\/12\/FM-T2-Cadre-R1-Evreux-poule-C-15-12-2024-1024x724.jpg 1024w, https:\/\/www.billard-club-sottevillais.com\/wp-content\/uploads\/2024\/12\/FM-T2-Cadre-R1-Evreux-poule-C-15-12-2024-300x212.jpg 300w, https:\/\/www.billard-club-sottevillais.com\/wp-content\/uploads\/2024\/12\/FM-T2-Cadre-R1-Evreux-poule-C-15-12-2024-768x543.jpg 768w, https:\/\/www.billard-club-sottevillais.com\/wp-content\/uploads\/2024\/12\/FM-T2-Cadre-R1-Evreux-poule-C-15-12-2024-1536x1086.jpg 1536w, https:\/\/www.billard-club-sottevillais.com\/wp-content\/uploads\/2024\/12\/FM-T2-Cadre-R1-Evreux-poule-C-15-12-2024-rotated.jpg 1754w\" sizes=\"auto, (max-width: 706px) 89vw, (max-width: 767px) 82vw, 740px\" \/><\/p>\n<h4 style=\"padding-left: 30px;\">Le pdf ici : <a href=\"http:\/\/www.billard-club-sottevillais.com\/wp-content\/uploads\/2024\/12\/FM-T2-Cadre-R1-Lisieux-Poule-A-15-12-2024.pdf\">FM T2 Cadre R1 Lisieux Poule A 15-12-2024<\/a><\/h4>\n<h4 style=\"padding-left: 30px;\">Le pdf ici : <a href=\"http:\/\/www.billard-club-sottevillais.com\/wp-content\/uploads\/2024\/12\/FM-T2-Cadre-R1-Louviers-Poule-B-15-12-2024.pdf\">FM T2 Cadre R1 Louviers Poule B 15-12-2024<\/a><\/h4>\n<h4 style=\"padding-left: 30px;\">Le pdf ici :<a href=\"http:\/\/www.billard-club-sottevillais.com\/wp-content\/uploads\/2024\/12\/FM-T2-Cadre-R1-Evreux-poule-C-15-12-2024.pdf\">FM T2 Cadre R1 Evreux poule C 15-12-2024<\/a><\/h4>\n","protected":false},"excerpt":{"rendered":"<p>Le 2\u00e8me tour de Cadre R\u00e9gional s&rsquo;est d\u00e9roul\u00e9 le 15 D\u00e9cembre 2024. Les joueurs de R\u00e9gional \u00e9taient repartis en 3 poules, \u00e0 Evreux, \u00e0 Lisieux et \u00e0 Louviers. Tous les joueurs d&rsquo;une m\u00eame poule se rencontrent.\u00a0 C\u00e9dric Legendre \u00e9tait dans la poule A (4 joueurs), Bruno Pierrel \u00e9tait dans la poule B (4 joueurs) et &hellip; <\/p>\n<p class=\"link-more\"><a href=\"https:\/\/www.billard-club-sottevillais.com\/?page_id=15260\" class=\"more-link\">Continuer la lecture<span class=\"screen-reader-text\"> de &laquo;&nbsp;Cadre R\u00e9g T2 &#8211; 15 D\u00e9cembre 2024&nbsp;&raquo;<\/span><\/a><\/p>\n","protected":false},"author":7,"featured_media":0,"parent":0,"menu_order":0,"comment_status":"closed","ping_status":"closed","template":"","meta":{"footnotes":""},"class_list":["post-15260","page","type-page","status-publish","hentry"],"_links":{"self":[{"href":"https:\/\/www.billard-club-sottevillais.com\/index.php?rest_route=\/wp\/v2\/pages\/15260","targetHints":{"allow":["GET"]}}],"collection":[{"href":"https:\/\/www.billard-club-sottevillais.com\/index.php?rest_route=\/wp\/v2\/pages"}],"about":[{"href":"https:\/\/www.billard-club-sottevillais.com\/index.php?rest_route=\/wp\/v2\/types\/page"}],"author":[{"embeddable":true,"href":"https:\/\/www.billard-club-sottevillais.com\/index.php?rest_route=\/wp\/v2\/users\/7"}],"replies":[{"embeddable":true,"href":"https:\/\/www.billard-club-sottevillais.com\/index.php?rest_route=%2Fwp%2Fv2%2Fcomments&post=15260"}],"version-history":[{"count":1,"href":"https:\/\/www.billard-club-sottevillais.com\/index.php?rest_route=\/wp\/v2\/pages\/15260\/revisions"}],"predecessor-version":[{"id":15268,"href":"https:\/\/www.billard-club-sottevillais.com\/index.php?rest_route=\/wp\/v2\/pages\/15260\/revisions\/15268"}],"wp:attachment":[{"href":"https:\/\/www.billard-club-sottevillais.com\/index.php?rest_route=%2Fwp%2Fv2%2Fmedia&parent=15260"}],"curies":[{"name":"wp","href":"https:\/\/api.w.org\/{rel}","templated":true}]}}