{"id":15252,"date":"2024-12-09T17:29:57","date_gmt":"2024-12-09T17:29:57","guid":{"rendered":"https:\/\/www.billard-club-sottevillais.com\/?page_id=15252"},"modified":"2024-12-09T17:31:50","modified_gmt":"2024-12-09T17:31:50","slug":"bande-r1-t1-8-decembre-2024","status":"publish","type":"page","link":"https:\/\/www.billard-club-sottevillais.com\/?page_id=15252","title":{"rendered":"Bande R1 T1 &#8211; 8 D\u00e9cembre 2024"},"content":{"rendered":"<p style=\"text-align: justify;\">R\u00e9sultats des Tournois, vous trouverez ici toutes les informations concernant les rencontres sportives auxquelles participe le Billard Club Sottevillais.<\/p>\n<p style=\"text-align: center;\"><!--more--><img loading=\"lazy\" decoding=\"async\" class=\"aligncenter size-full wp-image-59\" title=\"sport\" src=\"http:\/\/billardcf.cluster010.ovh.net\/wp-content\/uploads\/2011\/07\/sport.jpg\" alt=\"\" width=\"231\" height=\"116\" \/><\/p>\n<p style=\"text-align: justify;\">Le 1er tour de Bande R1 s&rsquo;est d\u00e9roul\u00e9 le 8 D\u00e9cembre 2024 \u00e0 St Nicolas d&rsquo;Aliermont. Christian Ponthieux repr\u00e9sentait le BCS dans une poule de 6 joueurs.<\/p>\n<p style=\"text-align: justify;\">Christian perd ses 4 matchs, il termine 5\u00e8me.<\/p>\n<p><img loading=\"lazy\" decoding=\"async\" class=\"aligncenter wp-image-15256\" src=\"http:\/\/www.billard-club-sottevillais.com\/wp-content\/uploads\/2024\/12\/10000028081.jpg\" alt=\"\" width=\"750\" height=\"563\" srcset=\"https:\/\/www.billard-club-sottevillais.com\/wp-content\/uploads\/2024\/12\/10000028081.jpg 800w, https:\/\/www.billard-club-sottevillais.com\/wp-content\/uploads\/2024\/12\/10000028081-300x225.jpg 300w, https:\/\/www.billard-club-sottevillais.com\/wp-content\/uploads\/2024\/12\/10000028081-768x576.jpg 768w\" sizes=\"auto, (max-width: 706px) 89vw, (max-width: 767px) 82vw, 740px\" \/><\/p>\n<h4 style=\"padding-left: 30px;\">Le pdf ici :<\/h4>\n","protected":false},"excerpt":{"rendered":"<p>R\u00e9sultats des Tournois, vous trouverez ici toutes les informations concernant les rencontres sportives auxquelles participe le Billard Club Sottevillais.<\/p>\n","protected":false},"author":7,"featured_media":0,"parent":0,"menu_order":0,"comment_status":"closed","ping_status":"closed","template":"","meta":{"footnotes":""},"class_list":["post-15252","page","type-page","status-publish","hentry"],"_links":{"self":[{"href":"https:\/\/www.billard-club-sottevillais.com\/index.php?rest_route=\/wp\/v2\/pages\/15252","targetHints":{"allow":["GET"]}}],"collection":[{"href":"https:\/\/www.billard-club-sottevillais.com\/index.php?rest_route=\/wp\/v2\/pages"}],"about":[{"href":"https:\/\/www.billard-club-sottevillais.com\/index.php?rest_route=\/wp\/v2\/types\/page"}],"author":[{"embeddable":true,"href":"https:\/\/www.billard-club-sottevillais.com\/index.php?rest_route=\/wp\/v2\/users\/7"}],"replies":[{"embeddable":true,"href":"https:\/\/www.billard-club-sottevillais.com\/index.php?rest_route=%2Fwp%2Fv2%2Fcomments&post=15252"}],"version-history":[{"count":3,"href":"https:\/\/www.billard-club-sottevillais.com\/index.php?rest_route=\/wp\/v2\/pages\/15252\/revisions"}],"predecessor-version":[{"id":15259,"href":"https:\/\/www.billard-club-sottevillais.com\/index.php?rest_route=\/wp\/v2\/pages\/15252\/revisions\/15259"}],"wp:attachment":[{"href":"https:\/\/www.billard-club-sottevillais.com\/index.php?rest_route=%2Fwp%2Fv2%2Fmedia&parent=15252"}],"curies":[{"name":"wp","href":"https:\/\/api.w.org\/{rel}","templated":true}]}}