{"id":15246,"date":"2024-12-08T17:37:58","date_gmt":"2024-12-08T17:37:58","guid":{"rendered":"https:\/\/www.billard-club-sottevillais.com\/?page_id=15246"},"modified":"2024-12-08T17:37:58","modified_gmt":"2024-12-08T17:37:58","slug":"bande-r2-t1-8-decembre-2024","status":"publish","type":"page","link":"https:\/\/www.billard-club-sottevillais.com\/?page_id=15246","title":{"rendered":"BANDE R2 T1 &#8211; 8 D\u00e9cembre 2024"},"content":{"rendered":"<p style=\"text-align: justify;\">R\u00e9sultats des Tournois, vous trouverez ici toutes les informations concernant les rencontres sportives auxquelles participe le Billard Club Sottevillais.<\/p>\n<p style=\"text-align: center;\"><!--more--><img loading=\"lazy\" decoding=\"async\" class=\"aligncenter size-full wp-image-59\" title=\"sport\" src=\"http:\/\/billardcf.cluster010.ovh.net\/wp-content\/uploads\/2011\/07\/sport.jpg\" alt=\"\" width=\"231\" height=\"116\" \/><\/p>\n<p style=\"text-align: justify;\">Le 1er tour de Bande R2 s&rsquo;est d\u00e9roul\u00e9 le 8 D\u00e9cembre 2024. Les joueurs de R2 \u00e9taient repartis en 2 poules au club de sotteville. Tous les joueurs d&rsquo;une m\u00eame poule se rencontrent.<\/p>\n<p style=\"text-align: justify;\">Sebastien Hid\u00e9e \u00e9tait dans la poule A et Pascal Ippolito \u00e9tait dans la poule B.<\/p>\n<p style=\"text-align: justify;\">Dans la poule A, Sebastien termine 5\u00e8me avec 1 victoire\u00a0 et 3 d\u00e9faites.<\/p>\n<p>Dans la poule B, Pascal finit 5\u00e8me avec un match nul et 3 d\u00e9faites.<\/p>\n<p><em>Poule A,<\/em><\/p>\n<p><img loading=\"lazy\" decoding=\"async\" class=\"aligncenter wp-image-15247\" src=\"http:\/\/www.billard-club-sottevillais.com\/wp-content\/uploads\/2024\/12\/FM_T1_BANDE-R2_08-12-2024_SOTTEVILLE_C1-1024x724.jpg\" alt=\"\" width=\"750\" height=\"530\" srcset=\"https:\/\/www.billard-club-sottevillais.com\/wp-content\/uploads\/2024\/12\/FM_T1_BANDE-R2_08-12-2024_SOTTEVILLE_C1-1024x724.jpg 1024w, https:\/\/www.billard-club-sottevillais.com\/wp-content\/uploads\/2024\/12\/FM_T1_BANDE-R2_08-12-2024_SOTTEVILLE_C1-300x212.jpg 300w, https:\/\/www.billard-club-sottevillais.com\/wp-content\/uploads\/2024\/12\/FM_T1_BANDE-R2_08-12-2024_SOTTEVILLE_C1-768x543.jpg 768w, https:\/\/www.billard-club-sottevillais.com\/wp-content\/uploads\/2024\/12\/FM_T1_BANDE-R2_08-12-2024_SOTTEVILLE_C1-1536x1086.jpg 1536w, https:\/\/www.billard-club-sottevillais.com\/wp-content\/uploads\/2024\/12\/FM_T1_BANDE-R2_08-12-2024_SOTTEVILLE_C1-rotated.jpg 1754w\" sizes=\"auto, (max-width: 706px) 89vw, (max-width: 767px) 82vw, 740px\" \/><\/p>\n<p><em>Poule B,<\/em><\/p>\n<p><img loading=\"lazy\" decoding=\"async\" class=\"aligncenter wp-image-15250\" src=\"http:\/\/www.billard-club-sottevillais.com\/wp-content\/uploads\/2024\/12\/FM_T1_BANDE-R2_08-12-2024_SOTTEVILLE_C2-1024x724.jpg\" alt=\"\" width=\"750\" height=\"530\" srcset=\"https:\/\/www.billard-club-sottevillais.com\/wp-content\/uploads\/2024\/12\/FM_T1_BANDE-R2_08-12-2024_SOTTEVILLE_C2-1024x724.jpg 1024w, https:\/\/www.billard-club-sottevillais.com\/wp-content\/uploads\/2024\/12\/FM_T1_BANDE-R2_08-12-2024_SOTTEVILLE_C2-300x212.jpg 300w, https:\/\/www.billard-club-sottevillais.com\/wp-content\/uploads\/2024\/12\/FM_T1_BANDE-R2_08-12-2024_SOTTEVILLE_C2-768x543.jpg 768w, https:\/\/www.billard-club-sottevillais.com\/wp-content\/uploads\/2024\/12\/FM_T1_BANDE-R2_08-12-2024_SOTTEVILLE_C2-1536x1086.jpg 1536w, https:\/\/www.billard-club-sottevillais.com\/wp-content\/uploads\/2024\/12\/FM_T1_BANDE-R2_08-12-2024_SOTTEVILLE_C2-rotated.jpg 1754w\" sizes=\"auto, (max-width: 706px) 89vw, (max-width: 767px) 82vw, 740px\" \/><\/p>\n<h4 style=\"padding-left: 30px;\">Le pdf ici :<a href=\"http:\/\/www.billard-club-sottevillais.com\/wp-content\/uploads\/2024\/12\/FM_T1_BANDE-R2_08-12-2024_SOTTEVILLE_C1.pdf\">FM_T1_BANDE R2_08-12-2024_SOTTEVILLE_C1<\/a><\/h4>\n<h4 style=\"padding-left: 30px;\">Le pdf ici : <a href=\"http:\/\/www.billard-club-sottevillais.com\/wp-content\/uploads\/2024\/12\/FM_T1_BANDE-R2_08-12-2024_SOTTEVILLE_C2.pdf\">FM_T1_BANDE R2_08-12-2024_SOTTEVILLE_C2<\/a><\/h4>\n","protected":false},"excerpt":{"rendered":"<p>R\u00e9sultats des Tournois, vous trouverez ici toutes les informations concernant les rencontres sportives auxquelles participe le Billard Club Sottevillais.<\/p>\n","protected":false},"author":7,"featured_media":0,"parent":0,"menu_order":0,"comment_status":"closed","ping_status":"closed","template":"","meta":{"footnotes":""},"class_list":["post-15246","page","type-page","status-publish","hentry"],"_links":{"self":[{"href":"https:\/\/www.billard-club-sottevillais.com\/index.php?rest_route=\/wp\/v2\/pages\/15246","targetHints":{"allow":["GET"]}}],"collection":[{"href":"https:\/\/www.billard-club-sottevillais.com\/index.php?rest_route=\/wp\/v2\/pages"}],"about":[{"href":"https:\/\/www.billard-club-sottevillais.com\/index.php?rest_route=\/wp\/v2\/types\/page"}],"author":[{"embeddable":true,"href":"https:\/\/www.billard-club-sottevillais.com\/index.php?rest_route=\/wp\/v2\/users\/7"}],"replies":[{"embeddable":true,"href":"https:\/\/www.billard-club-sottevillais.com\/index.php?rest_route=%2Fwp%2Fv2%2Fcomments&post=15246"}],"version-history":[{"count":1,"href":"https:\/\/www.billard-club-sottevillais.com\/index.php?rest_route=\/wp\/v2\/pages\/15246\/revisions"}],"predecessor-version":[{"id":15251,"href":"https:\/\/www.billard-club-sottevillais.com\/index.php?rest_route=\/wp\/v2\/pages\/15246\/revisions\/15251"}],"wp:attachment":[{"href":"https:\/\/www.billard-club-sottevillais.com\/index.php?rest_route=%2Fwp%2Fv2%2Fmedia&parent=15246"}],"curies":[{"name":"wp","href":"https:\/\/api.w.org\/{rel}","templated":true}]}}