{"id":15234,"date":"2024-12-08T17:25:42","date_gmt":"2024-12-08T17:25:42","guid":{"rendered":"https:\/\/www.billard-club-sottevillais.com\/?page_id=15234"},"modified":"2024-12-08T17:25:42","modified_gmt":"2024-12-08T17:25:42","slug":"bande-n3-t1-08-decembre-2024","status":"publish","type":"page","link":"https:\/\/www.billard-club-sottevillais.com\/?page_id=15234","title":{"rendered":"Bande N3 T1 &#8211; 08 D\u00e9cembre 2024"},"content":{"rendered":"<p style=\"text-align: justify;\">R\u00e9sultats des Tournois, vous trouverez ici toutes les informations concernant les rencontres sportives auxquelles participe le Billard Club Sottevillais.<\/p>\n<p style=\"text-align: center;\"><!--more--><img loading=\"lazy\" decoding=\"async\" class=\"aligncenter size-full wp-image-59\" title=\"sport\" src=\"http:\/\/billardcf.cluster010.ovh.net\/wp-content\/uploads\/2011\/07\/sport.jpg\" alt=\"\" width=\"231\" height=\"116\" \/><\/p>\n<p style=\"text-align: justify;\">Le 1er tour de Bande N3 s&rsquo;est d\u00e9roul\u00e9 le 08 d\u00e9cembre 2024 \u00e0 Sotteville-l\u00e8s-Rouen. Cedric Legendre repr\u00e9sentait le BCS dans un tour \u00e0 2.<\/p>\n<p style=\"text-align: justify;\">Cedric et Julien Grodemange de St Nicolas gagne un match chacun. Julien termine 1\u00e8me gr\u00e2ce \u00e0 sa victoire bonifi\u00e9e.<\/p>\n<p style=\"text-align: left;\"><img loading=\"lazy\" decoding=\"async\" class=\"aligncenter wp-image-15238\" src=\"http:\/\/www.billard-club-sottevillais.com\/wp-content\/uploads\/2024\/12\/FM-T1-Bande-N3-Sotteville-8-12-24-1024x724.jpg\" alt=\"\" width=\"750\" height=\"530\" srcset=\"https:\/\/www.billard-club-sottevillais.com\/wp-content\/uploads\/2024\/12\/FM-T1-Bande-N3-Sotteville-8-12-24-1024x724.jpg 1024w, https:\/\/www.billard-club-sottevillais.com\/wp-content\/uploads\/2024\/12\/FM-T1-Bande-N3-Sotteville-8-12-24-300x212.jpg 300w, https:\/\/www.billard-club-sottevillais.com\/wp-content\/uploads\/2024\/12\/FM-T1-Bande-N3-Sotteville-8-12-24-768x543.jpg 768w, https:\/\/www.billard-club-sottevillais.com\/wp-content\/uploads\/2024\/12\/FM-T1-Bande-N3-Sotteville-8-12-24-1536x1086.jpg 1536w, https:\/\/www.billard-club-sottevillais.com\/wp-content\/uploads\/2024\/12\/FM-T1-Bande-N3-Sotteville-8-12-24-rotated.jpg 1754w\" sizes=\"auto, (max-width: 706px) 89vw, (max-width: 767px) 82vw, 740px\" \/><\/p>\n<p style=\"text-align: left;\"><strong>Le pdf ici :\u00a0<a href=\"http:\/\/www.billard-club-sottevillais.com\/wp-content\/uploads\/2024\/12\/FM-T1-Bande-N3-Sotteville-8-12-24.pdf\">FM T1 Bande N3 Sotteville 8-12-24<\/a><\/strong><\/p>\n","protected":false},"excerpt":{"rendered":"<p>R\u00e9sultats des Tournois, vous trouverez ici toutes les informations concernant les rencontres sportives auxquelles participe le Billard Club Sottevillais.<\/p>\n","protected":false},"author":7,"featured_media":0,"parent":0,"menu_order":0,"comment_status":"closed","ping_status":"closed","template":"","meta":{"footnotes":""},"class_list":["post-15234","page","type-page","status-publish","hentry"],"_links":{"self":[{"href":"https:\/\/www.billard-club-sottevillais.com\/index.php?rest_route=\/wp\/v2\/pages\/15234","targetHints":{"allow":["GET"]}}],"collection":[{"href":"https:\/\/www.billard-club-sottevillais.com\/index.php?rest_route=\/wp\/v2\/pages"}],"about":[{"href":"https:\/\/www.billard-club-sottevillais.com\/index.php?rest_route=\/wp\/v2\/types\/page"}],"author":[{"embeddable":true,"href":"https:\/\/www.billard-club-sottevillais.com\/index.php?rest_route=\/wp\/v2\/users\/7"}],"replies":[{"embeddable":true,"href":"https:\/\/www.billard-club-sottevillais.com\/index.php?rest_route=%2Fwp%2Fv2%2Fcomments&post=15234"}],"version-history":[{"count":2,"href":"https:\/\/www.billard-club-sottevillais.com\/index.php?rest_route=\/wp\/v2\/pages\/15234\/revisions"}],"predecessor-version":[{"id":15240,"href":"https:\/\/www.billard-club-sottevillais.com\/index.php?rest_route=\/wp\/v2\/pages\/15234\/revisions\/15240"}],"wp:attachment":[{"href":"https:\/\/www.billard-club-sottevillais.com\/index.php?rest_route=%2Fwp%2Fv2%2Fmedia&parent=15234"}],"curies":[{"name":"wp","href":"https:\/\/api.w.org\/{rel}","templated":true}]}}