{"id":15204,"date":"2024-12-07T21:10:02","date_gmt":"2024-12-07T21:10:02","guid":{"rendered":"https:\/\/www.billard-club-sottevillais.com\/?page_id=15204"},"modified":"2024-12-07T21:10:35","modified_gmt":"2024-12-07T21:10:35","slug":"4-billes-r2-t1-07-decembre-2024","status":"publish","type":"page","link":"https:\/\/www.billard-club-sottevillais.com\/?page_id=15204","title":{"rendered":"4 Billes R2 T1 &#8211; 07 D\u00e9cembre 2024"},"content":{"rendered":"<p style=\"text-align: justify;\">R\u00e9sultats des Tournois, vous trouverez ici toutes les informations concernant les rencontres sportives auxquelles participe le Billard Club Sottevillais.<\/p>\n<p style=\"text-align: center;\"><!--more--><img loading=\"lazy\" decoding=\"async\" class=\"aligncenter size-full wp-image-59\" title=\"sport\" src=\"http:\/\/billardcf.cluster010.ovh.net\/wp-content\/uploads\/2011\/07\/sport.jpg\" alt=\"\" width=\"231\" height=\"116\" \/><\/p>\n<p style=\"text-align: justify;\">Le 1er tour de 4 Billes R2 s&rsquo;est d\u00e9roul\u00e9 le 7 D\u00e9cembre 2024. Les joueurs sottevillais \u00e9taient repartis en 3 poules. Tous les joueurs d&rsquo;une m\u00eame poule se rencontrent.<\/p>\n<p style=\"text-align: justify;\">Francine Burgot \u00e9tait dans la poule A \u00e0 Rouen (5 joueurs). Odon Vandebesien et S\u00e9bastien Hid\u00e9e \u00e9taient dans la poule B \u00e0 Oissel (6 joueurs). Romain Lefevre et Dominique Langlois \u00e9taient dans la poule C \u00e0 Cany-Barville (5 joueurs).<\/p>\n<p style=\"text-align: justify;\">Dans la poule A, Francine termine 3\u00e8me avec 3 victoires et 1 d\u00e9faites.<\/p>\n<p>Dans la poule B, Odon termine 3\u00e8me avec 3 victoires et 2 d\u00e9faites. S\u00e9bastien prend la 1\u00e8re place avec 5 victoires, toutes bonifi\u00e9es.<\/p>\n<p style=\"text-align: justify;\">Dans la poule C, Romain avec 2 victoires, dont une bonifi\u00e9 et 2 d\u00e9faites prend la 3\u00e8me place. Dominique finit \u00e0 la 2\u00e8me place (3 victoires et une d\u00e9faite).<\/p>\n<p><em>Poule A,<\/em><\/p>\n<p><img loading=\"lazy\" decoding=\"async\" class=\"aligncenter wp-image-15205\" src=\"http:\/\/www.billard-club-sottevillais.com\/wp-content\/uploads\/2024\/12\/FM-T1-4-Billes-Poule-A-7-12-2024-1024x724.jpg\" alt=\"\" width=\"750\" height=\"530\" srcset=\"https:\/\/www.billard-club-sottevillais.com\/wp-content\/uploads\/2024\/12\/FM-T1-4-Billes-Poule-A-7-12-2024-1024x724.jpg 1024w, https:\/\/www.billard-club-sottevillais.com\/wp-content\/uploads\/2024\/12\/FM-T1-4-Billes-Poule-A-7-12-2024-300x212.jpg 300w, https:\/\/www.billard-club-sottevillais.com\/wp-content\/uploads\/2024\/12\/FM-T1-4-Billes-Poule-A-7-12-2024-768x543.jpg 768w, https:\/\/www.billard-club-sottevillais.com\/wp-content\/uploads\/2024\/12\/FM-T1-4-Billes-Poule-A-7-12-2024-1536x1086.jpg 1536w, https:\/\/www.billard-club-sottevillais.com\/wp-content\/uploads\/2024\/12\/FM-T1-4-Billes-Poule-A-7-12-2024-rotated.jpg 1754w\" sizes=\"auto, (max-width: 706px) 89vw, (max-width: 767px) 82vw, 740px\" \/><\/p>\n<p><em>Poule B,<\/em><\/p>\n<p><img loading=\"lazy\" decoding=\"async\" class=\"aligncenter wp-image-15207\" src=\"http:\/\/www.billard-club-sottevillais.com\/wp-content\/uploads\/2024\/12\/FM-T1-4-Billes-Poule-B-7-12-2024-1024x724.jpg\" alt=\"\" width=\"750\" height=\"530\" srcset=\"https:\/\/www.billard-club-sottevillais.com\/wp-content\/uploads\/2024\/12\/FM-T1-4-Billes-Poule-B-7-12-2024-1024x724.jpg 1024w, https:\/\/www.billard-club-sottevillais.com\/wp-content\/uploads\/2024\/12\/FM-T1-4-Billes-Poule-B-7-12-2024-300x212.jpg 300w, https:\/\/www.billard-club-sottevillais.com\/wp-content\/uploads\/2024\/12\/FM-T1-4-Billes-Poule-B-7-12-2024-768x543.jpg 768w, https:\/\/www.billard-club-sottevillais.com\/wp-content\/uploads\/2024\/12\/FM-T1-4-Billes-Poule-B-7-12-2024-1536x1086.jpg 1536w, https:\/\/www.billard-club-sottevillais.com\/wp-content\/uploads\/2024\/12\/FM-T1-4-Billes-Poule-B-7-12-2024-rotated.jpg 1754w\" sizes=\"auto, (max-width: 706px) 89vw, (max-width: 767px) 82vw, 740px\" \/><\/p>\n<p><em>Poule C,<\/em><\/p>\n<p><img loading=\"lazy\" decoding=\"async\" class=\"aligncenter wp-image-15208\" src=\"http:\/\/www.billard-club-sottevillais.com\/wp-content\/uploads\/2024\/12\/FM-T1-4-Billes-Poule-C-7-12-2024-1024x724.jpg\" alt=\"\" width=\"750\" height=\"530\" srcset=\"https:\/\/www.billard-club-sottevillais.com\/wp-content\/uploads\/2024\/12\/FM-T1-4-Billes-Poule-C-7-12-2024-1024x724.jpg 1024w, https:\/\/www.billard-club-sottevillais.com\/wp-content\/uploads\/2024\/12\/FM-T1-4-Billes-Poule-C-7-12-2024-300x212.jpg 300w, https:\/\/www.billard-club-sottevillais.com\/wp-content\/uploads\/2024\/12\/FM-T1-4-Billes-Poule-C-7-12-2024-768x543.jpg 768w, https:\/\/www.billard-club-sottevillais.com\/wp-content\/uploads\/2024\/12\/FM-T1-4-Billes-Poule-C-7-12-2024-1536x1086.jpg 1536w, https:\/\/www.billard-club-sottevillais.com\/wp-content\/uploads\/2024\/12\/FM-T1-4-Billes-Poule-C-7-12-2024-rotated.jpg 1754w\" sizes=\"auto, (max-width: 706px) 89vw, (max-width: 767px) 82vw, 740px\" \/><\/p>\n<h4 style=\"padding-left: 30px;\">Le pdf ici : <a href=\"http:\/\/www.billard-club-sottevillais.com\/wp-content\/uploads\/2024\/12\/FM-T1-4-Billes-Poule-A-7-12-2024.pdf\">FM T1 4 Billes Poule A 7-12-2024<\/a><\/h4>\n<h4 style=\"padding-left: 30px;\">Le pdf ici :<a href=\"http:\/\/www.billard-club-sottevillais.com\/wp-content\/uploads\/2024\/12\/FM-T1-4-Billes-Poule-B-7-12-2024.pdf\">FM T1 4 Billes Poule B 7-12-2024<\/a><\/h4>\n<h4 style=\"padding-left: 30px;\">Le pdf ici : <a href=\"http:\/\/www.billard-club-sottevillais.com\/wp-content\/uploads\/2024\/12\/FM-T1-4-Billes-Poule-C-7-12-2024.pdf\">FM T1 4 Billes Poule C 7-12-2024<\/a><\/h4>\n","protected":false},"excerpt":{"rendered":"<p>R\u00e9sultats des Tournois, vous trouverez ici toutes les informations concernant les rencontres sportives auxquelles participe le Billard Club Sottevillais.<\/p>\n","protected":false},"author":7,"featured_media":0,"parent":0,"menu_order":0,"comment_status":"closed","ping_status":"closed","template":"","meta":{"footnotes":""},"class_list":["post-15204","page","type-page","status-publish","hentry"],"_links":{"self":[{"href":"https:\/\/www.billard-club-sottevillais.com\/index.php?rest_route=\/wp\/v2\/pages\/15204","targetHints":{"allow":["GET"]}}],"collection":[{"href":"https:\/\/www.billard-club-sottevillais.com\/index.php?rest_route=\/wp\/v2\/pages"}],"about":[{"href":"https:\/\/www.billard-club-sottevillais.com\/index.php?rest_route=\/wp\/v2\/types\/page"}],"author":[{"embeddable":true,"href":"https:\/\/www.billard-club-sottevillais.com\/index.php?rest_route=\/wp\/v2\/users\/7"}],"replies":[{"embeddable":true,"href":"https:\/\/www.billard-club-sottevillais.com\/index.php?rest_route=%2Fwp%2Fv2%2Fcomments&post=15204"}],"version-history":[{"count":2,"href":"https:\/\/www.billard-club-sottevillais.com\/index.php?rest_route=\/wp\/v2\/pages\/15204\/revisions"}],"predecessor-version":[{"id":15212,"href":"https:\/\/www.billard-club-sottevillais.com\/index.php?rest_route=\/wp\/v2\/pages\/15204\/revisions\/15212"}],"wp:attachment":[{"href":"https:\/\/www.billard-club-sottevillais.com\/index.php?rest_route=%2Fwp%2Fv2%2Fmedia&parent=15204"}],"curies":[{"name":"wp","href":"https:\/\/api.w.org\/{rel}","templated":true}]}}