{"id":15160,"date":"2024-11-24T18:58:28","date_gmt":"2024-11-24T18:58:28","guid":{"rendered":"https:\/\/www.billard-club-sottevillais.com\/?page_id=15160"},"modified":"2024-11-24T18:58:28","modified_gmt":"2024-11-24T18:58:28","slug":"libre-n3-t2-24-novembre-2024","status":"publish","type":"page","link":"https:\/\/www.billard-club-sottevillais.com\/?page_id=15160","title":{"rendered":"Libre N3 T2 &#8211; 24 Novembre 2024"},"content":{"rendered":"<p style=\"text-align: justify;\">Le 2\u00e8me tour de libre N3 a eu lieu le 24 Novembre 2024 \u00e0 La Saussaye. Jacques Alexandre representait le BCS dans un tour \u00e0 3.<\/p>\n<p style=\"text-align: justify;\">Jacques avec une victoire et une d\u00e9faite termine 2\u00e8me derri\u00e8re Cyril Garreau de Louviers.<\/p>\n<p style=\"text-align: justify;\"><em><img loading=\"lazy\" decoding=\"async\" class=\"aligncenter wp-image-15162\" src=\"http:\/\/www.billard-club-sottevillais.com\/wp-content\/uploads\/2024\/11\/FM-Libre-N3-T2-La-Saussaye-Poule-A-24-11-2024-1024x724.jpg\" alt=\"\" width=\"750\" height=\"530\" srcset=\"https:\/\/www.billard-club-sottevillais.com\/wp-content\/uploads\/2024\/11\/FM-Libre-N3-T2-La-Saussaye-Poule-A-24-11-2024-1024x724.jpg 1024w, https:\/\/www.billard-club-sottevillais.com\/wp-content\/uploads\/2024\/11\/FM-Libre-N3-T2-La-Saussaye-Poule-A-24-11-2024-300x212.jpg 300w, https:\/\/www.billard-club-sottevillais.com\/wp-content\/uploads\/2024\/11\/FM-Libre-N3-T2-La-Saussaye-Poule-A-24-11-2024-768x543.jpg 768w, https:\/\/www.billard-club-sottevillais.com\/wp-content\/uploads\/2024\/11\/FM-Libre-N3-T2-La-Saussaye-Poule-A-24-11-2024-1536x1086.jpg 1536w, https:\/\/www.billard-club-sottevillais.com\/wp-content\/uploads\/2024\/11\/FM-Libre-N3-T2-La-Saussaye-Poule-A-24-11-2024-rotated.jpg 1754w\" sizes=\"auto, (max-width: 706px) 89vw, (max-width: 767px) 82vw, 740px\" \/> <br \/><\/em><\/p>\n<h4 style=\"padding-left: 30px;\">Le pdf ici :\u00a0<em><a href=\"http:\/\/www.billard-club-sottevillais.com\/wp-content\/uploads\/2024\/11\/FM-Libre-N3-T2-La-Saussaye-Poule-A-24-11-2024.pdf\">FM Libre N3 T2 La Saussaye Poule A 24-11-2024<\/a><\/em><\/h4>\n\n\n<p><\/p>\n","protected":false},"excerpt":{"rendered":"<p>Le 2\u00e8me tour de libre N3 a eu lieu le 24 Novembre 2024 \u00e0 La Saussaye. Jacques Alexandre representait le BCS dans un tour \u00e0 3. Jacques avec une victoire et une d\u00e9faite termine 2\u00e8me derri\u00e8re Cyril Garreau de Louviers. Le pdf ici :\u00a0FM Libre N3 T2 La Saussaye Poule A 24-11-2024<\/p>\n","protected":false},"author":7,"featured_media":0,"parent":0,"menu_order":0,"comment_status":"closed","ping_status":"closed","template":"","meta":{"footnotes":""},"class_list":["post-15160","page","type-page","status-publish","hentry"],"_links":{"self":[{"href":"https:\/\/www.billard-club-sottevillais.com\/index.php?rest_route=\/wp\/v2\/pages\/15160","targetHints":{"allow":["GET"]}}],"collection":[{"href":"https:\/\/www.billard-club-sottevillais.com\/index.php?rest_route=\/wp\/v2\/pages"}],"about":[{"href":"https:\/\/www.billard-club-sottevillais.com\/index.php?rest_route=\/wp\/v2\/types\/page"}],"author":[{"embeddable":true,"href":"https:\/\/www.billard-club-sottevillais.com\/index.php?rest_route=\/wp\/v2\/users\/7"}],"replies":[{"embeddable":true,"href":"https:\/\/www.billard-club-sottevillais.com\/index.php?rest_route=%2Fwp%2Fv2%2Fcomments&post=15160"}],"version-history":[{"count":1,"href":"https:\/\/www.billard-club-sottevillais.com\/index.php?rest_route=\/wp\/v2\/pages\/15160\/revisions"}],"predecessor-version":[{"id":15164,"href":"https:\/\/www.billard-club-sottevillais.com\/index.php?rest_route=\/wp\/v2\/pages\/15160\/revisions\/15164"}],"wp:attachment":[{"href":"https:\/\/www.billard-club-sottevillais.com\/index.php?rest_route=%2Fwp%2Fv2%2Fmedia&parent=15160"}],"curies":[{"name":"wp","href":"https:\/\/api.w.org\/{rel}","templated":true}]}}