{"id":15144,"date":"2024-11-19T17:25:43","date_gmt":"2024-11-19T17:25:43","guid":{"rendered":"https:\/\/www.billard-club-sottevillais.com\/?page_id=15144"},"modified":"2024-11-19T17:25:43","modified_gmt":"2024-11-19T17:25:43","slug":"equipe-d4-19-novembre-2024","status":"publish","type":"page","link":"https:\/\/www.billard-club-sottevillais.com\/?page_id=15144","title":{"rendered":"Equipe D4 &#8211; 19 Novembre 2024"},"content":{"rendered":"<p style=\"text-align: justify;\">Le 19 Novembre 2024, notre \u00e9quipe D4 compos\u00e9e d&rsquo;Alain Rachet, Pascal Ippolito et Dominique Gueroult recevait Cany-Barville C.<\/p>\n<p style=\"text-align: justify;\">L&rsquo;\u00e9quipe de Sotteville s&rsquo;impose 10 \u00e0 8.<\/p>\n<p style=\"text-align: center;\"><img loading=\"lazy\" decoding=\"async\" class=\"aligncenter size-large wp-image-15145\" src=\"http:\/\/www.billard-club-sottevillais.com\/wp-content\/uploads\/2024\/11\/D4-Sotteville-A-Cany-C-19-11-24-724x1024.jpg\" alt=\"\" width=\"525\" height=\"743\" srcset=\"https:\/\/www.billard-club-sottevillais.com\/wp-content\/uploads\/2024\/11\/D4-Sotteville-A-Cany-C-19-11-24-724x1024.jpg 724w, https:\/\/www.billard-club-sottevillais.com\/wp-content\/uploads\/2024\/11\/D4-Sotteville-A-Cany-C-19-11-24-212x300.jpg 212w, https:\/\/www.billard-club-sottevillais.com\/wp-content\/uploads\/2024\/11\/D4-Sotteville-A-Cany-C-19-11-24-768x1086.jpg 768w, https:\/\/www.billard-club-sottevillais.com\/wp-content\/uploads\/2024\/11\/D4-Sotteville-A-Cany-C-19-11-24-1086x1536.jpg 1086w, https:\/\/www.billard-club-sottevillais.com\/wp-content\/uploads\/2024\/11\/D4-Sotteville-A-Cany-C-19-11-24.jpg 1240w\" sizes=\"auto, (max-width: 525px) 100vw, 525px\" \/><\/p>\n<h4 style=\"padding-left: 30px;\">Le pdf ici : <a href=\"http:\/\/www.billard-club-sottevillais.com\/wp-content\/uploads\/2024\/11\/PL-D4-Sotteville-A-Cany-C-19-11-24.pdf\">PL D4 Sotteville A -Cany C 19-11-24<\/a><\/h4>\n\n\n<p><\/p>\n","protected":false},"excerpt":{"rendered":"<p>Le 19 Novembre 2024, notre \u00e9quipe D4 compos\u00e9e d&rsquo;Alain Rachet, Pascal Ippolito et Dominique Gueroult recevait Cany-Barville C. L&rsquo;\u00e9quipe de Sotteville s&rsquo;impose 10 \u00e0 8. Le pdf ici : PL D4 Sotteville A -Cany C 19-11-24<\/p>\n","protected":false},"author":7,"featured_media":0,"parent":0,"menu_order":0,"comment_status":"closed","ping_status":"closed","template":"","meta":{"footnotes":""},"class_list":["post-15144","page","type-page","status-publish","hentry"],"_links":{"self":[{"href":"https:\/\/www.billard-club-sottevillais.com\/index.php?rest_route=\/wp\/v2\/pages\/15144","targetHints":{"allow":["GET"]}}],"collection":[{"href":"https:\/\/www.billard-club-sottevillais.com\/index.php?rest_route=\/wp\/v2\/pages"}],"about":[{"href":"https:\/\/www.billard-club-sottevillais.com\/index.php?rest_route=\/wp\/v2\/types\/page"}],"author":[{"embeddable":true,"href":"https:\/\/www.billard-club-sottevillais.com\/index.php?rest_route=\/wp\/v2\/users\/7"}],"replies":[{"embeddable":true,"href":"https:\/\/www.billard-club-sottevillais.com\/index.php?rest_route=%2Fwp%2Fv2%2Fcomments&post=15144"}],"version-history":[{"count":1,"href":"https:\/\/www.billard-club-sottevillais.com\/index.php?rest_route=\/wp\/v2\/pages\/15144\/revisions"}],"predecessor-version":[{"id":15147,"href":"https:\/\/www.billard-club-sottevillais.com\/index.php?rest_route=\/wp\/v2\/pages\/15144\/revisions\/15147"}],"wp:attachment":[{"href":"https:\/\/www.billard-club-sottevillais.com\/index.php?rest_route=%2Fwp%2Fv2%2Fmedia&parent=15144"}],"curies":[{"name":"wp","href":"https:\/\/api.w.org\/{rel}","templated":true}]}}